{"id":14,"date":"2023-09-06T12:58:59","date_gmt":"2023-09-06T11:58:59","guid":{"rendered":"https:\/\/new.modernnomad.eu\/?page_id=14"},"modified":"2025-06-11T10:01:26","modified_gmt":"2025-06-11T07:01:26","slug":"refund-policy","status":"publish","type":"page","link":"https:\/\/modernranger.eu\/lv\/refund-policy\/","title":{"rendered":"Atmaksas politika"},"content":{"rendered":"<section class=\"vc_row vc_custom_1694000745418 liquid-row-shadowbox-69ff2d28a1913\"><div class=\"ld-container container\"><div class=\"row ld-row ld-row-outer\"><div class=\"wpb_column vc_column_container vc_col-sm-8 vc_col-md-offset-2 vc_col-md-8 liquid-column-69ff2d28a1f79\"><div class=\"vc_column-inner\" ><div class=\"wpb_wrapper\"  ><style>.ld_fancy_heading_69ff2d28a20c9 p {margin-bottom:2em !important;  } .ld_fancy_heading_69ff2d28a20c9 .lqd-highlight-inner{height:0.275em!important;bottom:0px!important;}.ld_fancy_heading_69ff2d28a20c9 p {margin-bottom:2em !important;  } <\/style><div class=\"ld-fancy-heading ld_fancy_heading_69ff2d28a20c9\">\n\t<p class=\"ld-fh-element lqd-highlight-underline lqd-highlight-grow-left text-decoration-default\"   >  Mums ir 30 dienu atgrie\u0161anas politika, kas noz\u012bm\u0113, ka jums ir 30 dienas p\u0113c preces sa\u0146em\u0161anas, lai piepras\u012btu atgrie\u0161anu.<\/p>\n<p>Lai var\u0113tu sa\u0146emt atgrie\u0161anu, j\u016bsu precei ir j\u0101b\u016bt t\u0101d\u0101 pa\u0161\u0101 st\u0101vokl\u012b, k\u0101d\u0101 to sa\u0146\u0113m\u0101t, nevalk\u0101tu vai neizmantotu, ar atz\u012bm\u0113m un t\u0101s ori\u0123in\u0101laj\u0101 iepakojum\u0101. Jums b\u016bs nepiecie\u0161ama ar\u012b pirkuma kv\u012bts vai apliecin\u0101jums.<\/p>\n<p>Lai s\u0101ktu atgrie\u0161anos, varat sazin\u0101ties ar mums <a href=\"mailto:info@modernranger.eu\">info@modernranger.eu<\/a>. Ja j\u016bsu atgrie\u0161ana tiks pie\u0146emta, jums pa\u0161am b\u016bs j\u0101izprint\u0113 atpaka\u013cnos\u016bt\u0101m\u0101s pieg\u0101des uzl\u012bmi. Preces, kas mums nos\u016bt\u012btas atpaka\u013c, iepriek\u0161 nepieprasot atgrie\u0161anu, netiks pie\u0146emtas.<\/p>\n<p>J\u016bs vienm\u0113r varat sazin\u0101ties ar mums, lai sa\u0146emtu jebkuru atgrie\u0161anas jaut\u0101jumu <a href=\"mailto:info@modernranger.eu\">info@modernranger.eu<\/a>.<\/p><\/div><style>.ld_fancy_heading_69ff2d28a2487 h2 {font-size:14px; } .ld_fancy_heading_69ff2d28a2487 h2 {font-weight:700; } .ld_fancy_heading_69ff2d28a2487 h2 {letter-spacing:0.1em; } .ld_fancy_heading_69ff2d28a2487 h2 {margin-bottom:2em !important;  } #shipping .lqd-highlight-inner{height:0.275em!important;bottom:0px!important;}.ld_fancy_heading_69ff2d28a2487 h2 {font-size:14px; } .ld_fancy_heading_69ff2d28a2487 h2 {font-weight:700; } .ld_fancy_heading_69ff2d28a2487 h2 {letter-spacing:0.1em; } .ld_fancy_heading_69ff2d28a2487 h2 {margin-bottom:2em !important;  } <\/style><div id=\"shipping\" class=\"ld-fancy-heading text-uppercase ld_fancy_heading_69ff2d28a2487\">\n\t<h2 class=\"ld-fh-element lqd-highlight-underline lqd-highlight-grow-left text-decoration-default\"   >  Zaud\u0113jumi un probl\u0113mas<\/h2><\/div><style>.ld_fancy_heading_69ff2d28a2608 p {margin-bottom:2em !important;  } .ld_fancy_heading_69ff2d28a2608 .lqd-highlight-inner{height:0.275em!important;bottom:0px!important;}.ld_fancy_heading_69ff2d28a2608 p {margin-bottom:2em !important;  } <\/style><div class=\"ld-fancy-heading ld_fancy_heading_69ff2d28a2608\">\n\t<p class=\"ld-fh-element lqd-highlight-underline lqd-highlight-grow-left text-decoration-default\"   >  L\u016bdzu, p\u0101rbaudiet savu pas\u016bt\u012bjumu sa\u0146em\u0161anas laik\u0101 un nekav\u0113joties sazinieties ar mums, ja prece ir boj\u0101ta, boj\u0101ta vai sa\u0146emat nepareizu preci, lai m\u0113s var\u0113tu nov\u0113rt\u0113t jaut\u0101jumu un to izdar\u012bt pareizi.<\/p><\/div><style>.ld_fancy_heading_69ff2d28a2775 h2 {font-size:14px; } .ld_fancy_heading_69ff2d28a2775 h2 {font-weight:700; } .ld_fancy_heading_69ff2d28a2775 h2 {letter-spacing:0.1em; } .ld_fancy_heading_69ff2d28a2775 h2 {margin-bottom:2em !important;  } #return-policy .lqd-highlight-inner{height:0.275em!important;bottom:0px!important;}.ld_fancy_heading_69ff2d28a2775 h2 {font-size:14px; } .ld_fancy_heading_69ff2d28a2775 h2 {font-weight:700; } .ld_fancy_heading_69ff2d28a2775 h2 {letter-spacing:0.1em; } .ld_fancy_heading_69ff2d28a2775 h2 {margin-bottom:2em !important;  } <\/style><div id=\"return-policy\" class=\"ld-fancy-heading text-uppercase ld_fancy_heading_69ff2d28a2775\">\n\t<h2 class=\"ld-fh-element lqd-highlight-underline lqd-highlight-grow-left text-decoration-default\"   >  Iz\u0146\u0113mumi \/ neatgrie\u017eami priek\u0161meti<\/h2><\/div><style>.ld_fancy_heading_69ff2d28a28e7 .lqd-highlight-inner{height:0.275em!important;bottom:0px!important;}<\/style><div class=\"ld-fancy-heading ld_fancy_heading_69ff2d28a28e7\">\n\t<p class=\"ld-fh-element lqd-highlight-underline lqd-highlight-grow-left text-decoration-default\"   >  Da\u017eus priek\u0161metu veidus nevar atgriezt, piem\u0113ram, \u0101trboj\u012bgas preces (piem\u0113ram, p\u0101rtiku, ziedus vai augus), piel\u0101gotus produktus (piem\u0113ram, \u012bpa\u0161us pas\u016bt\u012bjumus vai personaliz\u0113tus priek\u0161metus) un person\u012bg\u0101s higi\u0113nas preces (piem\u0113ram, skaistumkop\u0161anas l\u012bdzek\u013cus). M\u0113s nepie\u0146emam ar\u012b b\u012bstamu materi\u0101lu, uzliesmojo\u0161u \u0161\u0137idrumu vai g\u0101zu atdevi. L\u016bdzu, sazinieties ar jums, ja jums ir jaut\u0101jumi vai ba\u017eas par savu konkr\u0113to preci.<\/p>\n<p>Diem\u017e\u0113l m\u0113s nevaram pie\u0146emt pre\u010du vai d\u0101vanu kar\u0161u atgrie\u0161anos.<\/p><\/div><style>.ld_fancy_heading_69ff2d28a2a60 h2 {font-size:14px; } .ld_fancy_heading_69ff2d28a2a60 h2 {font-weight:700; } .ld_fancy_heading_69ff2d28a2a60 h2 {letter-spacing:0.1em; } .ld_fancy_heading_69ff2d28a2a60 h2 {margin-bottom:2em !important;  } #product-delivery .lqd-highlight-inner{height:0.275em!important;bottom:0px!important;}.ld_fancy_heading_69ff2d28a2a60 h2 {font-size:14px; } .ld_fancy_heading_69ff2d28a2a60 h2 {font-weight:700; } .ld_fancy_heading_69ff2d28a2a60 h2 {letter-spacing:0.1em; } .ld_fancy_heading_69ff2d28a2a60 h2 {margin-bottom:2em !important;  } <\/style><div id=\"product-delivery\" class=\"ld-fancy-heading text-uppercase ld_fancy_heading_69ff2d28a2a60\">\n\t<h2 class=\"ld-fh-element lqd-highlight-underline lqd-highlight-grow-left text-decoration-default\"   >  Apmai\u0146as<\/h2><\/div><style>.ld_fancy_heading_69ff2d28a2bd0 p {margin-bottom:2em !important;  } .ld_fancy_heading_69ff2d28a2bd0 .lqd-highlight-inner{height:0.275em!important;bottom:0px!important;}.ld_fancy_heading_69ff2d28a2bd0 p {margin-bottom:2em !important;  } <\/style><div class=\"ld-fancy-heading ld_fancy_heading_69ff2d28a2bd0\">\n\t<p class=\"ld-fh-element lqd-highlight-underline lqd-highlight-grow-left text-decoration-default\"   >  \u0100tr\u0101kais veids, k\u0101 nodro\u0161in\u0101t, ka sa\u0146emat to, ko v\u0113laties, ir atgriezt preci, kas jums ir, un, kad atgrie\u0161ana ir pie\u0146emta, veikt atsevi\u0161\u0137u pirkumu jaunajai precei.<\/p><\/div><style>.ld_fancy_heading_69ff2d28a2d3a h2 {font-size:14px; } .ld_fancy_heading_69ff2d28a2d3a h2 {font-weight:700; } .ld_fancy_heading_69ff2d28a2d3a h2 {letter-spacing:0.1em; } .ld_fancy_heading_69ff2d28a2d3a h2 {margin-bottom:2em !important;  } #product-delivery .lqd-highlight-inner{height:0.275em!important;bottom:0px!important;}.ld_fancy_heading_69ff2d28a2d3a h2 {font-size:14px; } .ld_fancy_heading_69ff2d28a2d3a h2 {font-weight:700; } .ld_fancy_heading_69ff2d28a2d3a h2 {letter-spacing:0.1em; } .ld_fancy_heading_69ff2d28a2d3a h2 {margin-bottom:2em !important;  } <\/style><div id=\"product-delivery\" class=\"ld-fancy-heading text-uppercase ld_fancy_heading_69ff2d28a2d3a\">\n\t<h2 class=\"ld-fh-element lqd-highlight-underline lqd-highlight-grow-left text-decoration-default\"   >  Kompens\u0101cijas<\/h2><\/div><style>.ld_fancy_heading_69ff2d28a2ec4 p {margin-bottom:2em !important;  } .ld_fancy_heading_69ff2d28a2ec4 .lqd-highlight-inner{height:0.275em!important;bottom:0px!important;}.ld_fancy_heading_69ff2d28a2ec4 p {margin-bottom:2em !important;  } <\/style><div class=\"ld-fancy-heading ld_fancy_heading_69ff2d28a2ec4\">\n\t<p class=\"ld-fh-element lqd-highlight-underline lqd-highlight-grow-left text-decoration-default\"   >  M\u0113s j\u016bs inform\u0113sim, kad b\u016bsim sa\u0146\u0113mu\u0161i un p\u0101rbaud\u012bju\u0161i j\u016bsu atgrie\u0161anu, un inform\u0113sim j\u016bs par to, vai atmaksa ir apstiprin\u0101ta vai n\u0113. Ja tas tiks apstiprin\u0101ts, jums tiks autom\u0101tiski atmaks\u0101ts s\u0101kotn\u0113jais maks\u0101juma veids. L\u016bdzu, atcerieties, ka var paiet zin\u0101ms laiks, l\u012bdz j\u016bsu banka vai kred\u012btkartes uz\u0146\u0113mums apstr\u0101d\u0101s un ar\u012b ievietos atmaksu.<\/p><\/div><\/div><\/div><\/div><\/div><\/div><\/section>","protected":false},"excerpt":{"rendered":"We have a 30-day return policy, which means you have 30 days after receiving your item to request a return. To be eligible for a return, your item must be in the same condition that you received it, unworn or unused, with tags, and in its original packaging. You\u2019ll also need the receipt or proof [...]","protected":false},"author":1,"featured_media":0,"parent":0,"menu_order":0,"comment_status":"closed","ping_status":"closed","template":"","meta":{"footnotes":""},"class_list":["post-14","page","type-page","status-publish","hentry"],"yoast_head":"<!-- This site is optimized with the Yoast SEO plugin v27.5 - https:\/\/yoast.com\/product\/yoast-seo-wordpress\/ -->\n<title>Refund Policy &#8211; Modern Ranger<\/title>\n<meta name=\"robots\" content=\"index, follow, max-snippet:-1, max-image-preview:large, max-video-preview:-1\" \/>\n<link rel=\"canonical\" href=\"https:\/\/modernranger.eu\/lv\/refund-policy\/\" \/>\n<meta property=\"og:locale\" content=\"lv_LV\" \/>\n<meta property=\"og:type\" content=\"article\" \/>\n<meta property=\"og:title\" content=\"Refund Policy &#8211; Modern Ranger\" \/>\n<meta property=\"og:url\" content=\"https:\/\/modernranger.eu\/lv\/refund-policy\/\" \/>\n<meta property=\"og:site_name\" content=\"Modern Ranger\" \/>\n<meta property=\"article:publisher\" content=\"https:\/\/www.facebook.com\/modernnomadlatvia\" \/>\n<meta property=\"article:modified_time\" content=\"2025-06-11T07:01:26+00:00\" \/>\n<meta property=\"og:image\" content=\"https:\/\/modernranger.eu\/wp-content\/uploads\/2023\/09\/ModernNomad_Hammock.jpg\" \/>\n\t<meta property=\"og:image:width\" content=\"1200\" \/>\n\t<meta property=\"og:image:height\" content=\"800\" \/>\n\t<meta property=\"og:image:type\" content=\"image\/jpeg\" \/>\n<meta name=\"twitter:card\" content=\"summary_large_image\" \/>\n<meta name=\"twitter:label1\" content=\"Est. reading time\" \/>\n\t<meta name=\"twitter:data1\" content=\"2 min\u016btes\" \/>\n<script type=\"application\/ld+json\" class=\"yoast-schema-graph\">{\"@context\":\"https:\\\/\\\/schema.org\",\"@graph\":[{\"@type\":\"WebPage\",\"@id\":\"https:\\\/\\\/modernranger.eu\\\/refund-policy\\\/\",\"url\":\"https:\\\/\\\/modernranger.eu\\\/refund-policy\\\/\",\"name\":\"Refund Policy &#8211; Modern Ranger\",\"isPartOf\":{\"@id\":\"https:\\\/\\\/modernranger.eu\\\/#website\"},\"datePublished\":\"2023-09-06T11:58:59+00:00\",\"dateModified\":\"2025-06-11T07:01:26+00:00\",\"breadcrumb\":{\"@id\":\"https:\\\/\\\/modernranger.eu\\\/refund-policy\\\/#breadcrumb\"},\"inLanguage\":\"lv-LV\",\"potentialAction\":[{\"@type\":\"ReadAction\",\"target\":[\"https:\\\/\\\/modernranger.eu\\\/refund-policy\\\/\"]}]},{\"@type\":\"BreadcrumbList\",\"@id\":\"https:\\\/\\\/modernranger.eu\\\/refund-policy\\\/#breadcrumb\",\"itemListElement\":[{\"@type\":\"ListItem\",\"position\":1,\"name\":\"Home\",\"item\":\"https:\\\/\\\/modernranger.eu\\\/\"},{\"@type\":\"ListItem\",\"position\":2,\"name\":\"Refund Policy\"}]},{\"@type\":\"WebSite\",\"@id\":\"https:\\\/\\\/modernranger.eu\\\/#website\",\"url\":\"https:\\\/\\\/modernranger.eu\\\/\",\"name\":\"Modern Ranger\",\"description\":\"Ultralight hammock &amp; tarp systems for Northern Europe conditions\",\"publisher\":{\"@id\":\"https:\\\/\\\/modernranger.eu\\\/#organization\"},\"potentialAction\":[{\"@type\":\"SearchAction\",\"target\":{\"@type\":\"EntryPoint\",\"urlTemplate\":\"https:\\\/\\\/modernranger.eu\\\/?s={search_term_string}\"},\"query-input\":{\"@type\":\"PropertyValueSpecification\",\"valueRequired\":true,\"valueName\":\"search_term_string\"}}],\"inLanguage\":\"lv-LV\"},{\"@type\":\"Organization\",\"@id\":\"https:\\\/\\\/modernranger.eu\\\/#organization\",\"name\":\"ModernNomad\",\"url\":\"https:\\\/\\\/modernranger.eu\\\/\",\"logo\":{\"@type\":\"ImageObject\",\"inLanguage\":\"lv-LV\",\"@id\":\"https:\\\/\\\/modernranger.eu\\\/#\\\/schema\\\/logo\\\/image\\\/\",\"url\":\"https:\\\/\\\/modernranger.eu\\\/wp-content\\\/uploads\\\/2025\\\/06\\\/favicon_ranger.png\",\"contentUrl\":\"https:\\\/\\\/modernranger.eu\\\/wp-content\\\/uploads\\\/2025\\\/06\\\/favicon_ranger.png\",\"width\":512,\"height\":512,\"caption\":\"ModernNomad\"},\"image\":{\"@id\":\"https:\\\/\\\/modernranger.eu\\\/#\\\/schema\\\/logo\\\/image\\\/\"},\"sameAs\":[\"https:\\\/\\\/www.facebook.com\\\/modernnomadlatvia\"]}]}<\/script>\n<!-- \/ Yoast SEO plugin. -->","yoast_head_json":{"title":"Refund Policy &#8211; Modern Ranger","robots":{"index":"index","follow":"follow","max-snippet":"max-snippet:-1","max-image-preview":"max-image-preview:large","max-video-preview":"max-video-preview:-1"},"canonical":"https:\/\/modernranger.eu\/lv\/refund-policy\/","og_locale":"lv_LV","og_type":"article","og_title":"Refund Policy &#8211; Modern Ranger","og_url":"https:\/\/modernranger.eu\/lv\/refund-policy\/","og_site_name":"Modern Ranger","article_publisher":"https:\/\/www.facebook.com\/modernnomadlatvia","article_modified_time":"2025-06-11T07:01:26+00:00","og_image":[{"width":1200,"height":800,"url":"https:\/\/modernranger.eu\/wp-content\/uploads\/2023\/09\/ModernNomad_Hammock.jpg","type":"image\/jpeg"}],"twitter_card":"summary_large_image","twitter_misc":{"Est. reading time":"2 min\u016btes"},"schema":{"@context":"https:\/\/schema.org","@graph":[{"@type":"WebPage","@id":"https:\/\/modernranger.eu\/refund-policy\/","url":"https:\/\/modernranger.eu\/refund-policy\/","name":"Refund Policy &#8211; Modern Ranger","isPartOf":{"@id":"https:\/\/modernranger.eu\/#website"},"datePublished":"2023-09-06T11:58:59+00:00","dateModified":"2025-06-11T07:01:26+00:00","breadcrumb":{"@id":"https:\/\/modernranger.eu\/refund-policy\/#breadcrumb"},"inLanguage":"lv-LV","potentialAction":[{"@type":"ReadAction","target":["https:\/\/modernranger.eu\/refund-policy\/"]}]},{"@type":"BreadcrumbList","@id":"https:\/\/modernranger.eu\/refund-policy\/#breadcrumb","itemListElement":[{"@type":"ListItem","position":1,"name":"Home","item":"https:\/\/modernranger.eu\/"},{"@type":"ListItem","position":2,"name":"Refund Policy"}]},{"@type":"WebSite","@id":"https:\/\/modernranger.eu\/#website","url":"https:\/\/modernranger.eu\/","name":"Modern Ranger","description":"Ultralight hammock &amp; tarp systems for Northern Europe conditions","publisher":{"@id":"https:\/\/modernranger.eu\/#organization"},"potentialAction":[{"@type":"SearchAction","target":{"@type":"EntryPoint","urlTemplate":"https:\/\/modernranger.eu\/?s={search_term_string}"},"query-input":{"@type":"PropertyValueSpecification","valueRequired":true,"valueName":"search_term_string"}}],"inLanguage":"lv-LV"},{"@type":"Organization","@id":"https:\/\/modernranger.eu\/#organization","name":"ModernNomad","url":"https:\/\/modernranger.eu\/","logo":{"@type":"ImageObject","inLanguage":"lv-LV","@id":"https:\/\/modernranger.eu\/#\/schema\/logo\/image\/","url":"https:\/\/modernranger.eu\/wp-content\/uploads\/2025\/06\/favicon_ranger.png","contentUrl":"https:\/\/modernranger.eu\/wp-content\/uploads\/2025\/06\/favicon_ranger.png","width":512,"height":512,"caption":"ModernNomad"},"image":{"@id":"https:\/\/modernranger.eu\/#\/schema\/logo\/image\/"},"sameAs":["https:\/\/www.facebook.com\/modernnomadlatvia"]}]}},"_links":{"self":[{"href":"https:\/\/modernranger.eu\/lv\/wp-json\/wp\/v2\/pages\/14","targetHints":{"allow":["GET"]}}],"collection":[{"href":"https:\/\/modernranger.eu\/lv\/wp-json\/wp\/v2\/pages"}],"about":[{"href":"https:\/\/modernranger.eu\/lv\/wp-json\/wp\/v2\/types\/page"}],"author":[{"embeddable":true,"href":"https:\/\/modernranger.eu\/lv\/wp-json\/wp\/v2\/users\/1"}],"replies":[{"embeddable":true,"href":"https:\/\/modernranger.eu\/lv\/wp-json\/wp\/v2\/comments?post=14"}],"version-history":[{"count":1,"href":"https:\/\/modernranger.eu\/lv\/wp-json\/wp\/v2\/pages\/14\/revisions"}],"predecessor-version":[{"id":7584,"href":"https:\/\/modernranger.eu\/lv\/wp-json\/wp\/v2\/pages\/14\/revisions\/7584"}],"wp:attachment":[{"href":"https:\/\/modernranger.eu\/lv\/wp-json\/wp\/v2\/media?parent=14"}],"curies":[{"name":"wp","href":"https:\/\/api.w.org\/{rel}","templated":true}]}}