{"id":5297,"date":"2023-09-06T14:22:54","date_gmt":"2023-09-06T13:22:54","guid":{"rendered":"https:\/\/new.modernnomad.eu\/?page_id=5297"},"modified":"2025-09-12T11:32:09","modified_gmt":"2025-09-12T08:32:09","slug":"warranty","status":"publish","type":"page","link":"https:\/\/modernranger.eu\/lv\/warranty\/","title":{"rendered":"Garantija"},"content":{"rendered":"<section class=\"vc_row vc_custom_1694000745418 liquid-row-shadowbox-69ff2de9bec13\"><div class=\"ld-container container\"><div class=\"row ld-row ld-row-outer\"><div class=\"wpb_column vc_column_container vc_col-sm-8 vc_col-md-offset-2 vc_col-md-8 liquid-column-69ff2de9c273e\"><div class=\"vc_column-inner\" ><div class=\"wpb_wrapper\"  ><style>.ld_fancy_heading_69ff2de9c2899 p {margin-bottom:2em !important;  } .ld_fancy_heading_69ff2de9c2899 .lqd-highlight-inner{height:0.275em!important;bottom:0px!important;}.ld_fancy_heading_69ff2de9c2899 p {margin-bottom:2em !important;  } <\/style><div class=\"ld-fancy-heading ld_fancy_heading_69ff2de9c2899\">\n\t<p class=\"ld-fh-element lqd-highlight-underline lqd-highlight-grow-left text-decoration-default\"   >  ModernNomad produktiem (\u0161\u016bpu\u013ct\u012bkls, mosk\u012btu t\u012bkls, telts) ir 5 gadu garantija pret ra\u017eo\u0161anu un materi\u0101lu defektiem.<\/p>\n<p>M\u0113s p\u0101rliecin\u0101mies, ka m\u016bsu klientus sasniedz tikai tie produkti, kas ir r\u016bp\u012bgi p\u0101rbaud\u012bti m\u016bsu darbn\u012bc\u0101. Tom\u0113r, ja paman\u0101t k\u0101du defektu vai boj\u0101jumu, jums j\u0101p\u0101rtrauc produkta lieto\u0161ana, lai nov\u0113rstu turpm\u0101ku boj\u0101jumu vai defektu att\u012bst\u012bbu, un j\u0101sazin\u0101s ar mums, lai vienotos par produkta remontu vai nomai\u0146u.<\/p>\n<p>Garantijas pieteikums j\u0101iesniedz uz m\u016bsu ofici\u0101lo e-pastu: <a href=\"mailto:info@modernranger.eu\" target=\"_blank\" rel=\"noopener\">info@modernranger.eu<\/a> , aprakstot probl\u0113mu un pievienojot fotoatt\u0113lus vai video, lai m\u0113s p\u0113c iesp\u0113jas \u0101tr\u0101k var\u0113tu nov\u0113rt\u0113t probl\u0113mu un pied\u0101v\u0101t risin\u0101jumu.<\/p>\n<p><strong>PLEASE NOTE<\/strong> that the warranty only covers manufacturing defects and does not cover:<\/p>\n<p>1. UV staru iedarb\u012bba (veicina materi\u0101la izbal\u0113\u0161anu un trauslu l\u016bzumu)<br \/>\n2. Nejau\u0161i boj\u0101jumi (ko izrais\u012bjis v\u0113j\u0161, ugunsgr\u0113ks vai dz\u012bvnieki)<br \/>\n3. Nepareiza kop\u0161ana vai lieto\u0161ana (\u0161\u016bpu\u013ct\u012bkla piek\u0101r\u0161ana virs 50 cm, izmantojot asus priek\u0161metus, kas p\u0101rsniedz maksim\u0101lo svaru 250 kg, lekt)<br \/>\n4. Produktu dabiskais nodilums<br \/>\n5. \u2060Failure of zipper<\/p>\n<p>Lai ieg\u016btu vair\u0101k inform\u0101cijas par to, k\u0101 uztur\u0113t j\u016bsu apr\u012bkojumu lab\u0101 st\u0101vokl\u012b, l\u016bdzu, apmekl\u0113jiet m\u016bsu <a href=\"https:\/\/new.modernnomad.eu\/help-center\/\">Atbalsta centrs<\/a> lapu<\/p><\/div><\/div><\/div><\/div><\/div><\/div><\/section>","protected":false},"excerpt":{"rendered":"ModernNomad products (hammock, mosquito net, tent) have a 5-year warranty against manufacturing and material defects. We make sure that only products that have been thoroughly tested in our workshop reach our customers. However, if you notice any defect or damage, you must stop using the product to prevent further damage or defect from developing, and [...]","protected":false},"author":1,"featured_media":0,"parent":0,"menu_order":0,"comment_status":"closed","ping_status":"closed","template":"","meta":{"footnotes":""},"class_list":["post-5297","page","type-page","status-publish","hentry"],"yoast_head":"<!-- This site is optimized with the Yoast SEO plugin v27.5 - https:\/\/yoast.com\/product\/yoast-seo-wordpress\/ -->\n<title>Warranty &#8211; Modern Ranger<\/title>\n<meta name=\"robots\" content=\"index, follow, max-snippet:-1, max-image-preview:large, max-video-preview:-1\" \/>\n<link rel=\"canonical\" href=\"https:\/\/modernranger.eu\/lv\/warranty\/\" \/>\n<meta property=\"og:locale\" content=\"lv_LV\" \/>\n<meta property=\"og:type\" content=\"article\" \/>\n<meta property=\"og:title\" content=\"Warranty &#8211; Modern Ranger\" \/>\n<meta property=\"og:url\" content=\"https:\/\/modernranger.eu\/lv\/warranty\/\" \/>\n<meta property=\"og:site_name\" content=\"Modern Ranger\" \/>\n<meta property=\"article:publisher\" content=\"https:\/\/www.facebook.com\/modernnomadlatvia\" \/>\n<meta property=\"article:modified_time\" content=\"2025-09-12T08:32:09+00:00\" \/>\n<meta property=\"og:image\" content=\"https:\/\/modernranger.eu\/wp-content\/uploads\/2023\/09\/ModernNomad_Hammock.jpg\" \/>\n\t<meta property=\"og:image:width\" content=\"1200\" \/>\n\t<meta property=\"og:image:height\" content=\"800\" \/>\n\t<meta property=\"og:image:type\" content=\"image\/jpeg\" \/>\n<meta name=\"twitter:card\" content=\"summary_large_image\" \/>\n<meta name=\"twitter:label1\" content=\"Est. reading time\" \/>\n\t<meta name=\"twitter:data1\" content=\"1 min\u016bte\" \/>\n<script type=\"application\/ld+json\" class=\"yoast-schema-graph\">{\"@context\":\"https:\\\/\\\/schema.org\",\"@graph\":[{\"@type\":\"WebPage\",\"@id\":\"https:\\\/\\\/modernranger.eu\\\/warranty\\\/\",\"url\":\"https:\\\/\\\/modernranger.eu\\\/warranty\\\/\",\"name\":\"Warranty &#8211; Modern Ranger\",\"isPartOf\":{\"@id\":\"https:\\\/\\\/modernranger.eu\\\/#website\"},\"datePublished\":\"2023-09-06T13:22:54+00:00\",\"dateModified\":\"2025-09-12T08:32:09+00:00\",\"breadcrumb\":{\"@id\":\"https:\\\/\\\/modernranger.eu\\\/warranty\\\/#breadcrumb\"},\"inLanguage\":\"lv-LV\",\"potentialAction\":[{\"@type\":\"ReadAction\",\"target\":[\"https:\\\/\\\/modernranger.eu\\\/warranty\\\/\"]}]},{\"@type\":\"BreadcrumbList\",\"@id\":\"https:\\\/\\\/modernranger.eu\\\/warranty\\\/#breadcrumb\",\"itemListElement\":[{\"@type\":\"ListItem\",\"position\":1,\"name\":\"Home\",\"item\":\"https:\\\/\\\/modernranger.eu\\\/\"},{\"@type\":\"ListItem\",\"position\":2,\"name\":\"Warranty\"}]},{\"@type\":\"WebSite\",\"@id\":\"https:\\\/\\\/modernranger.eu\\\/#website\",\"url\":\"https:\\\/\\\/modernranger.eu\\\/\",\"name\":\"Modern Ranger\",\"description\":\"Ultralight hammock &amp; tarp systems for Northern Europe conditions\",\"publisher\":{\"@id\":\"https:\\\/\\\/modernranger.eu\\\/#organization\"},\"potentialAction\":[{\"@type\":\"SearchAction\",\"target\":{\"@type\":\"EntryPoint\",\"urlTemplate\":\"https:\\\/\\\/modernranger.eu\\\/?s={search_term_string}\"},\"query-input\":{\"@type\":\"PropertyValueSpecification\",\"valueRequired\":true,\"valueName\":\"search_term_string\"}}],\"inLanguage\":\"lv-LV\"},{\"@type\":\"Organization\",\"@id\":\"https:\\\/\\\/modernranger.eu\\\/#organization\",\"name\":\"ModernNomad\",\"url\":\"https:\\\/\\\/modernranger.eu\\\/\",\"logo\":{\"@type\":\"ImageObject\",\"inLanguage\":\"lv-LV\",\"@id\":\"https:\\\/\\\/modernranger.eu\\\/#\\\/schema\\\/logo\\\/image\\\/\",\"url\":\"https:\\\/\\\/modernranger.eu\\\/wp-content\\\/uploads\\\/2025\\\/06\\\/favicon_ranger.png\",\"contentUrl\":\"https:\\\/\\\/modernranger.eu\\\/wp-content\\\/uploads\\\/2025\\\/06\\\/favicon_ranger.png\",\"width\":512,\"height\":512,\"caption\":\"ModernNomad\"},\"image\":{\"@id\":\"https:\\\/\\\/modernranger.eu\\\/#\\\/schema\\\/logo\\\/image\\\/\"},\"sameAs\":[\"https:\\\/\\\/www.facebook.com\\\/modernnomadlatvia\"]}]}<\/script>\n<!-- \/ Yoast SEO plugin. -->","yoast_head_json":{"title":"Warranty &#8211; Modern Ranger","robots":{"index":"index","follow":"follow","max-snippet":"max-snippet:-1","max-image-preview":"max-image-preview:large","max-video-preview":"max-video-preview:-1"},"canonical":"https:\/\/modernranger.eu\/lv\/warranty\/","og_locale":"lv_LV","og_type":"article","og_title":"Warranty &#8211; Modern Ranger","og_url":"https:\/\/modernranger.eu\/lv\/warranty\/","og_site_name":"Modern Ranger","article_publisher":"https:\/\/www.facebook.com\/modernnomadlatvia","article_modified_time":"2025-09-12T08:32:09+00:00","og_image":[{"width":1200,"height":800,"url":"https:\/\/modernranger.eu\/wp-content\/uploads\/2023\/09\/ModernNomad_Hammock.jpg","type":"image\/jpeg"}],"twitter_card":"summary_large_image","twitter_misc":{"Est. reading time":"1 min\u016bte"},"schema":{"@context":"https:\/\/schema.org","@graph":[{"@type":"WebPage","@id":"https:\/\/modernranger.eu\/warranty\/","url":"https:\/\/modernranger.eu\/warranty\/","name":"Warranty &#8211; Modern Ranger","isPartOf":{"@id":"https:\/\/modernranger.eu\/#website"},"datePublished":"2023-09-06T13:22:54+00:00","dateModified":"2025-09-12T08:32:09+00:00","breadcrumb":{"@id":"https:\/\/modernranger.eu\/warranty\/#breadcrumb"},"inLanguage":"lv-LV","potentialAction":[{"@type":"ReadAction","target":["https:\/\/modernranger.eu\/warranty\/"]}]},{"@type":"BreadcrumbList","@id":"https:\/\/modernranger.eu\/warranty\/#breadcrumb","itemListElement":[{"@type":"ListItem","position":1,"name":"Home","item":"https:\/\/modernranger.eu\/"},{"@type":"ListItem","position":2,"name":"Warranty"}]},{"@type":"WebSite","@id":"https:\/\/modernranger.eu\/#website","url":"https:\/\/modernranger.eu\/","name":"Modern Ranger","description":"Ultralight hammock &amp; tarp systems for Northern Europe conditions","publisher":{"@id":"https:\/\/modernranger.eu\/#organization"},"potentialAction":[{"@type":"SearchAction","target":{"@type":"EntryPoint","urlTemplate":"https:\/\/modernranger.eu\/?s={search_term_string}"},"query-input":{"@type":"PropertyValueSpecification","valueRequired":true,"valueName":"search_term_string"}}],"inLanguage":"lv-LV"},{"@type":"Organization","@id":"https:\/\/modernranger.eu\/#organization","name":"ModernNomad","url":"https:\/\/modernranger.eu\/","logo":{"@type":"ImageObject","inLanguage":"lv-LV","@id":"https:\/\/modernranger.eu\/#\/schema\/logo\/image\/","url":"https:\/\/modernranger.eu\/wp-content\/uploads\/2025\/06\/favicon_ranger.png","contentUrl":"https:\/\/modernranger.eu\/wp-content\/uploads\/2025\/06\/favicon_ranger.png","width":512,"height":512,"caption":"ModernNomad"},"image":{"@id":"https:\/\/modernranger.eu\/#\/schema\/logo\/image\/"},"sameAs":["https:\/\/www.facebook.com\/modernnomadlatvia"]}]}},"_links":{"self":[{"href":"https:\/\/modernranger.eu\/lv\/wp-json\/wp\/v2\/pages\/5297","targetHints":{"allow":["GET"]}}],"collection":[{"href":"https:\/\/modernranger.eu\/lv\/wp-json\/wp\/v2\/pages"}],"about":[{"href":"https:\/\/modernranger.eu\/lv\/wp-json\/wp\/v2\/types\/page"}],"author":[{"embeddable":true,"href":"https:\/\/modernranger.eu\/lv\/wp-json\/wp\/v2\/users\/1"}],"replies":[{"embeddable":true,"href":"https:\/\/modernranger.eu\/lv\/wp-json\/wp\/v2\/comments?post=5297"}],"version-history":[{"count":1,"href":"https:\/\/modernranger.eu\/lv\/wp-json\/wp\/v2\/pages\/5297\/revisions"}],"predecessor-version":[{"id":7702,"href":"https:\/\/modernranger.eu\/lv\/wp-json\/wp\/v2\/pages\/5297\/revisions\/7702"}],"wp:attachment":[{"href":"https:\/\/modernranger.eu\/lv\/wp-json\/wp\/v2\/media?parent=5297"}],"curies":[{"name":"wp","href":"https:\/\/api.w.org\/{rel}","templated":true}]}}