{"id":5057,"date":"2023-09-04T12:53:34","date_gmt":"2023-09-04T11:53:34","guid":{"rendered":"https:\/\/new.modernnomad.eu\/?post_type=product&#038;p=5057"},"modified":"2025-09-12T11:23:50","modified_gmt":"2025-09-12T08:23:50","slug":"hammock-straps-included","status":"publish","type":"product","link":"https:\/\/modernranger.eu\/lv\/products\/hammock-straps-included\/","title":{"rendered":"\u0160\u016bpu\u013ct\u012bkls (siksnas iek\u013cautas komplekt\u0101)"},"content":{"rendered":"<p>ModernNomad \u0161\u016bpu\u013ct\u012bkls sver tikai 480g (\u0161\u016bpu\u013ct\u012bkls 380g + siksnas 100g) un var iztur\u0113t svaru l\u012bdz 240 kg, padarot to piem\u0113rotu gan ekstr\u0113miem p\u0101rg\u0101jieniem, kur katrs grams ir svar\u012bgs, gan \u012bsam p\u0101rtraukumam dab\u0101 vai pagalm\u0101.<\/p>\n<p>The hammock is equipped with a well-thought-out hanging system, durable fabric, and ridgeline &#8211; a cord that helps maintain the perfect position of the hammock for comfortable diagonal sleeping even for the longest users. Of course, if you are not taller than 3 meters. \ud83d\ude42<\/p>\n<p>Iepakots \u0161\u016bpu\u013ct\u012bkls aiz\u0146em nedaudz vair\u0101k vietas nek\u0101 liels apels\u012bns.<\/p>\n<p>M\u0113s varam god\u012bgi teikt, ka m\u016bsu produkta ra\u017eo\u0161an\u0101 iesaist\u0101m lab\u0101kos pr\u0101tus un talant\u012bg\u0101k\u0101s rokas, jo ra\u017eojam \u0161\u016bpu\u013ct\u012bklu, ar\u012b visus p\u0101r\u0113jos produktus, ko pied\u0101v\u0101jam, Eirop\u0101, Latvij\u0101.<\/p>\n<p>M\u0113s esam p\u0101rbaud\u012bju\u0161i visu produktu deta\u013cu iztur\u012bbu un komfortu da\u017e\u0101dos vides apst\u0101k\u013cos Skandin\u0101vij\u0101, ASV, Austr\u0101lij\u0101 un pat tropos.<\/p>\n<p><strong>Kas ir iek\u013cauts:<\/strong><br \/>\n\u0160\u016bpu\u013ct\u012bklu komplekt\u0101 ietilpst augstas kvalit\u0101tes Zviedrij\u0101 ra\u017eota piekaramo sist\u0113mu ar MIL-SPEC neilona siksn\u0101m un augstum\u0101 regul\u0113jam\u0101m spr\u0101dz\u0113m, kas izgatavotas no avi\u0101cijas alum\u012bnija, ra\u017eots Eirop\u0101, Latvij\u0101. Tas, iesp\u0113jams, ir lab\u0101kais veids, k\u0101 uzst\u0101d\u012bt \u0161\u016bpu\u013ct\u012bklu. Tehnolo\u0123ija, ko izmanto tikai pasaules lab\u0101kie \u0161\u016bpu\u013ct\u012bklu ra\u017eot\u0101ji, gadu gait\u0101 ir p\u0101rbaud\u012bta un atz\u012bta.<\/p>\n<p><strong>Instal\u0101cija:<\/strong><br \/>\nUzst\u0101d\u012b\u0161ana parasti neaiz\u0146em vair\u0101k k\u0101 3 min\u016btes. P\u0101rliecinieties par sevi un skatieties \u0161\u016bpu\u013ct\u012bkla uzst\u0101d\u012b\u0161anas video.<\/p>\n<p><iframe title=\"Hammock setup\" width=\"780\" height=\"439\" src=\"https:\/\/www.youtube.com\/embed\/qh5mrR1_npM?feature=oembed&#038;enablejsapi=1&#038;origin=https:\/\/modernranger.eu\" frameborder=\"0\" allow=\"accelerometer; autoplay; clipboard-write; encrypted-media; gyroscope; picture-in-picture; web-share\" referrerpolicy=\"strict-origin-when-cross-origin\" allowfullscreen><\/iframe><\/p>","protected":false},"excerpt":{"rendered":"<p>ModernNomad \u0161\u016bpu\u013ct\u012bkls sver tikai 480g (\u0161\u016bpu\u013ct\u012bkls 380g + siksnas 100g) un var iztur\u0113t svaru l\u012bdz 240 kg, padarot to piem\u0113rotu gan ekstr\u0113miem p\u0101rg\u0101jieniem, kur katrs grams ir svar\u012bgs, gan \u012bsam p\u0101rtraukumam dab\u0101 vai pagalm\u0101.<\/p>\n<p>Ra\u017eots Eirop\u0101, Latvij\u0101.<\/p>","protected":false},"featured_media":5061,"comment_status":"open","ping_status":"closed","template":"","meta":[],"product_brand":[],"product_cat":[35],"product_tag":[],"giftcard-category":[],"class_list":{"0":"post-5057","1":"product","2":"type-product","3":"status-publish","4":"has-post-thumbnail","6":"product_cat-outdoor-sleeping-systems","8":"first","9":"instock","10":"taxable","11":"shipping-taxable","12":"purchasable","13":"product-type-variable"},"yoast_head":"<!-- This site is optimized with the Yoast SEO plugin v27.5 - https:\/\/yoast.com\/product\/yoast-seo-wordpress\/ -->\n<title>Hammock (straps included) &#8211; Modern Ranger<\/title>\n<meta name=\"robots\" content=\"index, follow, max-snippet:-1, max-image-preview:large, max-video-preview:-1\" \/>\n<link rel=\"canonical\" href=\"https:\/\/modernranger.eu\/lv\/products\/hammock-straps-included\/\" \/>\n<meta property=\"og:locale\" content=\"lv_LV\" \/>\n<meta property=\"og:type\" content=\"article\" \/>\n<meta property=\"og:title\" content=\"Hammock (straps included) &#8211; Modern Ranger\" \/>\n<meta property=\"og:description\" content=\"The ModernNomad hammock weighs only 480g (hammock 380g + straps 100g) and can withstand a weight of up to 240kg, making it suitable for both extreme hikes where every gram is important and for a short break in nature or in the yard.  Product made in Europe, Latvia.\" \/>\n<meta property=\"og:url\" content=\"https:\/\/modernranger.eu\/lv\/products\/hammock-straps-included\/\" \/>\n<meta property=\"og:site_name\" content=\"Modern Ranger\" \/>\n<meta property=\"article:publisher\" content=\"https:\/\/www.facebook.com\/modernnomadlatvia\" \/>\n<meta property=\"article:modified_time\" content=\"2025-09-12T08:23:50+00:00\" \/>\n<meta property=\"og:image\" content=\"https:\/\/modernranger.eu\/wp-content\/uploads\/2023\/09\/Modern_Nomad_Hoodies-17.webp\" \/>\n\t<meta property=\"og:image:width\" content=\"850\" \/>\n\t<meta property=\"og:image:height\" content=\"566\" \/>\n\t<meta property=\"og:image:type\" content=\"image\/webp\" \/>\n<meta name=\"twitter:card\" content=\"summary_large_image\" \/>\n<meta name=\"twitter:label1\" content=\"Est. reading time\" \/>\n\t<meta name=\"twitter:data1\" content=\"2 min\u016btes\" \/>\n<script type=\"application\/ld+json\" class=\"yoast-schema-graph\">{\"@context\":\"https:\\\/\\\/schema.org\",\"@graph\":[{\"@type\":\"WebPage\",\"@id\":\"https:\\\/\\\/modernranger.eu\\\/product\\\/hammock-straps-included\\\/\",\"url\":\"https:\\\/\\\/modernranger.eu\\\/product\\\/hammock-straps-included\\\/\",\"name\":\"Hammock (straps included) &#8211; Modern Ranger\",\"isPartOf\":{\"@id\":\"https:\\\/\\\/modernranger.eu\\\/#website\"},\"primaryImageOfPage\":{\"@id\":\"https:\\\/\\\/modernranger.eu\\\/product\\\/hammock-straps-included\\\/#primaryimage\"},\"image\":{\"@id\":\"https:\\\/\\\/modernranger.eu\\\/product\\\/hammock-straps-included\\\/#primaryimage\"},\"thumbnailUrl\":\"https:\\\/\\\/modernranger.eu\\\/wp-content\\\/uploads\\\/2023\\\/09\\\/Modern_Nomad_Hoodies-17.webp\",\"datePublished\":\"2023-09-04T11:53:34+00:00\",\"dateModified\":\"2025-09-12T08:23:50+00:00\",\"breadcrumb\":{\"@id\":\"https:\\\/\\\/modernranger.eu\\\/product\\\/hammock-straps-included\\\/#breadcrumb\"},\"inLanguage\":\"lv-LV\",\"potentialAction\":[{\"@type\":\"ReadAction\",\"target\":[\"https:\\\/\\\/modernranger.eu\\\/product\\\/hammock-straps-included\\\/\"]}]},{\"@type\":\"ImageObject\",\"inLanguage\":\"lv-LV\",\"@id\":\"https:\\\/\\\/modernranger.eu\\\/product\\\/hammock-straps-included\\\/#primaryimage\",\"url\":\"https:\\\/\\\/modernranger.eu\\\/wp-content\\\/uploads\\\/2023\\\/09\\\/Modern_Nomad_Hoodies-17.webp\",\"contentUrl\":\"https:\\\/\\\/modernranger.eu\\\/wp-content\\\/uploads\\\/2023\\\/09\\\/Modern_Nomad_Hoodies-17.webp\",\"width\":850,\"height\":566},{\"@type\":\"BreadcrumbList\",\"@id\":\"https:\\\/\\\/modernranger.eu\\\/product\\\/hammock-straps-included\\\/#breadcrumb\",\"itemListElement\":[{\"@type\":\"ListItem\",\"position\":1,\"name\":\"Home\",\"item\":\"https:\\\/\\\/modernranger.eu\\\/\"},{\"@type\":\"ListItem\",\"position\":2,\"name\":\"Shop\",\"item\":\"https:\\\/\\\/modernranger.eu\\\/shop\\\/\"},{\"@type\":\"ListItem\",\"position\":3,\"name\":\"Hammock (straps included)\"}]},{\"@type\":\"WebSite\",\"@id\":\"https:\\\/\\\/modernranger.eu\\\/#website\",\"url\":\"https:\\\/\\\/modernranger.eu\\\/\",\"name\":\"Modern Ranger\",\"description\":\"Ultralight hammock &amp; tarp systems for Northern Europe conditions\",\"publisher\":{\"@id\":\"https:\\\/\\\/modernranger.eu\\\/#organization\"},\"potentialAction\":[{\"@type\":\"SearchAction\",\"target\":{\"@type\":\"EntryPoint\",\"urlTemplate\":\"https:\\\/\\\/modernranger.eu\\\/?s={search_term_string}\"},\"query-input\":{\"@type\":\"PropertyValueSpecification\",\"valueRequired\":true,\"valueName\":\"search_term_string\"}}],\"inLanguage\":\"lv-LV\"},{\"@type\":\"Organization\",\"@id\":\"https:\\\/\\\/modernranger.eu\\\/#organization\",\"name\":\"ModernNomad\",\"url\":\"https:\\\/\\\/modernranger.eu\\\/\",\"logo\":{\"@type\":\"ImageObject\",\"inLanguage\":\"lv-LV\",\"@id\":\"https:\\\/\\\/modernranger.eu\\\/#\\\/schema\\\/logo\\\/image\\\/\",\"url\":\"https:\\\/\\\/modernranger.eu\\\/wp-content\\\/uploads\\\/2025\\\/06\\\/favicon_ranger.png\",\"contentUrl\":\"https:\\\/\\\/modernranger.eu\\\/wp-content\\\/uploads\\\/2025\\\/06\\\/favicon_ranger.png\",\"width\":512,\"height\":512,\"caption\":\"ModernNomad\"},\"image\":{\"@id\":\"https:\\\/\\\/modernranger.eu\\\/#\\\/schema\\\/logo\\\/image\\\/\"},\"sameAs\":[\"https:\\\/\\\/www.facebook.com\\\/modernnomadlatvia\"]}]}<\/script>\n<!-- \/ Yoast SEO plugin. -->","yoast_head_json":{"title":"Hammock (straps included) &#8211; Modern Ranger","robots":{"index":"index","follow":"follow","max-snippet":"max-snippet:-1","max-image-preview":"max-image-preview:large","max-video-preview":"max-video-preview:-1"},"canonical":"https:\/\/modernranger.eu\/lv\/products\/hammock-straps-included\/","og_locale":"lv_LV","og_type":"article","og_title":"Hammock (straps included) &#8211; Modern Ranger","og_description":"The ModernNomad hammock weighs only 480g (hammock 380g + straps 100g) and can withstand a weight of up to 240kg, making it suitable for both extreme hikes where every gram is important and for a short break in nature or in the yard.  Product made in Europe, Latvia.","og_url":"https:\/\/modernranger.eu\/lv\/products\/hammock-straps-included\/","og_site_name":"Modern Ranger","article_publisher":"https:\/\/www.facebook.com\/modernnomadlatvia","article_modified_time":"2025-09-12T08:23:50+00:00","og_image":[{"width":850,"height":566,"url":"https:\/\/modernranger.eu\/wp-content\/uploads\/2023\/09\/Modern_Nomad_Hoodies-17.webp","type":"image\/webp"}],"twitter_card":"summary_large_image","twitter_misc":{"Est. reading time":"2 min\u016btes"},"schema":{"@context":"https:\/\/schema.org","@graph":[{"@type":"WebPage","@id":"https:\/\/modernranger.eu\/product\/hammock-straps-included\/","url":"https:\/\/modernranger.eu\/product\/hammock-straps-included\/","name":"Hammock (straps included) &#8211; Modern Ranger","isPartOf":{"@id":"https:\/\/modernranger.eu\/#website"},"primaryImageOfPage":{"@id":"https:\/\/modernranger.eu\/product\/hammock-straps-included\/#primaryimage"},"image":{"@id":"https:\/\/modernranger.eu\/product\/hammock-straps-included\/#primaryimage"},"thumbnailUrl":"https:\/\/modernranger.eu\/wp-content\/uploads\/2023\/09\/Modern_Nomad_Hoodies-17.webp","datePublished":"2023-09-04T11:53:34+00:00","dateModified":"2025-09-12T08:23:50+00:00","breadcrumb":{"@id":"https:\/\/modernranger.eu\/product\/hammock-straps-included\/#breadcrumb"},"inLanguage":"lv-LV","potentialAction":[{"@type":"ReadAction","target":["https:\/\/modernranger.eu\/product\/hammock-straps-included\/"]}]},{"@type":"ImageObject","inLanguage":"lv-LV","@id":"https:\/\/modernranger.eu\/product\/hammock-straps-included\/#primaryimage","url":"https:\/\/modernranger.eu\/wp-content\/uploads\/2023\/09\/Modern_Nomad_Hoodies-17.webp","contentUrl":"https:\/\/modernranger.eu\/wp-content\/uploads\/2023\/09\/Modern_Nomad_Hoodies-17.webp","width":850,"height":566},{"@type":"BreadcrumbList","@id":"https:\/\/modernranger.eu\/product\/hammock-straps-included\/#breadcrumb","itemListElement":[{"@type":"ListItem","position":1,"name":"Home","item":"https:\/\/modernranger.eu\/"},{"@type":"ListItem","position":2,"name":"Shop","item":"https:\/\/modernranger.eu\/shop\/"},{"@type":"ListItem","position":3,"name":"Hammock (straps included)"}]},{"@type":"WebSite","@id":"https:\/\/modernranger.eu\/#website","url":"https:\/\/modernranger.eu\/","name":"Modern Ranger","description":"Ultralight hammock &amp; tarp systems for Northern Europe conditions","publisher":{"@id":"https:\/\/modernranger.eu\/#organization"},"potentialAction":[{"@type":"SearchAction","target":{"@type":"EntryPoint","urlTemplate":"https:\/\/modernranger.eu\/?s={search_term_string}"},"query-input":{"@type":"PropertyValueSpecification","valueRequired":true,"valueName":"search_term_string"}}],"inLanguage":"lv-LV"},{"@type":"Organization","@id":"https:\/\/modernranger.eu\/#organization","name":"ModernNomad","url":"https:\/\/modernranger.eu\/","logo":{"@type":"ImageObject","inLanguage":"lv-LV","@id":"https:\/\/modernranger.eu\/#\/schema\/logo\/image\/","url":"https:\/\/modernranger.eu\/wp-content\/uploads\/2025\/06\/favicon_ranger.png","contentUrl":"https:\/\/modernranger.eu\/wp-content\/uploads\/2025\/06\/favicon_ranger.png","width":512,"height":512,"caption":"ModernNomad"},"image":{"@id":"https:\/\/modernranger.eu\/#\/schema\/logo\/image\/"},"sameAs":["https:\/\/www.facebook.com\/modernnomadlatvia"]}]}},"_links":{"self":[{"href":"https:\/\/modernranger.eu\/lv\/wp-json\/wp\/v2\/product\/5057","targetHints":{"allow":["GET"]}}],"collection":[{"href":"https:\/\/modernranger.eu\/lv\/wp-json\/wp\/v2\/product"}],"about":[{"href":"https:\/\/modernranger.eu\/lv\/wp-json\/wp\/v2\/types\/product"}],"replies":[{"embeddable":true,"href":"https:\/\/modernranger.eu\/lv\/wp-json\/wp\/v2\/comments?post=5057"}],"wp:featuredmedia":[{"embeddable":true,"href":"https:\/\/modernranger.eu\/lv\/wp-json\/wp\/v2\/media\/5061"}],"wp:attachment":[{"href":"https:\/\/modernranger.eu\/lv\/wp-json\/wp\/v2\/media?parent=5057"}],"wp:term":[{"taxonomy":"product_brand","embeddable":true,"href":"https:\/\/modernranger.eu\/lv\/wp-json\/wp\/v2\/product_brand?post=5057"},{"taxonomy":"product_cat","embeddable":true,"href":"https:\/\/modernranger.eu\/lv\/wp-json\/wp\/v2\/product_cat?post=5057"},{"taxonomy":"product_tag","embeddable":true,"href":"https:\/\/modernranger.eu\/lv\/wp-json\/wp\/v2\/product_tag?post=5057"},{"taxonomy":"giftcard-category","embeddable":true,"href":"https:\/\/modernranger.eu\/lv\/wp-json\/wp\/v2\/giftcard-category?post=5057"}],"curies":[{"name":"wp","href":"https:\/\/api.w.org\/{rel}","templated":true}]}}