{"id":5088,"date":"2023-09-05T11:39:21","date_gmt":"2023-09-05T10:39:21","guid":{"rendered":"https:\/\/new.modernnomad.eu\/?post_type=product&#038;p=5088"},"modified":"2026-04-03T09:53:53","modified_gmt":"2026-04-03T06:53:53","slug":"tarps-for-hammock","status":"publish","type":"product","link":"https:\/\/modernranger.eu\/lv\/products\/tarps-for-hammock\/","title":{"rendered":"Rain tarp 3x3m"},"content":{"rendered":"<p>Atp\u016btieties jebkuros laika apst\u0101k\u013cos:<br \/>\n\u2013 Izbaudiet \u0161\u016bpu\u013ct\u012bklu gan sp\u0113c\u012bg\u0101s lietav\u0101s, gan sl\u0113pjoties no karst\u0101s saules<br \/>\n\u2013 100% \u016bdens dro\u0161\u012bba, jo auduma \u0161\u0137iedra ir pies\u016bcin\u0101ta ar silikonu<br \/>\n\u2013 6 atsaistes punkti, kas \u013cauj uzst\u0101d\u012bt tentu visos vides apst\u0101k\u013cos<\/p>\n<h4 style=\"text-align: center;\">Noskatieties uzst\u0101d\u012b\u0161anas video<\/h4>\n<p><iframe title=\"RAIN TARP FIRST USE - ENGLISH\" width=\"780\" height=\"439\" src=\"https:\/\/www.youtube.com\/embed\/Msn-GjvLVMY?feature=oembed&#038;enablejsapi=1&#038;origin=https:\/\/modernranger.eu\" frameborder=\"0\" allow=\"accelerometer; autoplay; clipboard-write; encrypted-media; gyroscope; picture-in-picture; web-share\" referrerpolicy=\"strict-origin-when-cross-origin\" allowfullscreen><\/iframe><\/p>","protected":false},"excerpt":{"rendered":"<p>ModernNomad tarp ir izgatavots no \u013coti viegla un iztur\u012bga materi\u0101la, kas ra\u017eo\u0161anas proces\u0101 ir pies\u016bcin\u0101ts ar silikonu. \u0160\u012b tehnolo\u0123ija \u013cauj ieg\u016bt 100% \u016bdenim dro\u0161u un iztur\u012bgu materi\u0101lu. Lietus iztur\u012bba ap 2500mm. J\u016bs b\u016bsiet pat\u012bkami p\u0101rsteigti par m\u016bsu telts lielo izm\u0113ru un sal\u012bdzino\u0161i vieglo svaru. Ra\u017eots Latvij\u0101. Komplekt\u0101 ietilpst 12 metri UHMWPE virves.<\/p>\n<p><strong>Tehnisk\u0101s specifik\u0101cijas:<\/strong><\/p>\n<p>Uzst\u0101d\u012b\u0161anas laiks: l\u012bdz 3min<br \/>\nKop\u0113jais svars: 430g taisnst\u016brveida \/ 360g trapecveida<br \/>\nLielums: 300 x300cm<br \/>\nIepakojuma izm\u0113rs: 12 x 30 cm<br \/>\nMateri\u0101ls: 15 D silpoly<br \/>\n6 atsaistes punkti<\/p>\n<p>Ra\u017eots Eirop\u0101, Latvij\u0101.<\/p>","protected":false},"featured_media":5096,"comment_status":"open","ping_status":"closed","template":"","meta":[],"product_brand":[],"product_cat":[35],"product_tag":[],"giftcard-category":[],"class_list":{"0":"post-5088","1":"product","2":"type-product","3":"status-publish","4":"has-post-thumbnail","6":"product_cat-outdoor-sleeping-systems","8":"first","9":"instock","10":"taxable","11":"shipping-taxable","12":"purchasable","13":"product-type-variable"},"yoast_head":"<!-- This site is optimized with the Yoast SEO plugin v27.5 - https:\/\/yoast.com\/product\/yoast-seo-wordpress\/ -->\n<title>Rain tarp 3x3m &#8211; Modern Ranger<\/title>\n<meta name=\"robots\" content=\"index, follow, max-snippet:-1, max-image-preview:large, max-video-preview:-1\" \/>\n<link rel=\"canonical\" href=\"https:\/\/modernranger.eu\/lv\/products\/tarps-for-hammock\/\" \/>\n<meta property=\"og:locale\" content=\"lv_LV\" \/>\n<meta property=\"og:type\" content=\"article\" \/>\n<meta property=\"og:title\" content=\"Rain tarp 3x3m &#8211; Modern Ranger\" \/>\n<meta property=\"og:description\" content=\"ModernNomad tarp is made of an extremely light and durable material that is impregnated with silicone during the manufacturing process. This technology makes it possible to obtain a 100% water-safe and durable material. Rain resistance around 2500 mm. You will be pleasantly surprised by the large size and relatively light weight of our tent. The set includes 12 meters of UHMWPE rope.  Technical specs:  Installation time: up to 3min Total weight: 430g rectangular \/ 360g trapezoidal Size: 300x300cm Package size: 12 x 30cm Material: 15D silpoly 6 reference points  Product made in Europe, Latvia.\" \/>\n<meta property=\"og:url\" content=\"https:\/\/modernranger.eu\/lv\/products\/tarps-for-hammock\/\" \/>\n<meta property=\"og:site_name\" content=\"Modern Ranger\" \/>\n<meta property=\"article:publisher\" content=\"https:\/\/www.facebook.com\/modernnomadlatvia\" \/>\n<meta property=\"article:modified_time\" content=\"2026-04-03T06:53:53+00:00\" \/>\n<meta property=\"og:image\" content=\"https:\/\/modernranger.eu\/wp-content\/uploads\/2023\/09\/088_A7_07096_1100x.webp\" \/>\n\t<meta property=\"og:image:width\" content=\"1100\" \/>\n\t<meta property=\"og:image:height\" content=\"733\" \/>\n\t<meta property=\"og:image:type\" content=\"image\/webp\" \/>\n<meta name=\"twitter:card\" content=\"summary_large_image\" \/>\n<meta name=\"twitter:label1\" content=\"Est. reading time\" \/>\n\t<meta name=\"twitter:data1\" content=\"1 min\u016bte\" \/>\n<script type=\"application\/ld+json\" class=\"yoast-schema-graph\">{\"@context\":\"https:\\\/\\\/schema.org\",\"@graph\":[{\"@type\":\"WebPage\",\"@id\":\"https:\\\/\\\/modernranger.eu\\\/product\\\/tarps-for-hammock\\\/\",\"url\":\"https:\\\/\\\/modernranger.eu\\\/product\\\/tarps-for-hammock\\\/\",\"name\":\"Rain tarp 3x3m &#8211; Modern Ranger\",\"isPartOf\":{\"@id\":\"https:\\\/\\\/modernranger.eu\\\/#website\"},\"primaryImageOfPage\":{\"@id\":\"https:\\\/\\\/modernranger.eu\\\/product\\\/tarps-for-hammock\\\/#primaryimage\"},\"image\":{\"@id\":\"https:\\\/\\\/modernranger.eu\\\/product\\\/tarps-for-hammock\\\/#primaryimage\"},\"thumbnailUrl\":\"https:\\\/\\\/modernranger.eu\\\/wp-content\\\/uploads\\\/2023\\\/09\\\/088_A7_07096_1100x.webp\",\"datePublished\":\"2023-09-05T10:39:21+00:00\",\"dateModified\":\"2026-04-03T06:53:53+00:00\",\"breadcrumb\":{\"@id\":\"https:\\\/\\\/modernranger.eu\\\/product\\\/tarps-for-hammock\\\/#breadcrumb\"},\"inLanguage\":\"lv-LV\",\"potentialAction\":[{\"@type\":\"ReadAction\",\"target\":[\"https:\\\/\\\/modernranger.eu\\\/product\\\/tarps-for-hammock\\\/\"]}]},{\"@type\":\"ImageObject\",\"inLanguage\":\"lv-LV\",\"@id\":\"https:\\\/\\\/modernranger.eu\\\/product\\\/tarps-for-hammock\\\/#primaryimage\",\"url\":\"https:\\\/\\\/modernranger.eu\\\/wp-content\\\/uploads\\\/2023\\\/09\\\/088_A7_07096_1100x.webp\",\"contentUrl\":\"https:\\\/\\\/modernranger.eu\\\/wp-content\\\/uploads\\\/2023\\\/09\\\/088_A7_07096_1100x.webp\",\"width\":1100,\"height\":733},{\"@type\":\"BreadcrumbList\",\"@id\":\"https:\\\/\\\/modernranger.eu\\\/product\\\/tarps-for-hammock\\\/#breadcrumb\",\"itemListElement\":[{\"@type\":\"ListItem\",\"position\":1,\"name\":\"Home\",\"item\":\"https:\\\/\\\/modernranger.eu\\\/\"},{\"@type\":\"ListItem\",\"position\":2,\"name\":\"Shop\",\"item\":\"https:\\\/\\\/modernranger.eu\\\/shop\\\/\"},{\"@type\":\"ListItem\",\"position\":3,\"name\":\"Rain tarp 3x3m\"}]},{\"@type\":\"WebSite\",\"@id\":\"https:\\\/\\\/modernranger.eu\\\/#website\",\"url\":\"https:\\\/\\\/modernranger.eu\\\/\",\"name\":\"Modern Ranger\",\"description\":\"Ultralight hammock &amp; tarp systems for Northern Europe conditions\",\"publisher\":{\"@id\":\"https:\\\/\\\/modernranger.eu\\\/#organization\"},\"potentialAction\":[{\"@type\":\"SearchAction\",\"target\":{\"@type\":\"EntryPoint\",\"urlTemplate\":\"https:\\\/\\\/modernranger.eu\\\/?s={search_term_string}\"},\"query-input\":{\"@type\":\"PropertyValueSpecification\",\"valueRequired\":true,\"valueName\":\"search_term_string\"}}],\"inLanguage\":\"lv-LV\"},{\"@type\":\"Organization\",\"@id\":\"https:\\\/\\\/modernranger.eu\\\/#organization\",\"name\":\"ModernNomad\",\"url\":\"https:\\\/\\\/modernranger.eu\\\/\",\"logo\":{\"@type\":\"ImageObject\",\"inLanguage\":\"lv-LV\",\"@id\":\"https:\\\/\\\/modernranger.eu\\\/#\\\/schema\\\/logo\\\/image\\\/\",\"url\":\"https:\\\/\\\/modernranger.eu\\\/wp-content\\\/uploads\\\/2025\\\/06\\\/favicon_ranger.png\",\"contentUrl\":\"https:\\\/\\\/modernranger.eu\\\/wp-content\\\/uploads\\\/2025\\\/06\\\/favicon_ranger.png\",\"width\":512,\"height\":512,\"caption\":\"ModernNomad\"},\"image\":{\"@id\":\"https:\\\/\\\/modernranger.eu\\\/#\\\/schema\\\/logo\\\/image\\\/\"},\"sameAs\":[\"https:\\\/\\\/www.facebook.com\\\/modernnomadlatvia\"]}]}<\/script>\n<!-- \/ Yoast SEO plugin. -->","yoast_head_json":{"title":"Rain tarp 3x3m &#8211; Modern Ranger","robots":{"index":"index","follow":"follow","max-snippet":"max-snippet:-1","max-image-preview":"max-image-preview:large","max-video-preview":"max-video-preview:-1"},"canonical":"https:\/\/modernranger.eu\/lv\/products\/tarps-for-hammock\/","og_locale":"lv_LV","og_type":"article","og_title":"Rain tarp 3x3m &#8211; Modern Ranger","og_description":"ModernNomad tarp is made of an extremely light and durable material that is impregnated with silicone during the manufacturing process. This technology makes it possible to obtain a 100% water-safe and durable material. Rain resistance around 2500 mm. You will be pleasantly surprised by the large size and relatively light weight of our tent. The set includes 12 meters of UHMWPE rope.  Technical specs:  Installation time: up to 3min Total weight: 430g rectangular \/ 360g trapezoidal Size: 300x300cm Package size: 12 x 30cm Material: 15D silpoly 6 reference points  Product made in Europe, Latvia.","og_url":"https:\/\/modernranger.eu\/lv\/products\/tarps-for-hammock\/","og_site_name":"Modern Ranger","article_publisher":"https:\/\/www.facebook.com\/modernnomadlatvia","article_modified_time":"2026-04-03T06:53:53+00:00","og_image":[{"width":1100,"height":733,"url":"https:\/\/modernranger.eu\/wp-content\/uploads\/2023\/09\/088_A7_07096_1100x.webp","type":"image\/webp"}],"twitter_card":"summary_large_image","twitter_misc":{"Est. reading time":"1 min\u016bte"},"schema":{"@context":"https:\/\/schema.org","@graph":[{"@type":"WebPage","@id":"https:\/\/modernranger.eu\/product\/tarps-for-hammock\/","url":"https:\/\/modernranger.eu\/product\/tarps-for-hammock\/","name":"Rain tarp 3x3m &#8211; Modern Ranger","isPartOf":{"@id":"https:\/\/modernranger.eu\/#website"},"primaryImageOfPage":{"@id":"https:\/\/modernranger.eu\/product\/tarps-for-hammock\/#primaryimage"},"image":{"@id":"https:\/\/modernranger.eu\/product\/tarps-for-hammock\/#primaryimage"},"thumbnailUrl":"https:\/\/modernranger.eu\/wp-content\/uploads\/2023\/09\/088_A7_07096_1100x.webp","datePublished":"2023-09-05T10:39:21+00:00","dateModified":"2026-04-03T06:53:53+00:00","breadcrumb":{"@id":"https:\/\/modernranger.eu\/product\/tarps-for-hammock\/#breadcrumb"},"inLanguage":"lv-LV","potentialAction":[{"@type":"ReadAction","target":["https:\/\/modernranger.eu\/product\/tarps-for-hammock\/"]}]},{"@type":"ImageObject","inLanguage":"lv-LV","@id":"https:\/\/modernranger.eu\/product\/tarps-for-hammock\/#primaryimage","url":"https:\/\/modernranger.eu\/wp-content\/uploads\/2023\/09\/088_A7_07096_1100x.webp","contentUrl":"https:\/\/modernranger.eu\/wp-content\/uploads\/2023\/09\/088_A7_07096_1100x.webp","width":1100,"height":733},{"@type":"BreadcrumbList","@id":"https:\/\/modernranger.eu\/product\/tarps-for-hammock\/#breadcrumb","itemListElement":[{"@type":"ListItem","position":1,"name":"Home","item":"https:\/\/modernranger.eu\/"},{"@type":"ListItem","position":2,"name":"Shop","item":"https:\/\/modernranger.eu\/shop\/"},{"@type":"ListItem","position":3,"name":"Rain tarp 3x3m"}]},{"@type":"WebSite","@id":"https:\/\/modernranger.eu\/#website","url":"https:\/\/modernranger.eu\/","name":"Modern Ranger","description":"Ultralight hammock &amp; tarp systems for Northern Europe conditions","publisher":{"@id":"https:\/\/modernranger.eu\/#organization"},"potentialAction":[{"@type":"SearchAction","target":{"@type":"EntryPoint","urlTemplate":"https:\/\/modernranger.eu\/?s={search_term_string}"},"query-input":{"@type":"PropertyValueSpecification","valueRequired":true,"valueName":"search_term_string"}}],"inLanguage":"lv-LV"},{"@type":"Organization","@id":"https:\/\/modernranger.eu\/#organization","name":"ModernNomad","url":"https:\/\/modernranger.eu\/","logo":{"@type":"ImageObject","inLanguage":"lv-LV","@id":"https:\/\/modernranger.eu\/#\/schema\/logo\/image\/","url":"https:\/\/modernranger.eu\/wp-content\/uploads\/2025\/06\/favicon_ranger.png","contentUrl":"https:\/\/modernranger.eu\/wp-content\/uploads\/2025\/06\/favicon_ranger.png","width":512,"height":512,"caption":"ModernNomad"},"image":{"@id":"https:\/\/modernranger.eu\/#\/schema\/logo\/image\/"},"sameAs":["https:\/\/www.facebook.com\/modernnomadlatvia"]}]}},"_links":{"self":[{"href":"https:\/\/modernranger.eu\/lv\/wp-json\/wp\/v2\/product\/5088","targetHints":{"allow":["GET"]}}],"collection":[{"href":"https:\/\/modernranger.eu\/lv\/wp-json\/wp\/v2\/product"}],"about":[{"href":"https:\/\/modernranger.eu\/lv\/wp-json\/wp\/v2\/types\/product"}],"replies":[{"embeddable":true,"href":"https:\/\/modernranger.eu\/lv\/wp-json\/wp\/v2\/comments?post=5088"}],"wp:featuredmedia":[{"embeddable":true,"href":"https:\/\/modernranger.eu\/lv\/wp-json\/wp\/v2\/media\/5096"}],"wp:attachment":[{"href":"https:\/\/modernranger.eu\/lv\/wp-json\/wp\/v2\/media?parent=5088"}],"wp:term":[{"taxonomy":"product_brand","embeddable":true,"href":"https:\/\/modernranger.eu\/lv\/wp-json\/wp\/v2\/product_brand?post=5088"},{"taxonomy":"product_cat","embeddable":true,"href":"https:\/\/modernranger.eu\/lv\/wp-json\/wp\/v2\/product_cat?post=5088"},{"taxonomy":"product_tag","embeddable":true,"href":"https:\/\/modernranger.eu\/lv\/wp-json\/wp\/v2\/product_tag?post=5088"},{"taxonomy":"giftcard-category","embeddable":true,"href":"https:\/\/modernranger.eu\/lv\/wp-json\/wp\/v2\/giftcard-category?post=5088"}],"curies":[{"name":"wp","href":"https:\/\/api.w.org\/{rel}","templated":true}]}}