{"id":5124,"date":"2023-09-06T07:50:29","date_gmt":"2023-09-06T06:50:29","guid":{"rendered":"https:\/\/new.modernnomad.eu\/?post_type=product&#038;p=5124"},"modified":"2025-09-12T11:23:31","modified_gmt":"2025-09-12T08:23:31","slug":"underquilt","status":"publish","type":"product","link":"https:\/\/modernranger.eu\/lv\/products\/underquilt\/","title":{"rendered":"Siltin\u0101jums"},"content":{"rendered":"<p>Viegli uzst\u0101d\u0101ms un no\u0146emams. Izol\u0101cija ir izgatavota no Eirop\u0101 ra\u017eota jaun\u0101k\u0101s paaudzes sint\u0113tiska materi\u0101la, kas tiek izmantots darbam \u012bpa\u0161i aukstos apst\u0101k\u013cos. Izol\u0101cijas \u0101r\u0113jais sl\u0101nis ir izgatavots no v\u0113ju necaurlaid\u012bga neilona. Iepakota \u0161\u012b izol\u0101cija aiz\u0146ems daudz maz\u0101k vietas ,nek\u0101 p\u016bkains gu\u013cammaiss - pateicoties jaun\u0101k\u0101s paaudzes sinteponam.<\/p>\n<h4 style=\"text-align: center;\">Noskatieties uzst\u0101d\u012b\u0161anas video<\/h4>\n<p><iframe title=\"Modern Nomad underquilt setup\" width=\"780\" height=\"439\" src=\"https:\/\/www.youtube.com\/embed\/KsvPY-FS5ow?feature=oembed\" frameborder=\"0\" allow=\"accelerometer; autoplay; clipboard-write; encrypted-media; gyroscope; picture-in-picture; web-share\" referrerpolicy=\"strict-origin-when-cross-origin\" allowfullscreen><\/iframe><\/p>","protected":false},"excerpt":{"rendered":"<p>\u0160\u016bpu\u013ct\u012bkla apak\u0161sega nodro\u0161in\u0101s j\u016bsu p\u0101rg\u0101jienam lielisku komfortu. \u0160\u012b izol\u0101cija ir paredz\u0113ta izmanto\u0161anai tie\u0161i kop\u0101 ar \u0161\u016bpu\u013ct\u012bklu. At\u0161\u0137ir\u012bb\u0101 no pakl\u0101ja tas nesl\u012bd un vienm\u0113r ir ide\u0101l\u0101 st\u0101vokl\u012b un nodro\u0161ina siltumu pat skarbos apst\u0101k\u013cos.<\/p>\n<p>Ra\u017eots Eirop\u0101, Latvij\u0101.<\/p>","protected":false},"featured_media":5133,"comment_status":"open","ping_status":"closed","template":"","meta":[],"product_brand":[],"product_cat":[35],"product_tag":[],"giftcard-category":[],"class_list":{"0":"post-5124","1":"product","2":"type-product","3":"status-publish","4":"has-post-thumbnail","6":"product_cat-outdoor-sleeping-systems","8":"first","9":"instock","10":"taxable","11":"shipping-taxable","12":"purchasable","13":"product-type-variable"},"yoast_head":"<!-- This site is optimized with the Yoast SEO plugin v27.5 - https:\/\/yoast.com\/product\/yoast-seo-wordpress\/ -->\n<title>Underquilt &#8211; Modern Ranger<\/title>\n<meta name=\"robots\" content=\"index, follow, max-snippet:-1, max-image-preview:large, max-video-preview:-1\" \/>\n<link rel=\"canonical\" href=\"https:\/\/modernranger.eu\/lv\/products\/underquilt\/\" \/>\n<meta property=\"og:locale\" content=\"lv_LV\" \/>\n<meta property=\"og:type\" content=\"article\" \/>\n<meta property=\"og:title\" content=\"Underquilt &#8211; Modern Ranger\" \/>\n<meta property=\"og:description\" content=\"Hammock underquilt will give your hike excellent comfort. This insulation is intended for use directly with the hammock. Unlike the mat, it does not slip or roll, is always in the perfect position, and provides warmth even in harsh conditions.  Product made in Europe, Latvia.\" \/>\n<meta property=\"og:url\" content=\"https:\/\/modernranger.eu\/lv\/products\/underquilt\/\" \/>\n<meta property=\"og:site_name\" content=\"Modern Ranger\" \/>\n<meta property=\"article:publisher\" content=\"https:\/\/www.facebook.com\/modernnomadlatvia\" \/>\n<meta property=\"article:modified_time\" content=\"2025-09-12T08:23:31+00:00\" \/>\n<meta property=\"og:image\" content=\"https:\/\/modernranger.eu\/wp-content\/uploads\/2023\/09\/ModernNomad_Hammock_Underquilt_for_Winter_1100x.webp\" \/>\n\t<meta property=\"og:image:width\" content=\"1100\" \/>\n\t<meta property=\"og:image:height\" content=\"733\" \/>\n\t<meta property=\"og:image:type\" content=\"image\/webp\" \/>\n<meta name=\"twitter:card\" content=\"summary_large_image\" \/>\n<meta name=\"twitter:label1\" content=\"Est. reading time\" \/>\n\t<meta name=\"twitter:data1\" content=\"1 min\u016bte\" \/>\n<script type=\"application\/ld+json\" class=\"yoast-schema-graph\">{\"@context\":\"https:\\\/\\\/schema.org\",\"@graph\":[{\"@type\":\"WebPage\",\"@id\":\"https:\\\/\\\/modernranger.eu\\\/product\\\/underquilt\\\/\",\"url\":\"https:\\\/\\\/modernranger.eu\\\/product\\\/underquilt\\\/\",\"name\":\"Underquilt &#8211; Modern Ranger\",\"isPartOf\":{\"@id\":\"https:\\\/\\\/modernranger.eu\\\/#website\"},\"primaryImageOfPage\":{\"@id\":\"https:\\\/\\\/modernranger.eu\\\/product\\\/underquilt\\\/#primaryimage\"},\"image\":{\"@id\":\"https:\\\/\\\/modernranger.eu\\\/product\\\/underquilt\\\/#primaryimage\"},\"thumbnailUrl\":\"https:\\\/\\\/modernranger.eu\\\/wp-content\\\/uploads\\\/2023\\\/09\\\/ModernNomad_Hammock_Underquilt_for_Winter_1100x.webp\",\"datePublished\":\"2023-09-06T06:50:29+00:00\",\"dateModified\":\"2025-09-12T08:23:31+00:00\",\"breadcrumb\":{\"@id\":\"https:\\\/\\\/modernranger.eu\\\/product\\\/underquilt\\\/#breadcrumb\"},\"inLanguage\":\"lv-LV\",\"potentialAction\":[{\"@type\":\"ReadAction\",\"target\":[\"https:\\\/\\\/modernranger.eu\\\/product\\\/underquilt\\\/\"]}]},{\"@type\":\"ImageObject\",\"inLanguage\":\"lv-LV\",\"@id\":\"https:\\\/\\\/modernranger.eu\\\/product\\\/underquilt\\\/#primaryimage\",\"url\":\"https:\\\/\\\/modernranger.eu\\\/wp-content\\\/uploads\\\/2023\\\/09\\\/ModernNomad_Hammock_Underquilt_for_Winter_1100x.webp\",\"contentUrl\":\"https:\\\/\\\/modernranger.eu\\\/wp-content\\\/uploads\\\/2023\\\/09\\\/ModernNomad_Hammock_Underquilt_for_Winter_1100x.webp\",\"width\":1100,\"height\":733},{\"@type\":\"BreadcrumbList\",\"@id\":\"https:\\\/\\\/modernranger.eu\\\/product\\\/underquilt\\\/#breadcrumb\",\"itemListElement\":[{\"@type\":\"ListItem\",\"position\":1,\"name\":\"Home\",\"item\":\"https:\\\/\\\/modernranger.eu\\\/\"},{\"@type\":\"ListItem\",\"position\":2,\"name\":\"Shop\",\"item\":\"https:\\\/\\\/modernranger.eu\\\/shop\\\/\"},{\"@type\":\"ListItem\",\"position\":3,\"name\":\"Underquilt\"}]},{\"@type\":\"WebSite\",\"@id\":\"https:\\\/\\\/modernranger.eu\\\/#website\",\"url\":\"https:\\\/\\\/modernranger.eu\\\/\",\"name\":\"Modern Ranger\",\"description\":\"Ultralight hammock &amp; tarp systems for Northern Europe conditions\",\"publisher\":{\"@id\":\"https:\\\/\\\/modernranger.eu\\\/#organization\"},\"potentialAction\":[{\"@type\":\"SearchAction\",\"target\":{\"@type\":\"EntryPoint\",\"urlTemplate\":\"https:\\\/\\\/modernranger.eu\\\/?s={search_term_string}\"},\"query-input\":{\"@type\":\"PropertyValueSpecification\",\"valueRequired\":true,\"valueName\":\"search_term_string\"}}],\"inLanguage\":\"lv-LV\"},{\"@type\":\"Organization\",\"@id\":\"https:\\\/\\\/modernranger.eu\\\/#organization\",\"name\":\"ModernNomad\",\"url\":\"https:\\\/\\\/modernranger.eu\\\/\",\"logo\":{\"@type\":\"ImageObject\",\"inLanguage\":\"lv-LV\",\"@id\":\"https:\\\/\\\/modernranger.eu\\\/#\\\/schema\\\/logo\\\/image\\\/\",\"url\":\"https:\\\/\\\/modernranger.eu\\\/wp-content\\\/uploads\\\/2025\\\/06\\\/favicon_ranger.png\",\"contentUrl\":\"https:\\\/\\\/modernranger.eu\\\/wp-content\\\/uploads\\\/2025\\\/06\\\/favicon_ranger.png\",\"width\":512,\"height\":512,\"caption\":\"ModernNomad\"},\"image\":{\"@id\":\"https:\\\/\\\/modernranger.eu\\\/#\\\/schema\\\/logo\\\/image\\\/\"},\"sameAs\":[\"https:\\\/\\\/www.facebook.com\\\/modernnomadlatvia\"]}]}<\/script>\n<!-- \/ Yoast SEO plugin. -->","yoast_head_json":{"title":"Underquilt &#8211; Modern Ranger","robots":{"index":"index","follow":"follow","max-snippet":"max-snippet:-1","max-image-preview":"max-image-preview:large","max-video-preview":"max-video-preview:-1"},"canonical":"https:\/\/modernranger.eu\/lv\/products\/underquilt\/","og_locale":"lv_LV","og_type":"article","og_title":"Underquilt &#8211; Modern Ranger","og_description":"Hammock underquilt will give your hike excellent comfort. This insulation is intended for use directly with the hammock. Unlike the mat, it does not slip or roll, is always in the perfect position, and provides warmth even in harsh conditions.  Product made in Europe, Latvia.","og_url":"https:\/\/modernranger.eu\/lv\/products\/underquilt\/","og_site_name":"Modern Ranger","article_publisher":"https:\/\/www.facebook.com\/modernnomadlatvia","article_modified_time":"2025-09-12T08:23:31+00:00","og_image":[{"width":1100,"height":733,"url":"https:\/\/modernranger.eu\/wp-content\/uploads\/2023\/09\/ModernNomad_Hammock_Underquilt_for_Winter_1100x.webp","type":"image\/webp"}],"twitter_card":"summary_large_image","twitter_misc":{"Est. reading time":"1 min\u016bte"},"schema":{"@context":"https:\/\/schema.org","@graph":[{"@type":"WebPage","@id":"https:\/\/modernranger.eu\/product\/underquilt\/","url":"https:\/\/modernranger.eu\/product\/underquilt\/","name":"Underquilt &#8211; Modern Ranger","isPartOf":{"@id":"https:\/\/modernranger.eu\/#website"},"primaryImageOfPage":{"@id":"https:\/\/modernranger.eu\/product\/underquilt\/#primaryimage"},"image":{"@id":"https:\/\/modernranger.eu\/product\/underquilt\/#primaryimage"},"thumbnailUrl":"https:\/\/modernranger.eu\/wp-content\/uploads\/2023\/09\/ModernNomad_Hammock_Underquilt_for_Winter_1100x.webp","datePublished":"2023-09-06T06:50:29+00:00","dateModified":"2025-09-12T08:23:31+00:00","breadcrumb":{"@id":"https:\/\/modernranger.eu\/product\/underquilt\/#breadcrumb"},"inLanguage":"lv-LV","potentialAction":[{"@type":"ReadAction","target":["https:\/\/modernranger.eu\/product\/underquilt\/"]}]},{"@type":"ImageObject","inLanguage":"lv-LV","@id":"https:\/\/modernranger.eu\/product\/underquilt\/#primaryimage","url":"https:\/\/modernranger.eu\/wp-content\/uploads\/2023\/09\/ModernNomad_Hammock_Underquilt_for_Winter_1100x.webp","contentUrl":"https:\/\/modernranger.eu\/wp-content\/uploads\/2023\/09\/ModernNomad_Hammock_Underquilt_for_Winter_1100x.webp","width":1100,"height":733},{"@type":"BreadcrumbList","@id":"https:\/\/modernranger.eu\/product\/underquilt\/#breadcrumb","itemListElement":[{"@type":"ListItem","position":1,"name":"Home","item":"https:\/\/modernranger.eu\/"},{"@type":"ListItem","position":2,"name":"Shop","item":"https:\/\/modernranger.eu\/shop\/"},{"@type":"ListItem","position":3,"name":"Underquilt"}]},{"@type":"WebSite","@id":"https:\/\/modernranger.eu\/#website","url":"https:\/\/modernranger.eu\/","name":"Modern Ranger","description":"Ultralight hammock &amp; tarp systems for Northern Europe conditions","publisher":{"@id":"https:\/\/modernranger.eu\/#organization"},"potentialAction":[{"@type":"SearchAction","target":{"@type":"EntryPoint","urlTemplate":"https:\/\/modernranger.eu\/?s={search_term_string}"},"query-input":{"@type":"PropertyValueSpecification","valueRequired":true,"valueName":"search_term_string"}}],"inLanguage":"lv-LV"},{"@type":"Organization","@id":"https:\/\/modernranger.eu\/#organization","name":"ModernNomad","url":"https:\/\/modernranger.eu\/","logo":{"@type":"ImageObject","inLanguage":"lv-LV","@id":"https:\/\/modernranger.eu\/#\/schema\/logo\/image\/","url":"https:\/\/modernranger.eu\/wp-content\/uploads\/2025\/06\/favicon_ranger.png","contentUrl":"https:\/\/modernranger.eu\/wp-content\/uploads\/2025\/06\/favicon_ranger.png","width":512,"height":512,"caption":"ModernNomad"},"image":{"@id":"https:\/\/modernranger.eu\/#\/schema\/logo\/image\/"},"sameAs":["https:\/\/www.facebook.com\/modernnomadlatvia"]}]}},"_links":{"self":[{"href":"https:\/\/modernranger.eu\/lv\/wp-json\/wp\/v2\/product\/5124","targetHints":{"allow":["GET"]}}],"collection":[{"href":"https:\/\/modernranger.eu\/lv\/wp-json\/wp\/v2\/product"}],"about":[{"href":"https:\/\/modernranger.eu\/lv\/wp-json\/wp\/v2\/types\/product"}],"replies":[{"embeddable":true,"href":"https:\/\/modernranger.eu\/lv\/wp-json\/wp\/v2\/comments?post=5124"}],"wp:featuredmedia":[{"embeddable":true,"href":"https:\/\/modernranger.eu\/lv\/wp-json\/wp\/v2\/media\/5133"}],"wp:attachment":[{"href":"https:\/\/modernranger.eu\/lv\/wp-json\/wp\/v2\/media?parent=5124"}],"wp:term":[{"taxonomy":"product_brand","embeddable":true,"href":"https:\/\/modernranger.eu\/lv\/wp-json\/wp\/v2\/product_brand?post=5124"},{"taxonomy":"product_cat","embeddable":true,"href":"https:\/\/modernranger.eu\/lv\/wp-json\/wp\/v2\/product_cat?post=5124"},{"taxonomy":"product_tag","embeddable":true,"href":"https:\/\/modernranger.eu\/lv\/wp-json\/wp\/v2\/product_tag?post=5124"},{"taxonomy":"giftcard-category","embeddable":true,"href":"https:\/\/modernranger.eu\/lv\/wp-json\/wp\/v2\/giftcard-category?post=5124"}],"curies":[{"name":"wp","href":"https:\/\/api.w.org\/{rel}","templated":true}]}}