{"id":5138,"date":"2023-09-06T08:12:06","date_gmt":"2023-09-06T07:12:06","guid":{"rendered":"https:\/\/new.modernnomad.eu\/?post_type=product&#038;p=5138"},"modified":"2025-09-12T11:24:05","modified_gmt":"2025-09-12T08:24:05","slug":"mosquito-net","status":"publish","type":"product","link":"https:\/\/modernranger.eu\/lv\/products\/mosquito-net\/","title":{"rendered":"Mosk\u012btu t\u012bkls"},"content":{"rendered":"<p><strong>Dro\u0161a atp\u016bta dab\u0101:<\/strong><br \/>\n\u2013 Mosk\u012btu t\u012bkls pasarg\u0101 j\u016bs no odiem, \u0113rc\u0113m un citiem maziem kukai\u0146iem<br \/>\n\u2013 \u013bauj gul\u0113t kvalitat\u012bvi un dro\u0161i<br \/>\n\u2013 \u013boti smalks un iztur\u012bgs t\u012bkls<br \/>\n\u2013 P\u0101rbaud\u012bts Latvijas un Skandin\u0101vijas me\u017eos, k\u0101 ar\u012b \u0100frikas savann\u0101.<\/p>\n<h4 style=\"text-align: center;\">Noskatieties uzst\u0101d\u012b\u0161anas video<\/h4>\n<p><iframe title=\"Modern Nomad ultralight bottom entry mosquito net setup\" width=\"780\" height=\"439\" src=\"https:\/\/www.youtube.com\/embed\/yffnBscV3L8?feature=oembed&#038;enablejsapi=1&#038;origin=https:\/\/modernranger.eu\" frameborder=\"0\" allow=\"accelerometer; autoplay; clipboard-write; encrypted-media; gyroscope; picture-in-picture; web-share\" referrerpolicy=\"strict-origin-when-cross-origin\" allowfullscreen><\/iframe><\/p>","protected":false},"excerpt":{"rendered":"<p>ModernNomad Mosk\u012btu t\u012bkls ir vienk\u0101r\u0161s un viegli uzst\u0101d\u0101ms, t\u0101p\u0113c tas garant\u0113 t\u016bl\u012bt\u0113ju aizsardz\u012bbu ne tikai no kukai\u0146iem, bet ar\u012b no koku p\u016bk\u0101m, lap\u0101m un citiem gru\u017eiem. Tas nav ie\u0161\u016bts \u0161\u016bpu\u013ct\u012bkl\u0101, un nav r\u0101v\u0113jsl\u0113dz\u0113ju, kas m\u0113dz pievilt. Dro\u0161s, vienk\u0101r\u0161s un \u0113rts risin\u0101jums. Ja j\u016bs zin\u0101t, ka neb\u016bs kukai\u0146u, atst\u0101jiet to m\u0101j\u0101s un ietaupiet d\u0101rgus gramus un vietu som\u0101 uzkod\u0101m.<\/p>\n<p>Ra\u017eots Eirop\u0101, Latvij\u0101.<\/p>\n<p><strong>Tehniskie dati:<\/strong><br \/>\n\u2013 Uzst\u0101d\u012b\u0161anas laiks: l\u012bdz 3min<br \/>\n\u2013 Svars: 220g<br \/>\n\u2013 Lielums:  330 x 150cm<br \/>\n\u2013 Iepakojuma izm\u0113rs: 12 x 16cm<br \/>\n\u2013 Materi\u0101ls:  Noseeum siets 0,5 oz<\/p>","protected":false},"featured_media":5143,"comment_status":"open","ping_status":"closed","template":"","meta":[],"product_brand":[],"product_cat":[35],"product_tag":[],"giftcard-category":[],"class_list":{"0":"post-5138","1":"product","2":"type-product","3":"status-publish","4":"has-post-thumbnail","6":"product_cat-outdoor-sleeping-systems","8":"first","9":"instock","10":"taxable","11":"shipping-taxable","12":"purchasable","13":"product-type-simple"},"yoast_head":"<!-- This site is optimized with the Yoast SEO plugin v27.5 - https:\/\/yoast.com\/product\/yoast-seo-wordpress\/ -->\n<title>Mosquito net &#8211; Modern Ranger<\/title>\n<meta name=\"robots\" content=\"index, follow, max-snippet:-1, max-image-preview:large, max-video-preview:-1\" \/>\n<link rel=\"canonical\" href=\"https:\/\/modernranger.eu\/lv\/products\/mosquito-net\/\" \/>\n<meta property=\"og:locale\" content=\"lv_LV\" \/>\n<meta property=\"og:type\" content=\"article\" \/>\n<meta property=\"og:title\" content=\"Mosquito net &#8211; Modern Ranger\" \/>\n<meta property=\"og:description\" content=\"ModernNomad Mosquito net is simple and easy to install, so it guarantees immediate protection not only from insects, but also from tree fluff, leaves and other debris. It is not sewn into the hammock and there are no zippers that tend to disappoint. Safe, simple and convenient solution. If you know that there will be no insect, leave it at home and save expensive grams and space in your bag for a snack.  Product made in Europe, Latvia.  Technical data: - Installation time: up to 3min - Weight: 220g - Size: 330 x 150 cm - Packed size: 12 x 16 cm - Material: Noseeum mesh 0,5 oz\" \/>\n<meta property=\"og:url\" content=\"https:\/\/modernranger.eu\/lv\/products\/mosquito-net\/\" \/>\n<meta property=\"og:site_name\" content=\"Modern Ranger\" \/>\n<meta property=\"article:publisher\" content=\"https:\/\/www.facebook.com\/modernnomadlatvia\" \/>\n<meta property=\"article:modified_time\" content=\"2025-09-12T08:24:05+00:00\" \/>\n<meta property=\"og:image\" content=\"https:\/\/modernranger.eu\/wp-content\/uploads\/2023\/09\/Modern_Nomad_Hoodies-26_1100x.webp\" \/>\n\t<meta property=\"og:image:width\" content=\"1100\" \/>\n\t<meta property=\"og:image:height\" content=\"733\" \/>\n\t<meta property=\"og:image:type\" content=\"image\/webp\" \/>\n<meta name=\"twitter:card\" content=\"summary_large_image\" \/>\n<meta name=\"twitter:label1\" content=\"Est. reading time\" \/>\n\t<meta name=\"twitter:data1\" content=\"1 min\u016bte\" \/>\n<script type=\"application\/ld+json\" class=\"yoast-schema-graph\">{\"@context\":\"https:\\\/\\\/schema.org\",\"@graph\":[{\"@type\":\"WebPage\",\"@id\":\"https:\\\/\\\/modernranger.eu\\\/product\\\/mosquito-net\\\/\",\"url\":\"https:\\\/\\\/modernranger.eu\\\/product\\\/mosquito-net\\\/\",\"name\":\"Mosquito net &#8211; Modern Ranger\",\"isPartOf\":{\"@id\":\"https:\\\/\\\/modernranger.eu\\\/#website\"},\"primaryImageOfPage\":{\"@id\":\"https:\\\/\\\/modernranger.eu\\\/product\\\/mosquito-net\\\/#primaryimage\"},\"image\":{\"@id\":\"https:\\\/\\\/modernranger.eu\\\/product\\\/mosquito-net\\\/#primaryimage\"},\"thumbnailUrl\":\"https:\\\/\\\/modernranger.eu\\\/wp-content\\\/uploads\\\/2023\\\/09\\\/Modern_Nomad_Hoodies-26_1100x.webp\",\"datePublished\":\"2023-09-06T07:12:06+00:00\",\"dateModified\":\"2025-09-12T08:24:05+00:00\",\"breadcrumb\":{\"@id\":\"https:\\\/\\\/modernranger.eu\\\/product\\\/mosquito-net\\\/#breadcrumb\"},\"inLanguage\":\"lv-LV\",\"potentialAction\":[{\"@type\":\"ReadAction\",\"target\":[\"https:\\\/\\\/modernranger.eu\\\/product\\\/mosquito-net\\\/\"]}]},{\"@type\":\"ImageObject\",\"inLanguage\":\"lv-LV\",\"@id\":\"https:\\\/\\\/modernranger.eu\\\/product\\\/mosquito-net\\\/#primaryimage\",\"url\":\"https:\\\/\\\/modernranger.eu\\\/wp-content\\\/uploads\\\/2023\\\/09\\\/Modern_Nomad_Hoodies-26_1100x.webp\",\"contentUrl\":\"https:\\\/\\\/modernranger.eu\\\/wp-content\\\/uploads\\\/2023\\\/09\\\/Modern_Nomad_Hoodies-26_1100x.webp\",\"width\":1100,\"height\":733},{\"@type\":\"BreadcrumbList\",\"@id\":\"https:\\\/\\\/modernranger.eu\\\/product\\\/mosquito-net\\\/#breadcrumb\",\"itemListElement\":[{\"@type\":\"ListItem\",\"position\":1,\"name\":\"Home\",\"item\":\"https:\\\/\\\/modernranger.eu\\\/\"},{\"@type\":\"ListItem\",\"position\":2,\"name\":\"Shop\",\"item\":\"https:\\\/\\\/modernranger.eu\\\/shop\\\/\"},{\"@type\":\"ListItem\",\"position\":3,\"name\":\"Mosquito net\"}]},{\"@type\":\"WebSite\",\"@id\":\"https:\\\/\\\/modernranger.eu\\\/#website\",\"url\":\"https:\\\/\\\/modernranger.eu\\\/\",\"name\":\"Modern Ranger\",\"description\":\"Ultralight hammock &amp; tarp systems for Northern Europe conditions\",\"publisher\":{\"@id\":\"https:\\\/\\\/modernranger.eu\\\/#organization\"},\"potentialAction\":[{\"@type\":\"SearchAction\",\"target\":{\"@type\":\"EntryPoint\",\"urlTemplate\":\"https:\\\/\\\/modernranger.eu\\\/?s={search_term_string}\"},\"query-input\":{\"@type\":\"PropertyValueSpecification\",\"valueRequired\":true,\"valueName\":\"search_term_string\"}}],\"inLanguage\":\"lv-LV\"},{\"@type\":\"Organization\",\"@id\":\"https:\\\/\\\/modernranger.eu\\\/#organization\",\"name\":\"ModernNomad\",\"url\":\"https:\\\/\\\/modernranger.eu\\\/\",\"logo\":{\"@type\":\"ImageObject\",\"inLanguage\":\"lv-LV\",\"@id\":\"https:\\\/\\\/modernranger.eu\\\/#\\\/schema\\\/logo\\\/image\\\/\",\"url\":\"https:\\\/\\\/modernranger.eu\\\/wp-content\\\/uploads\\\/2025\\\/06\\\/favicon_ranger.png\",\"contentUrl\":\"https:\\\/\\\/modernranger.eu\\\/wp-content\\\/uploads\\\/2025\\\/06\\\/favicon_ranger.png\",\"width\":512,\"height\":512,\"caption\":\"ModernNomad\"},\"image\":{\"@id\":\"https:\\\/\\\/modernranger.eu\\\/#\\\/schema\\\/logo\\\/image\\\/\"},\"sameAs\":[\"https:\\\/\\\/www.facebook.com\\\/modernnomadlatvia\"]}]}<\/script>\n<!-- \/ Yoast SEO plugin. -->","yoast_head_json":{"title":"Mosquito net &#8211; Modern Ranger","robots":{"index":"index","follow":"follow","max-snippet":"max-snippet:-1","max-image-preview":"max-image-preview:large","max-video-preview":"max-video-preview:-1"},"canonical":"https:\/\/modernranger.eu\/lv\/products\/mosquito-net\/","og_locale":"lv_LV","og_type":"article","og_title":"Mosquito net &#8211; Modern Ranger","og_description":"ModernNomad Mosquito net is simple and easy to install, so it guarantees immediate protection not only from insects, but also from tree fluff, leaves and other debris. It is not sewn into the hammock and there are no zippers that tend to disappoint. Safe, simple and convenient solution. If you know that there will be no insect, leave it at home and save expensive grams and space in your bag for a snack.  Product made in Europe, Latvia.  Technical data: - Installation time: up to 3min - Weight: 220g - Size: 330 x 150 cm - Packed size: 12 x 16 cm - Material: Noseeum mesh 0,5 oz","og_url":"https:\/\/modernranger.eu\/lv\/products\/mosquito-net\/","og_site_name":"Modern Ranger","article_publisher":"https:\/\/www.facebook.com\/modernnomadlatvia","article_modified_time":"2025-09-12T08:24:05+00:00","og_image":[{"width":1100,"height":733,"url":"https:\/\/modernranger.eu\/wp-content\/uploads\/2023\/09\/Modern_Nomad_Hoodies-26_1100x.webp","type":"image\/webp"}],"twitter_card":"summary_large_image","twitter_misc":{"Est. reading time":"1 min\u016bte"},"schema":{"@context":"https:\/\/schema.org","@graph":[{"@type":"WebPage","@id":"https:\/\/modernranger.eu\/product\/mosquito-net\/","url":"https:\/\/modernranger.eu\/product\/mosquito-net\/","name":"Mosquito net &#8211; Modern Ranger","isPartOf":{"@id":"https:\/\/modernranger.eu\/#website"},"primaryImageOfPage":{"@id":"https:\/\/modernranger.eu\/product\/mosquito-net\/#primaryimage"},"image":{"@id":"https:\/\/modernranger.eu\/product\/mosquito-net\/#primaryimage"},"thumbnailUrl":"https:\/\/modernranger.eu\/wp-content\/uploads\/2023\/09\/Modern_Nomad_Hoodies-26_1100x.webp","datePublished":"2023-09-06T07:12:06+00:00","dateModified":"2025-09-12T08:24:05+00:00","breadcrumb":{"@id":"https:\/\/modernranger.eu\/product\/mosquito-net\/#breadcrumb"},"inLanguage":"lv-LV","potentialAction":[{"@type":"ReadAction","target":["https:\/\/modernranger.eu\/product\/mosquito-net\/"]}]},{"@type":"ImageObject","inLanguage":"lv-LV","@id":"https:\/\/modernranger.eu\/product\/mosquito-net\/#primaryimage","url":"https:\/\/modernranger.eu\/wp-content\/uploads\/2023\/09\/Modern_Nomad_Hoodies-26_1100x.webp","contentUrl":"https:\/\/modernranger.eu\/wp-content\/uploads\/2023\/09\/Modern_Nomad_Hoodies-26_1100x.webp","width":1100,"height":733},{"@type":"BreadcrumbList","@id":"https:\/\/modernranger.eu\/product\/mosquito-net\/#breadcrumb","itemListElement":[{"@type":"ListItem","position":1,"name":"Home","item":"https:\/\/modernranger.eu\/"},{"@type":"ListItem","position":2,"name":"Shop","item":"https:\/\/modernranger.eu\/shop\/"},{"@type":"ListItem","position":3,"name":"Mosquito net"}]},{"@type":"WebSite","@id":"https:\/\/modernranger.eu\/#website","url":"https:\/\/modernranger.eu\/","name":"Modern Ranger","description":"Ultralight hammock &amp; tarp systems for Northern Europe conditions","publisher":{"@id":"https:\/\/modernranger.eu\/#organization"},"potentialAction":[{"@type":"SearchAction","target":{"@type":"EntryPoint","urlTemplate":"https:\/\/modernranger.eu\/?s={search_term_string}"},"query-input":{"@type":"PropertyValueSpecification","valueRequired":true,"valueName":"search_term_string"}}],"inLanguage":"lv-LV"},{"@type":"Organization","@id":"https:\/\/modernranger.eu\/#organization","name":"ModernNomad","url":"https:\/\/modernranger.eu\/","logo":{"@type":"ImageObject","inLanguage":"lv-LV","@id":"https:\/\/modernranger.eu\/#\/schema\/logo\/image\/","url":"https:\/\/modernranger.eu\/wp-content\/uploads\/2025\/06\/favicon_ranger.png","contentUrl":"https:\/\/modernranger.eu\/wp-content\/uploads\/2025\/06\/favicon_ranger.png","width":512,"height":512,"caption":"ModernNomad"},"image":{"@id":"https:\/\/modernranger.eu\/#\/schema\/logo\/image\/"},"sameAs":["https:\/\/www.facebook.com\/modernnomadlatvia"]}]}},"_links":{"self":[{"href":"https:\/\/modernranger.eu\/lv\/wp-json\/wp\/v2\/product\/5138","targetHints":{"allow":["GET"]}}],"collection":[{"href":"https:\/\/modernranger.eu\/lv\/wp-json\/wp\/v2\/product"}],"about":[{"href":"https:\/\/modernranger.eu\/lv\/wp-json\/wp\/v2\/types\/product"}],"replies":[{"embeddable":true,"href":"https:\/\/modernranger.eu\/lv\/wp-json\/wp\/v2\/comments?post=5138"}],"wp:featuredmedia":[{"embeddable":true,"href":"https:\/\/modernranger.eu\/lv\/wp-json\/wp\/v2\/media\/5143"}],"wp:attachment":[{"href":"https:\/\/modernranger.eu\/lv\/wp-json\/wp\/v2\/media?parent=5138"}],"wp:term":[{"taxonomy":"product_brand","embeddable":true,"href":"https:\/\/modernranger.eu\/lv\/wp-json\/wp\/v2\/product_brand?post=5138"},{"taxonomy":"product_cat","embeddable":true,"href":"https:\/\/modernranger.eu\/lv\/wp-json\/wp\/v2\/product_cat?post=5138"},{"taxonomy":"product_tag","embeddable":true,"href":"https:\/\/modernranger.eu\/lv\/wp-json\/wp\/v2\/product_tag?post=5138"},{"taxonomy":"giftcard-category","embeddable":true,"href":"https:\/\/modernranger.eu\/lv\/wp-json\/wp\/v2\/giftcard-category?post=5138"}],"curies":[{"name":"wp","href":"https:\/\/api.w.org\/{rel}","templated":true}]}}