{"id":5149,"date":"2023-09-06T08:31:10","date_gmt":"2023-09-06T07:31:10","guid":{"rendered":"https:\/\/new.modernnomad.eu\/?post_type=product&#038;p=5149"},"modified":"2025-09-12T11:23:50","modified_gmt":"2025-09-12T08:23:50","slug":"cloudboots","status":"publish","type":"product","link":"https:\/\/modernranger.eu\/lv\/products\/cloudboots\/","title":{"rendered":"M\u0101ko\u0146botas"},"content":{"rendered":"<p><strong>Tehnisk\u0101s specifik\u0101cijas:<\/strong><br \/>\n\u2013 Svars: 140g<br \/>\n\u2013\u00a0Mitruma pretest\u012bba: Apavu zole ir iztur\u012bga pret mitrumu, bet nav paredz\u0113ta gar\u0101m pastaig\u0101m<br \/>\n\u2013\u00a0Iepakojuma izm\u0113ri: 20 x 20 cm<br \/>\n\u2013\u00a0Apr\u016bpe: Viegli nomazg\u0101jiet 30 gr\u0101dos, nesausiniet un nelietojiet grie\u0161anos<br \/>\n\u2013\u00a0Materi\u0101ls: neilons, sint\u0113tisk\u0101 izol\u0101cija, neopr\u0113ns<\/p>\n<p><iframe title=\"M\u0101ko\u0146botas\" width=\"780\" height=\"585\" src=\"https:\/\/www.youtube.com\/embed\/Mt9pbJnS0b0?feature=oembed&#038;enablejsapi=1&#038;origin=https:\/\/modernranger.eu\" frameborder=\"0\" allow=\"accelerometer; autoplay; clipboard-write; encrypted-media; gyroscope; picture-in-picture; web-share\" referrerpolicy=\"strict-origin-when-cross-origin\" allowfullscreen><\/iframe><\/p>\n<p>&nbsp;<\/p>","protected":false},"excerpt":{"rendered":"<p>Atceries laiku, kad p\u0113c pastaigas k\u0101jas bija tik aukstas, ka tu t\u0101s vairs nejuti? Varb\u016bt pamod\u0101ties ar ledain\u0101m k\u0101j\u0101m, jo iepriek\u0161\u0113j\u0101 vakar\u0101 vecm\u0101mi\u0146a nebija sild\u012bjusies ar pl\u012bti? Velciet uz m\u016bsu m\u0101ko\u0146u z\u0101bakiem un sasildiet sasalsto\u0161\u0101s k\u0101jas. M\u0101ko\u0146u botas ir tik vieglas un kompaktas, ka t\u0101s pat var ievietot kabat\u0101. 100% komforts gan ziem\u0101, gan vasar\u0101.<\/p>\n<p>Ra\u017eots Eirop\u0101, Latvij\u0101.<\/p>","protected":false},"featured_media":5157,"comment_status":"open","ping_status":"closed","template":"","meta":[],"product_brand":[],"product_cat":[35],"product_tag":[],"giftcard-category":[],"class_list":{"0":"post-5149","1":"product","2":"type-product","3":"status-publish","4":"has-post-thumbnail","6":"product_cat-outdoor-sleeping-systems","8":"first","9":"instock","10":"taxable","11":"shipping-taxable","12":"purchasable","13":"product-type-variable"},"yoast_head":"<!-- This site is optimized with the Yoast SEO plugin v27.5 - https:\/\/yoast.com\/product\/yoast-seo-wordpress\/ -->\n<title>Cloudboots &#8211; Modern Ranger<\/title>\n<meta name=\"robots\" content=\"index, follow, max-snippet:-1, max-image-preview:large, max-video-preview:-1\" \/>\n<link rel=\"canonical\" href=\"https:\/\/modernranger.eu\/lv\/products\/cloudboots\/\" \/>\n<meta property=\"og:locale\" content=\"lv_LV\" \/>\n<meta property=\"og:type\" content=\"article\" \/>\n<meta property=\"og:title\" content=\"Cloudboots &#8211; Modern Ranger\" \/>\n<meta property=\"og:description\" content=\"Remember the time when your legs were so cold after a walk that you didn&#039;t feel them anymore? Maybe you woke up with icy feet because your grandmother hadn&#039;t heated the stove the night before? Pull on our cloud boots and warm your freezing feet. Cloud bots are so light and compact that you can even put them in your pocket. 100% comfort in both winter and summer.  Product made in Europe, Latvia.\" \/>\n<meta property=\"og:url\" content=\"https:\/\/modernranger.eu\/lv\/products\/cloudboots\/\" \/>\n<meta property=\"og:site_name\" content=\"Modern Ranger\" \/>\n<meta property=\"article:publisher\" content=\"https:\/\/www.facebook.com\/modernnomadlatvia\" \/>\n<meta property=\"article:modified_time\" content=\"2025-09-12T08:23:50+00:00\" \/>\n<meta property=\"og:image\" content=\"https:\/\/modernranger.eu\/wp-content\/uploads\/2023\/09\/DSC02206_1100x.webp\" \/>\n\t<meta property=\"og:image:width\" content=\"1100\" \/>\n\t<meta property=\"og:image:height\" content=\"1100\" \/>\n\t<meta property=\"og:image:type\" content=\"image\/webp\" \/>\n<meta name=\"twitter:card\" content=\"summary_large_image\" \/>\n<meta name=\"twitter:label1\" content=\"Est. reading time\" \/>\n\t<meta name=\"twitter:data1\" content=\"1 min\u016bte\" \/>\n<script type=\"application\/ld+json\" class=\"yoast-schema-graph\">{\"@context\":\"https:\\\/\\\/schema.org\",\"@graph\":[{\"@type\":\"WebPage\",\"@id\":\"https:\\\/\\\/modernranger.eu\\\/product\\\/cloudboots\\\/\",\"url\":\"https:\\\/\\\/modernranger.eu\\\/product\\\/cloudboots\\\/\",\"name\":\"Cloudboots &#8211; Modern Ranger\",\"isPartOf\":{\"@id\":\"https:\\\/\\\/modernranger.eu\\\/#website\"},\"primaryImageOfPage\":{\"@id\":\"https:\\\/\\\/modernranger.eu\\\/product\\\/cloudboots\\\/#primaryimage\"},\"image\":{\"@id\":\"https:\\\/\\\/modernranger.eu\\\/product\\\/cloudboots\\\/#primaryimage\"},\"thumbnailUrl\":\"https:\\\/\\\/modernranger.eu\\\/wp-content\\\/uploads\\\/2023\\\/09\\\/DSC02206_1100x.webp\",\"datePublished\":\"2023-09-06T07:31:10+00:00\",\"dateModified\":\"2025-09-12T08:23:50+00:00\",\"breadcrumb\":{\"@id\":\"https:\\\/\\\/modernranger.eu\\\/product\\\/cloudboots\\\/#breadcrumb\"},\"inLanguage\":\"lv-LV\",\"potentialAction\":[{\"@type\":\"ReadAction\",\"target\":[\"https:\\\/\\\/modernranger.eu\\\/product\\\/cloudboots\\\/\"]}]},{\"@type\":\"ImageObject\",\"inLanguage\":\"lv-LV\",\"@id\":\"https:\\\/\\\/modernranger.eu\\\/product\\\/cloudboots\\\/#primaryimage\",\"url\":\"https:\\\/\\\/modernranger.eu\\\/wp-content\\\/uploads\\\/2023\\\/09\\\/DSC02206_1100x.webp\",\"contentUrl\":\"https:\\\/\\\/modernranger.eu\\\/wp-content\\\/uploads\\\/2023\\\/09\\\/DSC02206_1100x.webp\",\"width\":1100,\"height\":1100},{\"@type\":\"BreadcrumbList\",\"@id\":\"https:\\\/\\\/modernranger.eu\\\/product\\\/cloudboots\\\/#breadcrumb\",\"itemListElement\":[{\"@type\":\"ListItem\",\"position\":1,\"name\":\"Home\",\"item\":\"https:\\\/\\\/modernranger.eu\\\/\"},{\"@type\":\"ListItem\",\"position\":2,\"name\":\"Shop\",\"item\":\"https:\\\/\\\/modernranger.eu\\\/shop\\\/\"},{\"@type\":\"ListItem\",\"position\":3,\"name\":\"Cloudboots\"}]},{\"@type\":\"WebSite\",\"@id\":\"https:\\\/\\\/modernranger.eu\\\/#website\",\"url\":\"https:\\\/\\\/modernranger.eu\\\/\",\"name\":\"Modern Ranger\",\"description\":\"Ultralight hammock &amp; tarp systems for Northern Europe conditions\",\"publisher\":{\"@id\":\"https:\\\/\\\/modernranger.eu\\\/#organization\"},\"potentialAction\":[{\"@type\":\"SearchAction\",\"target\":{\"@type\":\"EntryPoint\",\"urlTemplate\":\"https:\\\/\\\/modernranger.eu\\\/?s={search_term_string}\"},\"query-input\":{\"@type\":\"PropertyValueSpecification\",\"valueRequired\":true,\"valueName\":\"search_term_string\"}}],\"inLanguage\":\"lv-LV\"},{\"@type\":\"Organization\",\"@id\":\"https:\\\/\\\/modernranger.eu\\\/#organization\",\"name\":\"ModernNomad\",\"url\":\"https:\\\/\\\/modernranger.eu\\\/\",\"logo\":{\"@type\":\"ImageObject\",\"inLanguage\":\"lv-LV\",\"@id\":\"https:\\\/\\\/modernranger.eu\\\/#\\\/schema\\\/logo\\\/image\\\/\",\"url\":\"https:\\\/\\\/modernranger.eu\\\/wp-content\\\/uploads\\\/2025\\\/06\\\/favicon_ranger.png\",\"contentUrl\":\"https:\\\/\\\/modernranger.eu\\\/wp-content\\\/uploads\\\/2025\\\/06\\\/favicon_ranger.png\",\"width\":512,\"height\":512,\"caption\":\"ModernNomad\"},\"image\":{\"@id\":\"https:\\\/\\\/modernranger.eu\\\/#\\\/schema\\\/logo\\\/image\\\/\"},\"sameAs\":[\"https:\\\/\\\/www.facebook.com\\\/modernnomadlatvia\"]}]}<\/script>\n<!-- \/ Yoast SEO plugin. -->","yoast_head_json":{"title":"Cloudboots &#8211; Modern Ranger","robots":{"index":"index","follow":"follow","max-snippet":"max-snippet:-1","max-image-preview":"max-image-preview:large","max-video-preview":"max-video-preview:-1"},"canonical":"https:\/\/modernranger.eu\/lv\/products\/cloudboots\/","og_locale":"lv_LV","og_type":"article","og_title":"Cloudboots &#8211; Modern Ranger","og_description":"Remember the time when your legs were so cold after a walk that you didn't feel them anymore? Maybe you woke up with icy feet because your grandmother hadn't heated the stove the night before? Pull on our cloud boots and warm your freezing feet. Cloud bots are so light and compact that you can even put them in your pocket. 100% comfort in both winter and summer.  Product made in Europe, Latvia.","og_url":"https:\/\/modernranger.eu\/lv\/products\/cloudboots\/","og_site_name":"Modern Ranger","article_publisher":"https:\/\/www.facebook.com\/modernnomadlatvia","article_modified_time":"2025-09-12T08:23:50+00:00","og_image":[{"width":1100,"height":1100,"url":"https:\/\/modernranger.eu\/wp-content\/uploads\/2023\/09\/DSC02206_1100x.webp","type":"image\/webp"}],"twitter_card":"summary_large_image","twitter_misc":{"Est. reading time":"1 min\u016bte"},"schema":{"@context":"https:\/\/schema.org","@graph":[{"@type":"WebPage","@id":"https:\/\/modernranger.eu\/product\/cloudboots\/","url":"https:\/\/modernranger.eu\/product\/cloudboots\/","name":"Cloudboots &#8211; Modern Ranger","isPartOf":{"@id":"https:\/\/modernranger.eu\/#website"},"primaryImageOfPage":{"@id":"https:\/\/modernranger.eu\/product\/cloudboots\/#primaryimage"},"image":{"@id":"https:\/\/modernranger.eu\/product\/cloudboots\/#primaryimage"},"thumbnailUrl":"https:\/\/modernranger.eu\/wp-content\/uploads\/2023\/09\/DSC02206_1100x.webp","datePublished":"2023-09-06T07:31:10+00:00","dateModified":"2025-09-12T08:23:50+00:00","breadcrumb":{"@id":"https:\/\/modernranger.eu\/product\/cloudboots\/#breadcrumb"},"inLanguage":"lv-LV","potentialAction":[{"@type":"ReadAction","target":["https:\/\/modernranger.eu\/product\/cloudboots\/"]}]},{"@type":"ImageObject","inLanguage":"lv-LV","@id":"https:\/\/modernranger.eu\/product\/cloudboots\/#primaryimage","url":"https:\/\/modernranger.eu\/wp-content\/uploads\/2023\/09\/DSC02206_1100x.webp","contentUrl":"https:\/\/modernranger.eu\/wp-content\/uploads\/2023\/09\/DSC02206_1100x.webp","width":1100,"height":1100},{"@type":"BreadcrumbList","@id":"https:\/\/modernranger.eu\/product\/cloudboots\/#breadcrumb","itemListElement":[{"@type":"ListItem","position":1,"name":"Home","item":"https:\/\/modernranger.eu\/"},{"@type":"ListItem","position":2,"name":"Shop","item":"https:\/\/modernranger.eu\/shop\/"},{"@type":"ListItem","position":3,"name":"Cloudboots"}]},{"@type":"WebSite","@id":"https:\/\/modernranger.eu\/#website","url":"https:\/\/modernranger.eu\/","name":"Modern Ranger","description":"Ultralight hammock &amp; tarp systems for Northern Europe conditions","publisher":{"@id":"https:\/\/modernranger.eu\/#organization"},"potentialAction":[{"@type":"SearchAction","target":{"@type":"EntryPoint","urlTemplate":"https:\/\/modernranger.eu\/?s={search_term_string}"},"query-input":{"@type":"PropertyValueSpecification","valueRequired":true,"valueName":"search_term_string"}}],"inLanguage":"lv-LV"},{"@type":"Organization","@id":"https:\/\/modernranger.eu\/#organization","name":"ModernNomad","url":"https:\/\/modernranger.eu\/","logo":{"@type":"ImageObject","inLanguage":"lv-LV","@id":"https:\/\/modernranger.eu\/#\/schema\/logo\/image\/","url":"https:\/\/modernranger.eu\/wp-content\/uploads\/2025\/06\/favicon_ranger.png","contentUrl":"https:\/\/modernranger.eu\/wp-content\/uploads\/2025\/06\/favicon_ranger.png","width":512,"height":512,"caption":"ModernNomad"},"image":{"@id":"https:\/\/modernranger.eu\/#\/schema\/logo\/image\/"},"sameAs":["https:\/\/www.facebook.com\/modernnomadlatvia"]}]}},"_links":{"self":[{"href":"https:\/\/modernranger.eu\/lv\/wp-json\/wp\/v2\/product\/5149","targetHints":{"allow":["GET"]}}],"collection":[{"href":"https:\/\/modernranger.eu\/lv\/wp-json\/wp\/v2\/product"}],"about":[{"href":"https:\/\/modernranger.eu\/lv\/wp-json\/wp\/v2\/types\/product"}],"replies":[{"embeddable":true,"href":"https:\/\/modernranger.eu\/lv\/wp-json\/wp\/v2\/comments?post=5149"}],"wp:featuredmedia":[{"embeddable":true,"href":"https:\/\/modernranger.eu\/lv\/wp-json\/wp\/v2\/media\/5157"}],"wp:attachment":[{"href":"https:\/\/modernranger.eu\/lv\/wp-json\/wp\/v2\/media?parent=5149"}],"wp:term":[{"taxonomy":"product_brand","embeddable":true,"href":"https:\/\/modernranger.eu\/lv\/wp-json\/wp\/v2\/product_brand?post=5149"},{"taxonomy":"product_cat","embeddable":true,"href":"https:\/\/modernranger.eu\/lv\/wp-json\/wp\/v2\/product_cat?post=5149"},{"taxonomy":"product_tag","embeddable":true,"href":"https:\/\/modernranger.eu\/lv\/wp-json\/wp\/v2\/product_tag?post=5149"},{"taxonomy":"giftcard-category","embeddable":true,"href":"https:\/\/modernranger.eu\/lv\/wp-json\/wp\/v2\/giftcard-category?post=5149"}],"curies":[{"name":"wp","href":"https:\/\/api.w.org\/{rel}","templated":true}]}}