{"id":5159,"date":"2023-09-06T08:47:04","date_gmt":"2023-09-06T07:47:04","guid":{"rendered":"https:\/\/new.modernnomad.eu\/?post_type=product&#038;p=5159"},"modified":"2025-09-12T11:23:51","modified_gmt":"2025-09-12T08:23:51","slug":"2mm-cord-with-uhmwpe-core","status":"publish","type":"product","link":"https:\/\/modernranger.eu\/lv\/products\/2mm-cord-with-uhmwpe-core\/","title":{"rendered":"2mm aukla ar UHMWPE serdi"},"content":{"rendered":"<p><strong>Tehniskie dati:<\/strong><br \/>\n\u2013 Svara notur\u012bba l\u012bdz 180kg.<br \/>\n\u2013 Auklas svars 3g \/ m.<\/p>\n<p>Nav piem\u0113rots alp\u012bnismam.<\/p>","protected":false},"excerpt":{"rendered":"<p>\u012apa\u0161i iztur\u012bgs 2mm aukla ar UHMWPE (ultra augstas molekulmasas) kodolu un polipropil\u0113na apvalku. Lieliski piem\u0113rots telts vai nojumes nostiprin\u0101\u0161anai, k\u0101 ar\u012b citiem m\u0113r\u0137iem. Lieliskas \u012bpa\u0161\u012bbas pat mitros un aukstos apst\u0101k\u013cos. Sakar\u0101 ar to, ka tas saglab\u0101 savu formu, viegli no\u0146emams.<\/p>\n<p>Ra\u017eots Eirop\u0101, Latvij\u0101.<\/p>","protected":false},"featured_media":5166,"comment_status":"open","ping_status":"closed","template":"","meta":[],"product_brand":[],"product_cat":[35],"product_tag":[108],"giftcard-category":[],"class_list":{"0":"post-5159","1":"product","2":"type-product","3":"status-publish","4":"has-post-thumbnail","6":"product_cat-outdoor-sleeping-systems","7":"product_tag-exclude","9":"first","10":"instock","11":"taxable","12":"shipping-taxable","13":"purchasable","14":"product-type-variable"},"yoast_head":"<!-- This site is optimized with the Yoast SEO plugin v27.5 - https:\/\/yoast.com\/product\/yoast-seo-wordpress\/ -->\n<title>2mm cord with UHMWPE core &#8211; Modern Ranger<\/title>\n<meta name=\"robots\" content=\"index, follow, max-snippet:-1, max-image-preview:large, max-video-preview:-1\" \/>\n<link rel=\"canonical\" href=\"https:\/\/modernranger.eu\/lv\/products\/2mm-cord-with-uhmwpe-core\/\" \/>\n<meta property=\"og:locale\" content=\"lv_LV\" \/>\n<meta property=\"og:type\" content=\"article\" \/>\n<meta property=\"og:title\" content=\"2mm cord with UHMWPE core &#8211; Modern Ranger\" \/>\n<meta property=\"og:description\" content=\"Extremely durable 2mm cord with UHMWPE (ultra high molecular weight) core and polypropylene sheath. Great for securing a tent or awning, as well as for other purposes. Does not stretch. Excellent preservation properties even in wet and cold conditions. Due to the fact that it retains its shape, easily detachable.  Product made in Europe, Latvia.\" \/>\n<meta property=\"og:url\" content=\"https:\/\/modernranger.eu\/lv\/products\/2mm-cord-with-uhmwpe-core\/\" \/>\n<meta property=\"og:site_name\" content=\"Modern Ranger\" \/>\n<meta property=\"article:publisher\" content=\"https:\/\/www.facebook.com\/modernnomadlatvia\" \/>\n<meta property=\"article:modified_time\" content=\"2025-09-12T08:23:51+00:00\" \/>\n<meta property=\"og:image\" content=\"https:\/\/modernranger.eu\/wp-content\/uploads\/2023\/09\/MN_TELTENES_OGRES_ZILIE_KALNI-33_1100x.webp\" \/>\n\t<meta property=\"og:image:width\" content=\"1100\" \/>\n\t<meta property=\"og:image:height\" content=\"733\" \/>\n\t<meta property=\"og:image:type\" content=\"image\/webp\" \/>\n<meta name=\"twitter:card\" content=\"summary_large_image\" \/>\n<meta name=\"twitter:label1\" content=\"Est. reading time\" \/>\n\t<meta name=\"twitter:data1\" content=\"1 min\u016bte\" \/>\n<script type=\"application\/ld+json\" class=\"yoast-schema-graph\">{\"@context\":\"https:\\\/\\\/schema.org\",\"@graph\":[{\"@type\":\"WebPage\",\"@id\":\"https:\\\/\\\/modernranger.eu\\\/product\\\/2mm-cord-with-uhmwpe-core\\\/\",\"url\":\"https:\\\/\\\/modernranger.eu\\\/product\\\/2mm-cord-with-uhmwpe-core\\\/\",\"name\":\"2mm cord with UHMWPE core &#8211; Modern Ranger\",\"isPartOf\":{\"@id\":\"https:\\\/\\\/modernranger.eu\\\/#website\"},\"primaryImageOfPage\":{\"@id\":\"https:\\\/\\\/modernranger.eu\\\/product\\\/2mm-cord-with-uhmwpe-core\\\/#primaryimage\"},\"image\":{\"@id\":\"https:\\\/\\\/modernranger.eu\\\/product\\\/2mm-cord-with-uhmwpe-core\\\/#primaryimage\"},\"thumbnailUrl\":\"https:\\\/\\\/modernranger.eu\\\/wp-content\\\/uploads\\\/2023\\\/09\\\/MN_TELTENES_OGRES_ZILIE_KALNI-33_1100x.webp\",\"datePublished\":\"2023-09-06T07:47:04+00:00\",\"dateModified\":\"2025-09-12T08:23:51+00:00\",\"breadcrumb\":{\"@id\":\"https:\\\/\\\/modernranger.eu\\\/product\\\/2mm-cord-with-uhmwpe-core\\\/#breadcrumb\"},\"inLanguage\":\"lv-LV\",\"potentialAction\":[{\"@type\":\"ReadAction\",\"target\":[\"https:\\\/\\\/modernranger.eu\\\/product\\\/2mm-cord-with-uhmwpe-core\\\/\"]}]},{\"@type\":\"ImageObject\",\"inLanguage\":\"lv-LV\",\"@id\":\"https:\\\/\\\/modernranger.eu\\\/product\\\/2mm-cord-with-uhmwpe-core\\\/#primaryimage\",\"url\":\"https:\\\/\\\/modernranger.eu\\\/wp-content\\\/uploads\\\/2023\\\/09\\\/MN_TELTENES_OGRES_ZILIE_KALNI-33_1100x.webp\",\"contentUrl\":\"https:\\\/\\\/modernranger.eu\\\/wp-content\\\/uploads\\\/2023\\\/09\\\/MN_TELTENES_OGRES_ZILIE_KALNI-33_1100x.webp\",\"width\":1100,\"height\":733},{\"@type\":\"BreadcrumbList\",\"@id\":\"https:\\\/\\\/modernranger.eu\\\/product\\\/2mm-cord-with-uhmwpe-core\\\/#breadcrumb\",\"itemListElement\":[{\"@type\":\"ListItem\",\"position\":1,\"name\":\"Home\",\"item\":\"https:\\\/\\\/modernranger.eu\\\/\"},{\"@type\":\"ListItem\",\"position\":2,\"name\":\"Shop\",\"item\":\"https:\\\/\\\/modernranger.eu\\\/shop\\\/\"},{\"@type\":\"ListItem\",\"position\":3,\"name\":\"2mm cord with UHMWPE core\"}]},{\"@type\":\"WebSite\",\"@id\":\"https:\\\/\\\/modernranger.eu\\\/#website\",\"url\":\"https:\\\/\\\/modernranger.eu\\\/\",\"name\":\"Modern Ranger\",\"description\":\"Ultralight hammock &amp; tarp systems for Northern Europe conditions\",\"publisher\":{\"@id\":\"https:\\\/\\\/modernranger.eu\\\/#organization\"},\"potentialAction\":[{\"@type\":\"SearchAction\",\"target\":{\"@type\":\"EntryPoint\",\"urlTemplate\":\"https:\\\/\\\/modernranger.eu\\\/?s={search_term_string}\"},\"query-input\":{\"@type\":\"PropertyValueSpecification\",\"valueRequired\":true,\"valueName\":\"search_term_string\"}}],\"inLanguage\":\"lv-LV\"},{\"@type\":\"Organization\",\"@id\":\"https:\\\/\\\/modernranger.eu\\\/#organization\",\"name\":\"ModernNomad\",\"url\":\"https:\\\/\\\/modernranger.eu\\\/\",\"logo\":{\"@type\":\"ImageObject\",\"inLanguage\":\"lv-LV\",\"@id\":\"https:\\\/\\\/modernranger.eu\\\/#\\\/schema\\\/logo\\\/image\\\/\",\"url\":\"https:\\\/\\\/modernranger.eu\\\/wp-content\\\/uploads\\\/2025\\\/06\\\/favicon_ranger.png\",\"contentUrl\":\"https:\\\/\\\/modernranger.eu\\\/wp-content\\\/uploads\\\/2025\\\/06\\\/favicon_ranger.png\",\"width\":512,\"height\":512,\"caption\":\"ModernNomad\"},\"image\":{\"@id\":\"https:\\\/\\\/modernranger.eu\\\/#\\\/schema\\\/logo\\\/image\\\/\"},\"sameAs\":[\"https:\\\/\\\/www.facebook.com\\\/modernnomadlatvia\"]}]}<\/script>\n<!-- \/ Yoast SEO plugin. -->","yoast_head_json":{"title":"2mm cord with UHMWPE core &#8211; Modern Ranger","robots":{"index":"index","follow":"follow","max-snippet":"max-snippet:-1","max-image-preview":"max-image-preview:large","max-video-preview":"max-video-preview:-1"},"canonical":"https:\/\/modernranger.eu\/lv\/products\/2mm-cord-with-uhmwpe-core\/","og_locale":"lv_LV","og_type":"article","og_title":"2mm cord with UHMWPE core &#8211; Modern Ranger","og_description":"Extremely durable 2mm cord with UHMWPE (ultra high molecular weight) core and polypropylene sheath. Great for securing a tent or awning, as well as for other purposes. Does not stretch. Excellent preservation properties even in wet and cold conditions. Due to the fact that it retains its shape, easily detachable.  Product made in Europe, Latvia.","og_url":"https:\/\/modernranger.eu\/lv\/products\/2mm-cord-with-uhmwpe-core\/","og_site_name":"Modern Ranger","article_publisher":"https:\/\/www.facebook.com\/modernnomadlatvia","article_modified_time":"2025-09-12T08:23:51+00:00","og_image":[{"width":1100,"height":733,"url":"https:\/\/modernranger.eu\/wp-content\/uploads\/2023\/09\/MN_TELTENES_OGRES_ZILIE_KALNI-33_1100x.webp","type":"image\/webp"}],"twitter_card":"summary_large_image","twitter_misc":{"Est. reading time":"1 min\u016bte"},"schema":{"@context":"https:\/\/schema.org","@graph":[{"@type":"WebPage","@id":"https:\/\/modernranger.eu\/product\/2mm-cord-with-uhmwpe-core\/","url":"https:\/\/modernranger.eu\/product\/2mm-cord-with-uhmwpe-core\/","name":"2mm cord with UHMWPE core &#8211; Modern Ranger","isPartOf":{"@id":"https:\/\/modernranger.eu\/#website"},"primaryImageOfPage":{"@id":"https:\/\/modernranger.eu\/product\/2mm-cord-with-uhmwpe-core\/#primaryimage"},"image":{"@id":"https:\/\/modernranger.eu\/product\/2mm-cord-with-uhmwpe-core\/#primaryimage"},"thumbnailUrl":"https:\/\/modernranger.eu\/wp-content\/uploads\/2023\/09\/MN_TELTENES_OGRES_ZILIE_KALNI-33_1100x.webp","datePublished":"2023-09-06T07:47:04+00:00","dateModified":"2025-09-12T08:23:51+00:00","breadcrumb":{"@id":"https:\/\/modernranger.eu\/product\/2mm-cord-with-uhmwpe-core\/#breadcrumb"},"inLanguage":"lv-LV","potentialAction":[{"@type":"ReadAction","target":["https:\/\/modernranger.eu\/product\/2mm-cord-with-uhmwpe-core\/"]}]},{"@type":"ImageObject","inLanguage":"lv-LV","@id":"https:\/\/modernranger.eu\/product\/2mm-cord-with-uhmwpe-core\/#primaryimage","url":"https:\/\/modernranger.eu\/wp-content\/uploads\/2023\/09\/MN_TELTENES_OGRES_ZILIE_KALNI-33_1100x.webp","contentUrl":"https:\/\/modernranger.eu\/wp-content\/uploads\/2023\/09\/MN_TELTENES_OGRES_ZILIE_KALNI-33_1100x.webp","width":1100,"height":733},{"@type":"BreadcrumbList","@id":"https:\/\/modernranger.eu\/product\/2mm-cord-with-uhmwpe-core\/#breadcrumb","itemListElement":[{"@type":"ListItem","position":1,"name":"Home","item":"https:\/\/modernranger.eu\/"},{"@type":"ListItem","position":2,"name":"Shop","item":"https:\/\/modernranger.eu\/shop\/"},{"@type":"ListItem","position":3,"name":"2mm cord with UHMWPE core"}]},{"@type":"WebSite","@id":"https:\/\/modernranger.eu\/#website","url":"https:\/\/modernranger.eu\/","name":"Modern Ranger","description":"Ultralight hammock &amp; tarp systems for Northern Europe conditions","publisher":{"@id":"https:\/\/modernranger.eu\/#organization"},"potentialAction":[{"@type":"SearchAction","target":{"@type":"EntryPoint","urlTemplate":"https:\/\/modernranger.eu\/?s={search_term_string}"},"query-input":{"@type":"PropertyValueSpecification","valueRequired":true,"valueName":"search_term_string"}}],"inLanguage":"lv-LV"},{"@type":"Organization","@id":"https:\/\/modernranger.eu\/#organization","name":"ModernNomad","url":"https:\/\/modernranger.eu\/","logo":{"@type":"ImageObject","inLanguage":"lv-LV","@id":"https:\/\/modernranger.eu\/#\/schema\/logo\/image\/","url":"https:\/\/modernranger.eu\/wp-content\/uploads\/2025\/06\/favicon_ranger.png","contentUrl":"https:\/\/modernranger.eu\/wp-content\/uploads\/2025\/06\/favicon_ranger.png","width":512,"height":512,"caption":"ModernNomad"},"image":{"@id":"https:\/\/modernranger.eu\/#\/schema\/logo\/image\/"},"sameAs":["https:\/\/www.facebook.com\/modernnomadlatvia"]}]}},"_links":{"self":[{"href":"https:\/\/modernranger.eu\/lv\/wp-json\/wp\/v2\/product\/5159","targetHints":{"allow":["GET"]}}],"collection":[{"href":"https:\/\/modernranger.eu\/lv\/wp-json\/wp\/v2\/product"}],"about":[{"href":"https:\/\/modernranger.eu\/lv\/wp-json\/wp\/v2\/types\/product"}],"replies":[{"embeddable":true,"href":"https:\/\/modernranger.eu\/lv\/wp-json\/wp\/v2\/comments?post=5159"}],"wp:featuredmedia":[{"embeddable":true,"href":"https:\/\/modernranger.eu\/lv\/wp-json\/wp\/v2\/media\/5166"}],"wp:attachment":[{"href":"https:\/\/modernranger.eu\/lv\/wp-json\/wp\/v2\/media?parent=5159"}],"wp:term":[{"taxonomy":"product_brand","embeddable":true,"href":"https:\/\/modernranger.eu\/lv\/wp-json\/wp\/v2\/product_brand?post=5159"},{"taxonomy":"product_cat","embeddable":true,"href":"https:\/\/modernranger.eu\/lv\/wp-json\/wp\/v2\/product_cat?post=5159"},{"taxonomy":"product_tag","embeddable":true,"href":"https:\/\/modernranger.eu\/lv\/wp-json\/wp\/v2\/product_tag?post=5159"},{"taxonomy":"giftcard-category","embeddable":true,"href":"https:\/\/modernranger.eu\/lv\/wp-json\/wp\/v2\/giftcard-category?post=5159"}],"curies":[{"name":"wp","href":"https:\/\/api.w.org\/{rel}","templated":true}]}}