{"id":6479,"date":"2024-05-06T15:35:05","date_gmt":"2024-05-06T12:35:05","guid":{"rendered":"https:\/\/modernnomad.eu\/?post_type=product&#038;p=6479"},"modified":"2026-05-09T10:40:41","modified_gmt":"2026-05-09T07:40:41","slug":"buckwheat-meal","status":"publish","type":"product","link":"https:\/\/modernranger.eu\/lv\/products\/buckwheat-meal\/","title":{"rendered":"Gri\u0137u malt\u012bte"},"content":{"rendered":"","protected":false},"excerpt":{"rendered":"<p>Jaud\u012bga, kalorij\u0101m bag\u0101ta gri\u0137u malt\u012bte ar malto ga\u013cu sald\u0101 kr\u0113juma m\u0113rc\u0113. Atver iepakojumu  (svars 120 grami), no t\u0101 iz\u0146em sk\u0101bek\u013ca absorberi, paci\u0146\u0101 ielej 200g karsta \u016bdens, samaisi, aiztaisi iepakojumu ar \u201czip-lock\u201d aizdari, pagaidi 10 min\u016btes, un sp\u0113cino\u0161a malt\u012bte ir gatava. Labu apet\u012bti!<\/p>","protected":false},"featured_media":7147,"comment_status":"open","ping_status":"closed","template":"","meta":[],"product_brand":[],"product_cat":[76],"product_tag":[108],"giftcard-category":[],"class_list":{"0":"post-6479","1":"product","2":"type-product","3":"status-publish","4":"has-post-thumbnail","6":"product_cat-camp-kitchen","7":"product_tag-exclude","9":"first","10":"instock","11":"taxable","12":"shipping-taxable","13":"purchasable","14":"product-type-simple"},"yoast_head":"<!-- This site is optimized with the Yoast SEO plugin v27.5 - https:\/\/yoast.com\/product\/yoast-seo-wordpress\/ -->\n<title>Buckwheat meal &#8211; Modern Ranger<\/title>\n<meta name=\"robots\" content=\"index, follow, max-snippet:-1, max-image-preview:large, max-video-preview:-1\" \/>\n<link rel=\"canonical\" href=\"https:\/\/modernranger.eu\/lv\/products\/buckwheat-meal\/\" \/>\n<meta property=\"og:locale\" content=\"lv_LV\" \/>\n<meta property=\"og:type\" content=\"article\" \/>\n<meta property=\"og:title\" content=\"Buckwheat meal &#8211; Modern Ranger\" \/>\n<meta property=\"og:description\" content=\"Robust, calorie-rich buckwheat meal with minced meat in a sweet cream sauce. Open the package (weight 120 grams), remove the oxygen absorbers, pour 200g of hot water into the pouch, mix, seal the package with a zip-lock closure, wait for 10 minutes, and a satisfying meal is ready. Enjoy your meal!\" \/>\n<meta property=\"og:url\" content=\"https:\/\/modernranger.eu\/lv\/products\/buckwheat-meal\/\" \/>\n<meta property=\"og:site_name\" content=\"Modern Ranger\" \/>\n<meta property=\"article:publisher\" content=\"https:\/\/www.facebook.com\/modernnomadlatvia\" \/>\n<meta property=\"article:modified_time\" content=\"2026-05-09T07:40:41+00:00\" \/>\n<meta property=\"og:image\" content=\"https:\/\/modernranger.eu\/wp-content\/uploads\/2024\/10\/griku-maltite.jpg\" \/>\n\t<meta property=\"og:image:width\" content=\"1080\" \/>\n\t<meta property=\"og:image:height\" content=\"1080\" \/>\n\t<meta property=\"og:image:type\" content=\"image\/jpeg\" \/>\n<meta name=\"twitter:card\" content=\"summary_large_image\" \/>\n<meta name=\"twitter:label1\" content=\"Est. reading time\" \/>\n\t<meta name=\"twitter:data1\" content=\"1 min\u016bte\" \/>\n<script type=\"application\/ld+json\" class=\"yoast-schema-graph\">{\"@context\":\"https:\\\/\\\/schema.org\",\"@graph\":[{\"@type\":\"WebPage\",\"@id\":\"https:\\\/\\\/modernranger.eu\\\/product\\\/buckwheat-meal\\\/\",\"url\":\"https:\\\/\\\/modernranger.eu\\\/product\\\/buckwheat-meal\\\/\",\"name\":\"Buckwheat meal &#8211; Modern Ranger\",\"isPartOf\":{\"@id\":\"https:\\\/\\\/modernranger.eu\\\/#website\"},\"primaryImageOfPage\":{\"@id\":\"https:\\\/\\\/modernranger.eu\\\/product\\\/buckwheat-meal\\\/#primaryimage\"},\"image\":{\"@id\":\"https:\\\/\\\/modernranger.eu\\\/product\\\/buckwheat-meal\\\/#primaryimage\"},\"thumbnailUrl\":\"https:\\\/\\\/modernranger.eu\\\/wp-content\\\/uploads\\\/2024\\\/10\\\/griku-maltite.jpg\",\"datePublished\":\"2024-05-06T12:35:05+00:00\",\"dateModified\":\"2026-05-09T07:40:41+00:00\",\"breadcrumb\":{\"@id\":\"https:\\\/\\\/modernranger.eu\\\/product\\\/buckwheat-meal\\\/#breadcrumb\"},\"inLanguage\":\"lv-LV\",\"potentialAction\":[{\"@type\":\"ReadAction\",\"target\":[\"https:\\\/\\\/modernranger.eu\\\/product\\\/buckwheat-meal\\\/\"]}]},{\"@type\":\"ImageObject\",\"inLanguage\":\"lv-LV\",\"@id\":\"https:\\\/\\\/modernranger.eu\\\/product\\\/buckwheat-meal\\\/#primaryimage\",\"url\":\"https:\\\/\\\/modernranger.eu\\\/wp-content\\\/uploads\\\/2024\\\/10\\\/griku-maltite.jpg\",\"contentUrl\":\"https:\\\/\\\/modernranger.eu\\\/wp-content\\\/uploads\\\/2024\\\/10\\\/griku-maltite.jpg\",\"width\":1080,\"height\":1080},{\"@type\":\"BreadcrumbList\",\"@id\":\"https:\\\/\\\/modernranger.eu\\\/product\\\/buckwheat-meal\\\/#breadcrumb\",\"itemListElement\":[{\"@type\":\"ListItem\",\"position\":1,\"name\":\"Home\",\"item\":\"https:\\\/\\\/modernranger.eu\\\/\"},{\"@type\":\"ListItem\",\"position\":2,\"name\":\"Shop\",\"item\":\"https:\\\/\\\/modernranger.eu\\\/shop\\\/\"},{\"@type\":\"ListItem\",\"position\":3,\"name\":\"Buckwheat meal\"}]},{\"@type\":\"WebSite\",\"@id\":\"https:\\\/\\\/modernranger.eu\\\/#website\",\"url\":\"https:\\\/\\\/modernranger.eu\\\/\",\"name\":\"Modern Ranger\",\"description\":\"Ultralight hammock &amp; tarp systems for Northern Europe conditions\",\"publisher\":{\"@id\":\"https:\\\/\\\/modernranger.eu\\\/#organization\"},\"potentialAction\":[{\"@type\":\"SearchAction\",\"target\":{\"@type\":\"EntryPoint\",\"urlTemplate\":\"https:\\\/\\\/modernranger.eu\\\/?s={search_term_string}\"},\"query-input\":{\"@type\":\"PropertyValueSpecification\",\"valueRequired\":true,\"valueName\":\"search_term_string\"}}],\"inLanguage\":\"lv-LV\"},{\"@type\":\"Organization\",\"@id\":\"https:\\\/\\\/modernranger.eu\\\/#organization\",\"name\":\"ModernNomad\",\"url\":\"https:\\\/\\\/modernranger.eu\\\/\",\"logo\":{\"@type\":\"ImageObject\",\"inLanguage\":\"lv-LV\",\"@id\":\"https:\\\/\\\/modernranger.eu\\\/#\\\/schema\\\/logo\\\/image\\\/\",\"url\":\"https:\\\/\\\/modernranger.eu\\\/wp-content\\\/uploads\\\/2025\\\/06\\\/favicon_ranger.png\",\"contentUrl\":\"https:\\\/\\\/modernranger.eu\\\/wp-content\\\/uploads\\\/2025\\\/06\\\/favicon_ranger.png\",\"width\":512,\"height\":512,\"caption\":\"ModernNomad\"},\"image\":{\"@id\":\"https:\\\/\\\/modernranger.eu\\\/#\\\/schema\\\/logo\\\/image\\\/\"},\"sameAs\":[\"https:\\\/\\\/www.facebook.com\\\/modernnomadlatvia\"]}]}<\/script>\n<!-- \/ Yoast SEO plugin. -->","yoast_head_json":{"title":"Buckwheat meal &#8211; Modern Ranger","robots":{"index":"index","follow":"follow","max-snippet":"max-snippet:-1","max-image-preview":"max-image-preview:large","max-video-preview":"max-video-preview:-1"},"canonical":"https:\/\/modernranger.eu\/lv\/products\/buckwheat-meal\/","og_locale":"lv_LV","og_type":"article","og_title":"Buckwheat meal &#8211; Modern Ranger","og_description":"Robust, calorie-rich buckwheat meal with minced meat in a sweet cream sauce. Open the package (weight 120 grams), remove the oxygen absorbers, pour 200g of hot water into the pouch, mix, seal the package with a zip-lock closure, wait for 10 minutes, and a satisfying meal is ready. Enjoy your meal!","og_url":"https:\/\/modernranger.eu\/lv\/products\/buckwheat-meal\/","og_site_name":"Modern Ranger","article_publisher":"https:\/\/www.facebook.com\/modernnomadlatvia","article_modified_time":"2026-05-09T07:40:41+00:00","og_image":[{"width":1080,"height":1080,"url":"https:\/\/modernranger.eu\/wp-content\/uploads\/2024\/10\/griku-maltite.jpg","type":"image\/jpeg"}],"twitter_card":"summary_large_image","twitter_misc":{"Est. reading time":"1 min\u016bte"},"schema":{"@context":"https:\/\/schema.org","@graph":[{"@type":"WebPage","@id":"https:\/\/modernranger.eu\/product\/buckwheat-meal\/","url":"https:\/\/modernranger.eu\/product\/buckwheat-meal\/","name":"Buckwheat meal &#8211; Modern Ranger","isPartOf":{"@id":"https:\/\/modernranger.eu\/#website"},"primaryImageOfPage":{"@id":"https:\/\/modernranger.eu\/product\/buckwheat-meal\/#primaryimage"},"image":{"@id":"https:\/\/modernranger.eu\/product\/buckwheat-meal\/#primaryimage"},"thumbnailUrl":"https:\/\/modernranger.eu\/wp-content\/uploads\/2024\/10\/griku-maltite.jpg","datePublished":"2024-05-06T12:35:05+00:00","dateModified":"2026-05-09T07:40:41+00:00","breadcrumb":{"@id":"https:\/\/modernranger.eu\/product\/buckwheat-meal\/#breadcrumb"},"inLanguage":"lv-LV","potentialAction":[{"@type":"ReadAction","target":["https:\/\/modernranger.eu\/product\/buckwheat-meal\/"]}]},{"@type":"ImageObject","inLanguage":"lv-LV","@id":"https:\/\/modernranger.eu\/product\/buckwheat-meal\/#primaryimage","url":"https:\/\/modernranger.eu\/wp-content\/uploads\/2024\/10\/griku-maltite.jpg","contentUrl":"https:\/\/modernranger.eu\/wp-content\/uploads\/2024\/10\/griku-maltite.jpg","width":1080,"height":1080},{"@type":"BreadcrumbList","@id":"https:\/\/modernranger.eu\/product\/buckwheat-meal\/#breadcrumb","itemListElement":[{"@type":"ListItem","position":1,"name":"Home","item":"https:\/\/modernranger.eu\/"},{"@type":"ListItem","position":2,"name":"Shop","item":"https:\/\/modernranger.eu\/shop\/"},{"@type":"ListItem","position":3,"name":"Buckwheat meal"}]},{"@type":"WebSite","@id":"https:\/\/modernranger.eu\/#website","url":"https:\/\/modernranger.eu\/","name":"Modern Ranger","description":"Ultralight hammock &amp; tarp systems for Northern Europe conditions","publisher":{"@id":"https:\/\/modernranger.eu\/#organization"},"potentialAction":[{"@type":"SearchAction","target":{"@type":"EntryPoint","urlTemplate":"https:\/\/modernranger.eu\/?s={search_term_string}"},"query-input":{"@type":"PropertyValueSpecification","valueRequired":true,"valueName":"search_term_string"}}],"inLanguage":"lv-LV"},{"@type":"Organization","@id":"https:\/\/modernranger.eu\/#organization","name":"ModernNomad","url":"https:\/\/modernranger.eu\/","logo":{"@type":"ImageObject","inLanguage":"lv-LV","@id":"https:\/\/modernranger.eu\/#\/schema\/logo\/image\/","url":"https:\/\/modernranger.eu\/wp-content\/uploads\/2025\/06\/favicon_ranger.png","contentUrl":"https:\/\/modernranger.eu\/wp-content\/uploads\/2025\/06\/favicon_ranger.png","width":512,"height":512,"caption":"ModernNomad"},"image":{"@id":"https:\/\/modernranger.eu\/#\/schema\/logo\/image\/"},"sameAs":["https:\/\/www.facebook.com\/modernnomadlatvia"]}]}},"_links":{"self":[{"href":"https:\/\/modernranger.eu\/lv\/wp-json\/wp\/v2\/product\/6479","targetHints":{"allow":["GET"]}}],"collection":[{"href":"https:\/\/modernranger.eu\/lv\/wp-json\/wp\/v2\/product"}],"about":[{"href":"https:\/\/modernranger.eu\/lv\/wp-json\/wp\/v2\/types\/product"}],"replies":[{"embeddable":true,"href":"https:\/\/modernranger.eu\/lv\/wp-json\/wp\/v2\/comments?post=6479"}],"wp:featuredmedia":[{"embeddable":true,"href":"https:\/\/modernranger.eu\/lv\/wp-json\/wp\/v2\/media\/7147"}],"wp:attachment":[{"href":"https:\/\/modernranger.eu\/lv\/wp-json\/wp\/v2\/media?parent=6479"}],"wp:term":[{"taxonomy":"product_brand","embeddable":true,"href":"https:\/\/modernranger.eu\/lv\/wp-json\/wp\/v2\/product_brand?post=6479"},{"taxonomy":"product_cat","embeddable":true,"href":"https:\/\/modernranger.eu\/lv\/wp-json\/wp\/v2\/product_cat?post=6479"},{"taxonomy":"product_tag","embeddable":true,"href":"https:\/\/modernranger.eu\/lv\/wp-json\/wp\/v2\/product_tag?post=6479"},{"taxonomy":"giftcard-category","embeddable":true,"href":"https:\/\/modernranger.eu\/lv\/wp-json\/wp\/v2\/giftcard-category?post=6479"}],"curies":[{"name":"wp","href":"https:\/\/api.w.org\/{rel}","templated":true}]}}