{"id":7220,"date":"2024-11-14T12:47:20","date_gmt":"2024-11-14T10:47:20","guid":{"rendered":"https:\/\/modernnomad.eu\/?post_type=product&#038;p=7220"},"modified":"2026-01-28T16:08:46","modified_gmt":"2026-01-28T14:08:46","slug":"potato-vegetable-meal","status":"publish","type":"product","link":"https:\/\/modernranger.eu\/lv\/products\/potato-vegetable-meal\/","title":{"rendered":"Kartupe\u013cu - d\u0101rze\u0146u malt\u012bte"},"content":{"rendered":"","protected":false},"excerpt":{"rendered":"<p>Ve\u0123et\u0101rs, gar\u0161\u012bgs un maigs kartupe\u013cu biezenis ar burk\u0101niem, pu\u0137k\u0101postiem un saldo kr\u0113jumu. Iepakojuma svars: 120 g.<\/p>\n<p>Atverot iepakojumu, no t\u0101 j\u0101iz\u0146em sk\u0101bek\u013ca absorberis. Paci\u0146\u0101 j\u0101ielej 300 ml karsta \u016bdens un k\u0101rt\u012bgi j\u0101samaisa. Iepakojumu aizver un \u013cauj malt\u012btei uzbriest 10 min\u016btes. P\u0113c tam malt\u012bte ir gatava baud\u012b\u0161anai.<\/p>","protected":false},"featured_media":7149,"comment_status":"closed","ping_status":"closed","template":"","meta":[],"product_brand":[],"product_cat":[76],"product_tag":[108],"giftcard-category":[],"class_list":{"0":"post-7220","1":"product","2":"type-product","3":"status-publish","4":"has-post-thumbnail","6":"product_cat-camp-kitchen","7":"product_tag-exclude","9":"first","10":"instock","11":"taxable","12":"shipping-taxable","13":"purchasable","14":"product-type-simple"},"yoast_head":"<!-- This site is optimized with the Yoast SEO plugin v27.5 - https:\/\/yoast.com\/product\/yoast-seo-wordpress\/ -->\n<title>Potato - Vegetable Meal &#8211; Modern Ranger<\/title>\n<meta name=\"robots\" content=\"index, follow, max-snippet:-1, max-image-preview:large, max-video-preview:-1\" \/>\n<link rel=\"canonical\" href=\"https:\/\/modernranger.eu\/lv\/products\/potato-vegetable-meal\/\" \/>\n<meta property=\"og:locale\" content=\"lv_LV\" \/>\n<meta property=\"og:type\" content=\"article\" \/>\n<meta property=\"og:title\" content=\"Potato - Vegetable Meal &#8211; Modern Ranger\" \/>\n<meta property=\"og:description\" content=\"Delicious, and creamy vegetarian mashed potato dish with carrots, cauliflower, and cream. Package weight: 120 g.  Open the package, remove the oxygen absorber. Pour 300 ml of hot water into the pouch and mix thoroughly. Close the package and let the meal sit for 10 minutes to rehydrate. After that, the meal is ready to enjoy.\" \/>\n<meta property=\"og:url\" content=\"https:\/\/modernranger.eu\/lv\/products\/potato-vegetable-meal\/\" \/>\n<meta property=\"og:site_name\" content=\"Modern Ranger\" \/>\n<meta property=\"article:publisher\" content=\"https:\/\/www.facebook.com\/modernnomadlatvia\" \/>\n<meta property=\"article:modified_time\" content=\"2026-01-28T14:08:46+00:00\" \/>\n<meta property=\"og:image\" content=\"https:\/\/modernranger.eu\/wp-content\/uploads\/2024\/10\/kartupelu-darzenu-maltite.jpg\" \/>\n\t<meta property=\"og:image:width\" content=\"1080\" \/>\n\t<meta property=\"og:image:height\" content=\"1080\" \/>\n\t<meta property=\"og:image:type\" content=\"image\/jpeg\" \/>\n<meta name=\"twitter:card\" content=\"summary_large_image\" \/>\n<meta name=\"twitter:label1\" content=\"Est. reading time\" \/>\n\t<meta name=\"twitter:data1\" content=\"1 min\u016bte\" \/>\n<script type=\"application\/ld+json\" class=\"yoast-schema-graph\">{\"@context\":\"https:\\\/\\\/schema.org\",\"@graph\":[{\"@type\":\"WebPage\",\"@id\":\"https:\\\/\\\/modernranger.eu\\\/product\\\/potato-vegetable-meal\\\/\",\"url\":\"https:\\\/\\\/modernranger.eu\\\/product\\\/potato-vegetable-meal\\\/\",\"name\":\"Potato - Vegetable Meal &#8211; Modern Ranger\",\"isPartOf\":{\"@id\":\"https:\\\/\\\/modernranger.eu\\\/#website\"},\"primaryImageOfPage\":{\"@id\":\"https:\\\/\\\/modernranger.eu\\\/product\\\/potato-vegetable-meal\\\/#primaryimage\"},\"image\":{\"@id\":\"https:\\\/\\\/modernranger.eu\\\/product\\\/potato-vegetable-meal\\\/#primaryimage\"},\"thumbnailUrl\":\"https:\\\/\\\/modernranger.eu\\\/wp-content\\\/uploads\\\/2024\\\/10\\\/kartupelu-darzenu-maltite.jpg\",\"datePublished\":\"2024-11-14T10:47:20+00:00\",\"dateModified\":\"2026-01-28T14:08:46+00:00\",\"breadcrumb\":{\"@id\":\"https:\\\/\\\/modernranger.eu\\\/product\\\/potato-vegetable-meal\\\/#breadcrumb\"},\"inLanguage\":\"lv-LV\",\"potentialAction\":[{\"@type\":\"ReadAction\",\"target\":[\"https:\\\/\\\/modernranger.eu\\\/product\\\/potato-vegetable-meal\\\/\"]}]},{\"@type\":\"ImageObject\",\"inLanguage\":\"lv-LV\",\"@id\":\"https:\\\/\\\/modernranger.eu\\\/product\\\/potato-vegetable-meal\\\/#primaryimage\",\"url\":\"https:\\\/\\\/modernranger.eu\\\/wp-content\\\/uploads\\\/2024\\\/10\\\/kartupelu-darzenu-maltite.jpg\",\"contentUrl\":\"https:\\\/\\\/modernranger.eu\\\/wp-content\\\/uploads\\\/2024\\\/10\\\/kartupelu-darzenu-maltite.jpg\",\"width\":1080,\"height\":1080},{\"@type\":\"BreadcrumbList\",\"@id\":\"https:\\\/\\\/modernranger.eu\\\/product\\\/potato-vegetable-meal\\\/#breadcrumb\",\"itemListElement\":[{\"@type\":\"ListItem\",\"position\":1,\"name\":\"Home\",\"item\":\"https:\\\/\\\/modernranger.eu\\\/\"},{\"@type\":\"ListItem\",\"position\":2,\"name\":\"Shop\",\"item\":\"https:\\\/\\\/modernranger.eu\\\/shop\\\/\"},{\"@type\":\"ListItem\",\"position\":3,\"name\":\"Potato &#8211; Vegetable Meal\"}]},{\"@type\":\"WebSite\",\"@id\":\"https:\\\/\\\/modernranger.eu\\\/#website\",\"url\":\"https:\\\/\\\/modernranger.eu\\\/\",\"name\":\"Modern Ranger\",\"description\":\"Ultralight hammock &amp; tarp systems for Northern Europe conditions\",\"publisher\":{\"@id\":\"https:\\\/\\\/modernranger.eu\\\/#organization\"},\"potentialAction\":[{\"@type\":\"SearchAction\",\"target\":{\"@type\":\"EntryPoint\",\"urlTemplate\":\"https:\\\/\\\/modernranger.eu\\\/?s={search_term_string}\"},\"query-input\":{\"@type\":\"PropertyValueSpecification\",\"valueRequired\":true,\"valueName\":\"search_term_string\"}}],\"inLanguage\":\"lv-LV\"},{\"@type\":\"Organization\",\"@id\":\"https:\\\/\\\/modernranger.eu\\\/#organization\",\"name\":\"ModernNomad\",\"url\":\"https:\\\/\\\/modernranger.eu\\\/\",\"logo\":{\"@type\":\"ImageObject\",\"inLanguage\":\"lv-LV\",\"@id\":\"https:\\\/\\\/modernranger.eu\\\/#\\\/schema\\\/logo\\\/image\\\/\",\"url\":\"https:\\\/\\\/modernranger.eu\\\/wp-content\\\/uploads\\\/2025\\\/06\\\/favicon_ranger.png\",\"contentUrl\":\"https:\\\/\\\/modernranger.eu\\\/wp-content\\\/uploads\\\/2025\\\/06\\\/favicon_ranger.png\",\"width\":512,\"height\":512,\"caption\":\"ModernNomad\"},\"image\":{\"@id\":\"https:\\\/\\\/modernranger.eu\\\/#\\\/schema\\\/logo\\\/image\\\/\"},\"sameAs\":[\"https:\\\/\\\/www.facebook.com\\\/modernnomadlatvia\"]}]}<\/script>\n<!-- \/ Yoast SEO plugin. -->","yoast_head_json":{"title":"Potato - Vegetable Meal &#8211; Modern Ranger","robots":{"index":"index","follow":"follow","max-snippet":"max-snippet:-1","max-image-preview":"max-image-preview:large","max-video-preview":"max-video-preview:-1"},"canonical":"https:\/\/modernranger.eu\/lv\/products\/potato-vegetable-meal\/","og_locale":"lv_LV","og_type":"article","og_title":"Potato - Vegetable Meal &#8211; Modern Ranger","og_description":"Delicious, and creamy vegetarian mashed potato dish with carrots, cauliflower, and cream. Package weight: 120 g.  Open the package, remove the oxygen absorber. Pour 300 ml of hot water into the pouch and mix thoroughly. Close the package and let the meal sit for 10 minutes to rehydrate. After that, the meal is ready to enjoy.","og_url":"https:\/\/modernranger.eu\/lv\/products\/potato-vegetable-meal\/","og_site_name":"Modern Ranger","article_publisher":"https:\/\/www.facebook.com\/modernnomadlatvia","article_modified_time":"2026-01-28T14:08:46+00:00","og_image":[{"width":1080,"height":1080,"url":"https:\/\/modernranger.eu\/wp-content\/uploads\/2024\/10\/kartupelu-darzenu-maltite.jpg","type":"image\/jpeg"}],"twitter_card":"summary_large_image","twitter_misc":{"Est. reading time":"1 min\u016bte"},"schema":{"@context":"https:\/\/schema.org","@graph":[{"@type":"WebPage","@id":"https:\/\/modernranger.eu\/product\/potato-vegetable-meal\/","url":"https:\/\/modernranger.eu\/product\/potato-vegetable-meal\/","name":"Potato - Vegetable Meal &#8211; Modern Ranger","isPartOf":{"@id":"https:\/\/modernranger.eu\/#website"},"primaryImageOfPage":{"@id":"https:\/\/modernranger.eu\/product\/potato-vegetable-meal\/#primaryimage"},"image":{"@id":"https:\/\/modernranger.eu\/product\/potato-vegetable-meal\/#primaryimage"},"thumbnailUrl":"https:\/\/modernranger.eu\/wp-content\/uploads\/2024\/10\/kartupelu-darzenu-maltite.jpg","datePublished":"2024-11-14T10:47:20+00:00","dateModified":"2026-01-28T14:08:46+00:00","breadcrumb":{"@id":"https:\/\/modernranger.eu\/product\/potato-vegetable-meal\/#breadcrumb"},"inLanguage":"lv-LV","potentialAction":[{"@type":"ReadAction","target":["https:\/\/modernranger.eu\/product\/potato-vegetable-meal\/"]}]},{"@type":"ImageObject","inLanguage":"lv-LV","@id":"https:\/\/modernranger.eu\/product\/potato-vegetable-meal\/#primaryimage","url":"https:\/\/modernranger.eu\/wp-content\/uploads\/2024\/10\/kartupelu-darzenu-maltite.jpg","contentUrl":"https:\/\/modernranger.eu\/wp-content\/uploads\/2024\/10\/kartupelu-darzenu-maltite.jpg","width":1080,"height":1080},{"@type":"BreadcrumbList","@id":"https:\/\/modernranger.eu\/product\/potato-vegetable-meal\/#breadcrumb","itemListElement":[{"@type":"ListItem","position":1,"name":"Home","item":"https:\/\/modernranger.eu\/"},{"@type":"ListItem","position":2,"name":"Shop","item":"https:\/\/modernranger.eu\/shop\/"},{"@type":"ListItem","position":3,"name":"Potato &#8211; Vegetable Meal"}]},{"@type":"WebSite","@id":"https:\/\/modernranger.eu\/#website","url":"https:\/\/modernranger.eu\/","name":"Modern Ranger","description":"Ultralight hammock &amp; tarp systems for Northern Europe conditions","publisher":{"@id":"https:\/\/modernranger.eu\/#organization"},"potentialAction":[{"@type":"SearchAction","target":{"@type":"EntryPoint","urlTemplate":"https:\/\/modernranger.eu\/?s={search_term_string}"},"query-input":{"@type":"PropertyValueSpecification","valueRequired":true,"valueName":"search_term_string"}}],"inLanguage":"lv-LV"},{"@type":"Organization","@id":"https:\/\/modernranger.eu\/#organization","name":"ModernNomad","url":"https:\/\/modernranger.eu\/","logo":{"@type":"ImageObject","inLanguage":"lv-LV","@id":"https:\/\/modernranger.eu\/#\/schema\/logo\/image\/","url":"https:\/\/modernranger.eu\/wp-content\/uploads\/2025\/06\/favicon_ranger.png","contentUrl":"https:\/\/modernranger.eu\/wp-content\/uploads\/2025\/06\/favicon_ranger.png","width":512,"height":512,"caption":"ModernNomad"},"image":{"@id":"https:\/\/modernranger.eu\/#\/schema\/logo\/image\/"},"sameAs":["https:\/\/www.facebook.com\/modernnomadlatvia"]}]}},"_links":{"self":[{"href":"https:\/\/modernranger.eu\/lv\/wp-json\/wp\/v2\/product\/7220","targetHints":{"allow":["GET"]}}],"collection":[{"href":"https:\/\/modernranger.eu\/lv\/wp-json\/wp\/v2\/product"}],"about":[{"href":"https:\/\/modernranger.eu\/lv\/wp-json\/wp\/v2\/types\/product"}],"replies":[{"embeddable":true,"href":"https:\/\/modernranger.eu\/lv\/wp-json\/wp\/v2\/comments?post=7220"}],"wp:featuredmedia":[{"embeddable":true,"href":"https:\/\/modernranger.eu\/lv\/wp-json\/wp\/v2\/media\/7149"}],"wp:attachment":[{"href":"https:\/\/modernranger.eu\/lv\/wp-json\/wp\/v2\/media?parent=7220"}],"wp:term":[{"taxonomy":"product_brand","embeddable":true,"href":"https:\/\/modernranger.eu\/lv\/wp-json\/wp\/v2\/product_brand?post=7220"},{"taxonomy":"product_cat","embeddable":true,"href":"https:\/\/modernranger.eu\/lv\/wp-json\/wp\/v2\/product_cat?post=7220"},{"taxonomy":"product_tag","embeddable":true,"href":"https:\/\/modernranger.eu\/lv\/wp-json\/wp\/v2\/product_tag?post=7220"},{"taxonomy":"giftcard-category","embeddable":true,"href":"https:\/\/modernranger.eu\/lv\/wp-json\/wp\/v2\/giftcard-category?post=7220"}],"curies":[{"name":"wp","href":"https:\/\/api.w.org\/{rel}","templated":true}]}}