{"id":7465,"date":"2025-04-12T20:12:07","date_gmt":"2025-04-12T17:12:07","guid":{"rendered":"https:\/\/modernnomad.eu\/?post_type=product&#038;p=7465"},"modified":"2026-04-28T19:32:16","modified_gmt":"2026-04-28T16:32:16","slug":"rain-tarp-xl-2-8x4m","status":"publish","type":"product","link":"https:\/\/modernranger.eu\/lv\/products\/rain-tarp-xl-2-8x4m\/","title":{"rendered":"Rain tarp XL &#8211; 2.8x4m"},"content":{"rendered":"","protected":false},"excerpt":{"rendered":"<p>Modern Ranger tarp is made of an extremely light and durable material that is impregnated with silicone during the manufacturing process. This technology makes it possible to obtain a 100% water-safe and durable material. Rain resistance around 2500 mm. You will be pleasantly surprised by the large size and relatively light weight of our tent. The set includes 16 meters of UHMWPE rope.<\/p>\n<p><strong>Tehnisk\u0101s specifik\u0101cijas:<\/strong><\/p>\n<p>\u2014 Installation time: up to 3min<br \/>\n\u2014 Total weight: 430g rectangular \/ 360g trapezoidal<br \/>\n\u2014 Size: 300x300cm<br \/>\n\u2014 Package size: 12 x 30cm<br \/>\n\u2014 Material: 15D silpoly<br \/>\n\u2014 9 reference points<\/p>\n<p>Ra\u017eots Eirop\u0101, Latvij\u0101.<\/p>","protected":false},"featured_media":7475,"comment_status":"open","ping_status":"closed","template":"","meta":[],"product_brand":[],"product_cat":[35],"product_tag":[108],"giftcard-category":[],"class_list":{"0":"post-7465","1":"product","2":"type-product","3":"status-publish","4":"has-post-thumbnail","6":"product_cat-outdoor-sleeping-systems","7":"product_tag-exclude","9":"first","10":"instock","11":"taxable","12":"shipping-taxable","13":"purchasable","14":"product-type-simple"},"yoast_head":"<!-- This site is optimized with the Yoast SEO plugin v27.5 - https:\/\/yoast.com\/product\/yoast-seo-wordpress\/ -->\n<title>Rain tarp XL - 2.8x4m &#8211; Modern Ranger<\/title>\n<meta name=\"robots\" content=\"index, follow, max-snippet:-1, max-image-preview:large, max-video-preview:-1\" \/>\n<link rel=\"canonical\" href=\"https:\/\/modernranger.eu\/lv\/products\/rain-tarp-xl-2-8x4m\/\" \/>\n<meta property=\"og:locale\" content=\"lv_LV\" \/>\n<meta property=\"og:type\" content=\"article\" \/>\n<meta property=\"og:title\" content=\"Rain tarp XL - 2.8x4m &#8211; Modern Ranger\" \/>\n<meta property=\"og:description\" content=\"Modern Ranger tarp is made of an extremely light and durable material that is impregnated with silicone during the manufacturing process. This technology makes it possible to obtain a 100% water-safe and durable material. Rain resistance around 2500 mm. You will be pleasantly surprised by the large size and relatively light weight of our tent. The set includes 16 meters of UHMWPE rope.  Technical specs:  \u2014 Installation time: up to 3min \u2014 Total weight: 430g rectangular \/ 360g trapezoidal \u2014 Size: 300x300cm \u2014 Package size: 12 x 30cm \u2014 Material: 15D silpoly \u2014 9 reference points  Product made in Europe, Latvia.\" \/>\n<meta property=\"og:url\" content=\"https:\/\/modernranger.eu\/lv\/products\/rain-tarp-xl-2-8x4m\/\" \/>\n<meta property=\"og:site_name\" content=\"Modern Ranger\" \/>\n<meta property=\"article:publisher\" content=\"https:\/\/www.facebook.com\/modernnomadlatvia\" \/>\n<meta property=\"article:modified_time\" content=\"2026-04-28T16:32:16+00:00\" \/>\n<meta property=\"og:image\" content=\"https:\/\/modernranger.eu\/wp-content\/uploads\/2025\/04\/tents-xl.jpg\" \/>\n\t<meta property=\"og:image:width\" content=\"1080\" \/>\n\t<meta property=\"og:image:height\" content=\"1080\" \/>\n\t<meta property=\"og:image:type\" content=\"image\/jpeg\" \/>\n<meta name=\"twitter:card\" content=\"summary_large_image\" \/>\n<meta name=\"twitter:label1\" content=\"Est. reading time\" \/>\n\t<meta name=\"twitter:data1\" content=\"1 min\u016bte\" \/>\n<script type=\"application\/ld+json\" class=\"yoast-schema-graph\">{\"@context\":\"https:\\\/\\\/schema.org\",\"@graph\":[{\"@type\":\"WebPage\",\"@id\":\"https:\\\/\\\/modernranger.eu\\\/product\\\/rain-tarp-xl-2-8x4m\\\/\",\"url\":\"https:\\\/\\\/modernranger.eu\\\/product\\\/rain-tarp-xl-2-8x4m\\\/\",\"name\":\"Rain tarp XL - 2.8x4m &#8211; Modern Ranger\",\"isPartOf\":{\"@id\":\"https:\\\/\\\/modernranger.eu\\\/#website\"},\"primaryImageOfPage\":{\"@id\":\"https:\\\/\\\/modernranger.eu\\\/product\\\/rain-tarp-xl-2-8x4m\\\/#primaryimage\"},\"image\":{\"@id\":\"https:\\\/\\\/modernranger.eu\\\/product\\\/rain-tarp-xl-2-8x4m\\\/#primaryimage\"},\"thumbnailUrl\":\"https:\\\/\\\/modernranger.eu\\\/wp-content\\\/uploads\\\/2025\\\/04\\\/tents-xl.jpg\",\"datePublished\":\"2025-04-12T17:12:07+00:00\",\"dateModified\":\"2026-04-28T16:32:16+00:00\",\"breadcrumb\":{\"@id\":\"https:\\\/\\\/modernranger.eu\\\/product\\\/rain-tarp-xl-2-8x4m\\\/#breadcrumb\"},\"inLanguage\":\"lv-LV\",\"potentialAction\":[{\"@type\":\"ReadAction\",\"target\":[\"https:\\\/\\\/modernranger.eu\\\/product\\\/rain-tarp-xl-2-8x4m\\\/\"]}]},{\"@type\":\"ImageObject\",\"inLanguage\":\"lv-LV\",\"@id\":\"https:\\\/\\\/modernranger.eu\\\/product\\\/rain-tarp-xl-2-8x4m\\\/#primaryimage\",\"url\":\"https:\\\/\\\/modernranger.eu\\\/wp-content\\\/uploads\\\/2025\\\/04\\\/tents-xl.jpg\",\"contentUrl\":\"https:\\\/\\\/modernranger.eu\\\/wp-content\\\/uploads\\\/2025\\\/04\\\/tents-xl.jpg\",\"width\":1080,\"height\":1080},{\"@type\":\"BreadcrumbList\",\"@id\":\"https:\\\/\\\/modernranger.eu\\\/product\\\/rain-tarp-xl-2-8x4m\\\/#breadcrumb\",\"itemListElement\":[{\"@type\":\"ListItem\",\"position\":1,\"name\":\"Home\",\"item\":\"https:\\\/\\\/modernranger.eu\\\/\"},{\"@type\":\"ListItem\",\"position\":2,\"name\":\"Shop\",\"item\":\"https:\\\/\\\/modernranger.eu\\\/shop\\\/\"},{\"@type\":\"ListItem\",\"position\":3,\"name\":\"Rain tarp XL &#8211; 2.8x4m\"}]},{\"@type\":\"WebSite\",\"@id\":\"https:\\\/\\\/modernranger.eu\\\/#website\",\"url\":\"https:\\\/\\\/modernranger.eu\\\/\",\"name\":\"Modern Ranger\",\"description\":\"Ultralight hammock &amp; tarp systems for Northern Europe conditions\",\"publisher\":{\"@id\":\"https:\\\/\\\/modernranger.eu\\\/#organization\"},\"potentialAction\":[{\"@type\":\"SearchAction\",\"target\":{\"@type\":\"EntryPoint\",\"urlTemplate\":\"https:\\\/\\\/modernranger.eu\\\/?s={search_term_string}\"},\"query-input\":{\"@type\":\"PropertyValueSpecification\",\"valueRequired\":true,\"valueName\":\"search_term_string\"}}],\"inLanguage\":\"lv-LV\"},{\"@type\":\"Organization\",\"@id\":\"https:\\\/\\\/modernranger.eu\\\/#organization\",\"name\":\"ModernNomad\",\"url\":\"https:\\\/\\\/modernranger.eu\\\/\",\"logo\":{\"@type\":\"ImageObject\",\"inLanguage\":\"lv-LV\",\"@id\":\"https:\\\/\\\/modernranger.eu\\\/#\\\/schema\\\/logo\\\/image\\\/\",\"url\":\"https:\\\/\\\/modernranger.eu\\\/wp-content\\\/uploads\\\/2025\\\/06\\\/favicon_ranger.png\",\"contentUrl\":\"https:\\\/\\\/modernranger.eu\\\/wp-content\\\/uploads\\\/2025\\\/06\\\/favicon_ranger.png\",\"width\":512,\"height\":512,\"caption\":\"ModernNomad\"},\"image\":{\"@id\":\"https:\\\/\\\/modernranger.eu\\\/#\\\/schema\\\/logo\\\/image\\\/\"},\"sameAs\":[\"https:\\\/\\\/www.facebook.com\\\/modernnomadlatvia\"]}]}<\/script>\n<!-- \/ Yoast SEO plugin. -->","yoast_head_json":{"title":"Rain tarp XL - 2.8x4m &#8211; Modern Ranger","robots":{"index":"index","follow":"follow","max-snippet":"max-snippet:-1","max-image-preview":"max-image-preview:large","max-video-preview":"max-video-preview:-1"},"canonical":"https:\/\/modernranger.eu\/lv\/products\/rain-tarp-xl-2-8x4m\/","og_locale":"lv_LV","og_type":"article","og_title":"Rain tarp XL - 2.8x4m &#8211; Modern Ranger","og_description":"Modern Ranger tarp is made of an extremely light and durable material that is impregnated with silicone during the manufacturing process. This technology makes it possible to obtain a 100% water-safe and durable material. Rain resistance around 2500 mm. You will be pleasantly surprised by the large size and relatively light weight of our tent. The set includes 16 meters of UHMWPE rope.  Technical specs:  \u2014 Installation time: up to 3min \u2014 Total weight: 430g rectangular \/ 360g trapezoidal \u2014 Size: 300x300cm \u2014 Package size: 12 x 30cm \u2014 Material: 15D silpoly \u2014 9 reference points  Product made in Europe, Latvia.","og_url":"https:\/\/modernranger.eu\/lv\/products\/rain-tarp-xl-2-8x4m\/","og_site_name":"Modern Ranger","article_publisher":"https:\/\/www.facebook.com\/modernnomadlatvia","article_modified_time":"2026-04-28T16:32:16+00:00","og_image":[{"width":1080,"height":1080,"url":"https:\/\/modernranger.eu\/wp-content\/uploads\/2025\/04\/tents-xl.jpg","type":"image\/jpeg"}],"twitter_card":"summary_large_image","twitter_misc":{"Est. reading time":"1 min\u016bte"},"schema":{"@context":"https:\/\/schema.org","@graph":[{"@type":"WebPage","@id":"https:\/\/modernranger.eu\/product\/rain-tarp-xl-2-8x4m\/","url":"https:\/\/modernranger.eu\/product\/rain-tarp-xl-2-8x4m\/","name":"Rain tarp XL - 2.8x4m &#8211; Modern Ranger","isPartOf":{"@id":"https:\/\/modernranger.eu\/#website"},"primaryImageOfPage":{"@id":"https:\/\/modernranger.eu\/product\/rain-tarp-xl-2-8x4m\/#primaryimage"},"image":{"@id":"https:\/\/modernranger.eu\/product\/rain-tarp-xl-2-8x4m\/#primaryimage"},"thumbnailUrl":"https:\/\/modernranger.eu\/wp-content\/uploads\/2025\/04\/tents-xl.jpg","datePublished":"2025-04-12T17:12:07+00:00","dateModified":"2026-04-28T16:32:16+00:00","breadcrumb":{"@id":"https:\/\/modernranger.eu\/product\/rain-tarp-xl-2-8x4m\/#breadcrumb"},"inLanguage":"lv-LV","potentialAction":[{"@type":"ReadAction","target":["https:\/\/modernranger.eu\/product\/rain-tarp-xl-2-8x4m\/"]}]},{"@type":"ImageObject","inLanguage":"lv-LV","@id":"https:\/\/modernranger.eu\/product\/rain-tarp-xl-2-8x4m\/#primaryimage","url":"https:\/\/modernranger.eu\/wp-content\/uploads\/2025\/04\/tents-xl.jpg","contentUrl":"https:\/\/modernranger.eu\/wp-content\/uploads\/2025\/04\/tents-xl.jpg","width":1080,"height":1080},{"@type":"BreadcrumbList","@id":"https:\/\/modernranger.eu\/product\/rain-tarp-xl-2-8x4m\/#breadcrumb","itemListElement":[{"@type":"ListItem","position":1,"name":"Home","item":"https:\/\/modernranger.eu\/"},{"@type":"ListItem","position":2,"name":"Shop","item":"https:\/\/modernranger.eu\/shop\/"},{"@type":"ListItem","position":3,"name":"Rain tarp XL &#8211; 2.8x4m"}]},{"@type":"WebSite","@id":"https:\/\/modernranger.eu\/#website","url":"https:\/\/modernranger.eu\/","name":"Modern Ranger","description":"Ultralight hammock &amp; tarp systems for Northern Europe conditions","publisher":{"@id":"https:\/\/modernranger.eu\/#organization"},"potentialAction":[{"@type":"SearchAction","target":{"@type":"EntryPoint","urlTemplate":"https:\/\/modernranger.eu\/?s={search_term_string}"},"query-input":{"@type":"PropertyValueSpecification","valueRequired":true,"valueName":"search_term_string"}}],"inLanguage":"lv-LV"},{"@type":"Organization","@id":"https:\/\/modernranger.eu\/#organization","name":"ModernNomad","url":"https:\/\/modernranger.eu\/","logo":{"@type":"ImageObject","inLanguage":"lv-LV","@id":"https:\/\/modernranger.eu\/#\/schema\/logo\/image\/","url":"https:\/\/modernranger.eu\/wp-content\/uploads\/2025\/06\/favicon_ranger.png","contentUrl":"https:\/\/modernranger.eu\/wp-content\/uploads\/2025\/06\/favicon_ranger.png","width":512,"height":512,"caption":"ModernNomad"},"image":{"@id":"https:\/\/modernranger.eu\/#\/schema\/logo\/image\/"},"sameAs":["https:\/\/www.facebook.com\/modernnomadlatvia"]}]}},"_links":{"self":[{"href":"https:\/\/modernranger.eu\/lv\/wp-json\/wp\/v2\/product\/7465","targetHints":{"allow":["GET"]}}],"collection":[{"href":"https:\/\/modernranger.eu\/lv\/wp-json\/wp\/v2\/product"}],"about":[{"href":"https:\/\/modernranger.eu\/lv\/wp-json\/wp\/v2\/types\/product"}],"replies":[{"embeddable":true,"href":"https:\/\/modernranger.eu\/lv\/wp-json\/wp\/v2\/comments?post=7465"}],"wp:featuredmedia":[{"embeddable":true,"href":"https:\/\/modernranger.eu\/lv\/wp-json\/wp\/v2\/media\/7475"}],"wp:attachment":[{"href":"https:\/\/modernranger.eu\/lv\/wp-json\/wp\/v2\/media?parent=7465"}],"wp:term":[{"taxonomy":"product_brand","embeddable":true,"href":"https:\/\/modernranger.eu\/lv\/wp-json\/wp\/v2\/product_brand?post=7465"},{"taxonomy":"product_cat","embeddable":true,"href":"https:\/\/modernranger.eu\/lv\/wp-json\/wp\/v2\/product_cat?post=7465"},{"taxonomy":"product_tag","embeddable":true,"href":"https:\/\/modernranger.eu\/lv\/wp-json\/wp\/v2\/product_tag?post=7465"},{"taxonomy":"giftcard-category","embeddable":true,"href":"https:\/\/modernranger.eu\/lv\/wp-json\/wp\/v2\/giftcard-category?post=7465"}],"curies":[{"name":"wp","href":"https:\/\/api.w.org\/{rel}","templated":true}]}}