{"id":7738,"date":"2025-11-08T11:46:04","date_gmt":"2025-11-08T09:46:04","guid":{"rendered":"https:\/\/modernranger.eu\/?post_type=product&#038;p=7738"},"modified":"2026-04-15T15:55:00","modified_gmt":"2026-04-15T12:55:00","slug":"arctic-set","status":"publish","type":"product","link":"https:\/\/modernranger.eu\/lv\/products\/arctic-set\/","title":{"rendered":"Arctic SET"},"content":{"rendered":"","protected":false},"excerpt":{"rendered":"<p>Arctic SET is a hammock designed for exceptionally high comfort. The integrated down insulation and mosquito net allow you to set up a sleeping area in a less than a minute. Arctic SET is intended for overnight use in temperatures <strong>l\u012bdz -20C.<\/strong>. No need to squeeze yourself inside the sleeping bag anymore. Just use it as blanket.<\/p>\n<p>Produkts veidots piel\u0101gojot to katram gul\u0113t\u0101jam individu\u0101li. Ir j\u0101izv\u0113l\u0101s gul\u0113\u0161anas virziens - galva pa labi, vai galva pa kreisi.<\/p>\n<p>This adjustment increases the sense of spaciousness and reduces the total weight to 1240 g.<\/p>\n<p>A weight limit is <strong>160 kg.<\/strong><\/p>\n<p><strong>What\u2019s included:<\/strong><br \/>\n\u2014 Hammock with integrated down underquilt<br \/>\n\u2014 \u2060Mosquito net<br \/>\n\u2014 \u2060Hanging system and straps<br \/>\n\u2014 \u2060Extra large compression bag for all your sleeping gear. (Big enough to fit hammock, rain tarp, down sleeping bag etc.)<\/p>\n<p>Color \u2013 Dark Olive.<\/p>","protected":false},"featured_media":7958,"comment_status":"open","ping_status":"closed","template":"","meta":[],"product_brand":[],"product_cat":[35],"product_tag":[108],"giftcard-category":[],"class_list":{"0":"post-7738","1":"product","2":"type-product","3":"status-publish","4":"has-post-thumbnail","6":"product_cat-outdoor-sleeping-systems","7":"product_tag-exclude","9":"first","10":"instock","11":"taxable","12":"shipping-taxable","13":"purchasable","14":"product-type-variable"},"yoast_head":"<!-- This site is optimized with the Yoast SEO plugin v27.5 - https:\/\/yoast.com\/product\/yoast-seo-wordpress\/ -->\n<title>Arctic SET &#8211; Modern Ranger<\/title>\n<meta name=\"robots\" content=\"index, follow, max-snippet:-1, max-image-preview:large, max-video-preview:-1\" \/>\n<link rel=\"canonical\" href=\"https:\/\/modernranger.eu\/lv\/products\/arctic-set\/\" \/>\n<meta property=\"og:locale\" content=\"lv_LV\" \/>\n<meta property=\"og:type\" content=\"article\" \/>\n<meta property=\"og:title\" content=\"Arctic SET &#8211; Modern Ranger\" \/>\n<meta property=\"og:description\" content=\"Arctic SET is a hammock designed for exceptionally high comfort. The integrated down insulation and mosquito net allow you to set up a sleeping area in a less than a minute. Arctic SET is intended for overnight use in temperatures down to -20\u00b0C. No need to squeeze yourself inside the sleeping bag anymore. Just use it as blanket.  The product is tailored to each individual user. You need to choose a sleeping direction\u2014head on the right or head on the left.  This adjustment increases the sense of spaciousness and reduces the total weight to 1240 g.  A weight limit is 160 kg.  What\u2019s included: \u2014 Hammock with integrated down underquilt \u2014 \u2060Mosquito net \u2014 \u2060Hanging system and straps \u2014 \u2060Extra large compression bag for all your sleeping gear. (Big enough to fit hammock, rain tarp, down sleeping bag etc.)  Color \u2013 Dark Olive.\" \/>\n<meta property=\"og:url\" content=\"https:\/\/modernranger.eu\/lv\/products\/arctic-set\/\" \/>\n<meta property=\"og:site_name\" content=\"Modern Ranger\" \/>\n<meta property=\"article:publisher\" content=\"https:\/\/www.facebook.com\/modernnomadlatvia\" \/>\n<meta property=\"article:modified_time\" content=\"2026-04-15T12:55:00+00:00\" \/>\n<meta property=\"og:image\" content=\"https:\/\/modernranger.eu\/wp-content\/uploads\/2026\/04\/summer4.jpg\" \/>\n\t<meta property=\"og:image:width\" content=\"1080\" \/>\n\t<meta property=\"og:image:height\" content=\"1080\" \/>\n\t<meta property=\"og:image:type\" content=\"image\/jpeg\" \/>\n<meta name=\"twitter:card\" content=\"summary_large_image\" \/>\n<meta name=\"twitter:label1\" content=\"Est. reading time\" \/>\n\t<meta name=\"twitter:data1\" content=\"1 min\u016bte\" \/>\n<script type=\"application\/ld+json\" class=\"yoast-schema-graph\">{\"@context\":\"https:\\\/\\\/schema.org\",\"@graph\":[{\"@type\":\"WebPage\",\"@id\":\"https:\\\/\\\/modernranger.eu\\\/product\\\/arctic-set\\\/\",\"url\":\"https:\\\/\\\/modernranger.eu\\\/product\\\/arctic-set\\\/\",\"name\":\"Arctic SET &#8211; Modern Ranger\",\"isPartOf\":{\"@id\":\"https:\\\/\\\/modernranger.eu\\\/#website\"},\"primaryImageOfPage\":{\"@id\":\"https:\\\/\\\/modernranger.eu\\\/product\\\/arctic-set\\\/#primaryimage\"},\"image\":{\"@id\":\"https:\\\/\\\/modernranger.eu\\\/product\\\/arctic-set\\\/#primaryimage\"},\"thumbnailUrl\":\"https:\\\/\\\/modernranger.eu\\\/wp-content\\\/uploads\\\/2026\\\/04\\\/summer4.jpg\",\"datePublished\":\"2025-11-08T09:46:04+00:00\",\"dateModified\":\"2026-04-15T12:55:00+00:00\",\"breadcrumb\":{\"@id\":\"https:\\\/\\\/modernranger.eu\\\/product\\\/arctic-set\\\/#breadcrumb\"},\"inLanguage\":\"lv-LV\",\"potentialAction\":[{\"@type\":\"ReadAction\",\"target\":[\"https:\\\/\\\/modernranger.eu\\\/product\\\/arctic-set\\\/\"]}]},{\"@type\":\"ImageObject\",\"inLanguage\":\"lv-LV\",\"@id\":\"https:\\\/\\\/modernranger.eu\\\/product\\\/arctic-set\\\/#primaryimage\",\"url\":\"https:\\\/\\\/modernranger.eu\\\/wp-content\\\/uploads\\\/2026\\\/04\\\/summer4.jpg\",\"contentUrl\":\"https:\\\/\\\/modernranger.eu\\\/wp-content\\\/uploads\\\/2026\\\/04\\\/summer4.jpg\",\"width\":1080,\"height\":1080},{\"@type\":\"BreadcrumbList\",\"@id\":\"https:\\\/\\\/modernranger.eu\\\/product\\\/arctic-set\\\/#breadcrumb\",\"itemListElement\":[{\"@type\":\"ListItem\",\"position\":1,\"name\":\"Home\",\"item\":\"https:\\\/\\\/modernranger.eu\\\/\"},{\"@type\":\"ListItem\",\"position\":2,\"name\":\"Shop\",\"item\":\"https:\\\/\\\/modernranger.eu\\\/shop\\\/\"},{\"@type\":\"ListItem\",\"position\":3,\"name\":\"Arctic SET\"}]},{\"@type\":\"WebSite\",\"@id\":\"https:\\\/\\\/modernranger.eu\\\/#website\",\"url\":\"https:\\\/\\\/modernranger.eu\\\/\",\"name\":\"Modern Ranger\",\"description\":\"Ultralight hammock &amp; tarp systems for Northern Europe conditions\",\"publisher\":{\"@id\":\"https:\\\/\\\/modernranger.eu\\\/#organization\"},\"potentialAction\":[{\"@type\":\"SearchAction\",\"target\":{\"@type\":\"EntryPoint\",\"urlTemplate\":\"https:\\\/\\\/modernranger.eu\\\/?s={search_term_string}\"},\"query-input\":{\"@type\":\"PropertyValueSpecification\",\"valueRequired\":true,\"valueName\":\"search_term_string\"}}],\"inLanguage\":\"lv-LV\"},{\"@type\":\"Organization\",\"@id\":\"https:\\\/\\\/modernranger.eu\\\/#organization\",\"name\":\"ModernNomad\",\"url\":\"https:\\\/\\\/modernranger.eu\\\/\",\"logo\":{\"@type\":\"ImageObject\",\"inLanguage\":\"lv-LV\",\"@id\":\"https:\\\/\\\/modernranger.eu\\\/#\\\/schema\\\/logo\\\/image\\\/\",\"url\":\"https:\\\/\\\/modernranger.eu\\\/wp-content\\\/uploads\\\/2025\\\/06\\\/favicon_ranger.png\",\"contentUrl\":\"https:\\\/\\\/modernranger.eu\\\/wp-content\\\/uploads\\\/2025\\\/06\\\/favicon_ranger.png\",\"width\":512,\"height\":512,\"caption\":\"ModernNomad\"},\"image\":{\"@id\":\"https:\\\/\\\/modernranger.eu\\\/#\\\/schema\\\/logo\\\/image\\\/\"},\"sameAs\":[\"https:\\\/\\\/www.facebook.com\\\/modernnomadlatvia\"]}]}<\/script>\n<!-- \/ Yoast SEO plugin. -->","yoast_head_json":{"title":"Arctic SET &#8211; Modern Ranger","robots":{"index":"index","follow":"follow","max-snippet":"max-snippet:-1","max-image-preview":"max-image-preview:large","max-video-preview":"max-video-preview:-1"},"canonical":"https:\/\/modernranger.eu\/lv\/products\/arctic-set\/","og_locale":"lv_LV","og_type":"article","og_title":"Arctic SET &#8211; Modern Ranger","og_description":"Arctic SET is a hammock designed for exceptionally high comfort. The integrated down insulation and mosquito net allow you to set up a sleeping area in a less than a minute. Arctic SET is intended for overnight use in temperatures down to -20\u00b0C. No need to squeeze yourself inside the sleeping bag anymore. Just use it as blanket.  The product is tailored to each individual user. You need to choose a sleeping direction\u2014head on the right or head on the left.  This adjustment increases the sense of spaciousness and reduces the total weight to 1240 g.  A weight limit is 160 kg.  What\u2019s included: \u2014 Hammock with integrated down underquilt \u2014 \u2060Mosquito net \u2014 \u2060Hanging system and straps \u2014 \u2060Extra large compression bag for all your sleeping gear. (Big enough to fit hammock, rain tarp, down sleeping bag etc.)  Color \u2013 Dark Olive.","og_url":"https:\/\/modernranger.eu\/lv\/products\/arctic-set\/","og_site_name":"Modern Ranger","article_publisher":"https:\/\/www.facebook.com\/modernnomadlatvia","article_modified_time":"2026-04-15T12:55:00+00:00","og_image":[{"width":1080,"height":1080,"url":"https:\/\/modernranger.eu\/wp-content\/uploads\/2026\/04\/summer4.jpg","type":"image\/jpeg"}],"twitter_card":"summary_large_image","twitter_misc":{"Est. reading time":"1 min\u016bte"},"schema":{"@context":"https:\/\/schema.org","@graph":[{"@type":"WebPage","@id":"https:\/\/modernranger.eu\/product\/arctic-set\/","url":"https:\/\/modernranger.eu\/product\/arctic-set\/","name":"Arctic SET &#8211; Modern Ranger","isPartOf":{"@id":"https:\/\/modernranger.eu\/#website"},"primaryImageOfPage":{"@id":"https:\/\/modernranger.eu\/product\/arctic-set\/#primaryimage"},"image":{"@id":"https:\/\/modernranger.eu\/product\/arctic-set\/#primaryimage"},"thumbnailUrl":"https:\/\/modernranger.eu\/wp-content\/uploads\/2026\/04\/summer4.jpg","datePublished":"2025-11-08T09:46:04+00:00","dateModified":"2026-04-15T12:55:00+00:00","breadcrumb":{"@id":"https:\/\/modernranger.eu\/product\/arctic-set\/#breadcrumb"},"inLanguage":"lv-LV","potentialAction":[{"@type":"ReadAction","target":["https:\/\/modernranger.eu\/product\/arctic-set\/"]}]},{"@type":"ImageObject","inLanguage":"lv-LV","@id":"https:\/\/modernranger.eu\/product\/arctic-set\/#primaryimage","url":"https:\/\/modernranger.eu\/wp-content\/uploads\/2026\/04\/summer4.jpg","contentUrl":"https:\/\/modernranger.eu\/wp-content\/uploads\/2026\/04\/summer4.jpg","width":1080,"height":1080},{"@type":"BreadcrumbList","@id":"https:\/\/modernranger.eu\/product\/arctic-set\/#breadcrumb","itemListElement":[{"@type":"ListItem","position":1,"name":"Home","item":"https:\/\/modernranger.eu\/"},{"@type":"ListItem","position":2,"name":"Shop","item":"https:\/\/modernranger.eu\/shop\/"},{"@type":"ListItem","position":3,"name":"Arctic SET"}]},{"@type":"WebSite","@id":"https:\/\/modernranger.eu\/#website","url":"https:\/\/modernranger.eu\/","name":"Modern Ranger","description":"Ultralight hammock &amp; tarp systems for Northern Europe conditions","publisher":{"@id":"https:\/\/modernranger.eu\/#organization"},"potentialAction":[{"@type":"SearchAction","target":{"@type":"EntryPoint","urlTemplate":"https:\/\/modernranger.eu\/?s={search_term_string}"},"query-input":{"@type":"PropertyValueSpecification","valueRequired":true,"valueName":"search_term_string"}}],"inLanguage":"lv-LV"},{"@type":"Organization","@id":"https:\/\/modernranger.eu\/#organization","name":"ModernNomad","url":"https:\/\/modernranger.eu\/","logo":{"@type":"ImageObject","inLanguage":"lv-LV","@id":"https:\/\/modernranger.eu\/#\/schema\/logo\/image\/","url":"https:\/\/modernranger.eu\/wp-content\/uploads\/2025\/06\/favicon_ranger.png","contentUrl":"https:\/\/modernranger.eu\/wp-content\/uploads\/2025\/06\/favicon_ranger.png","width":512,"height":512,"caption":"ModernNomad"},"image":{"@id":"https:\/\/modernranger.eu\/#\/schema\/logo\/image\/"},"sameAs":["https:\/\/www.facebook.com\/modernnomadlatvia"]}]}},"_links":{"self":[{"href":"https:\/\/modernranger.eu\/lv\/wp-json\/wp\/v2\/product\/7738","targetHints":{"allow":["GET"]}}],"collection":[{"href":"https:\/\/modernranger.eu\/lv\/wp-json\/wp\/v2\/product"}],"about":[{"href":"https:\/\/modernranger.eu\/lv\/wp-json\/wp\/v2\/types\/product"}],"replies":[{"embeddable":true,"href":"https:\/\/modernranger.eu\/lv\/wp-json\/wp\/v2\/comments?post=7738"}],"wp:featuredmedia":[{"embeddable":true,"href":"https:\/\/modernranger.eu\/lv\/wp-json\/wp\/v2\/media\/7958"}],"wp:attachment":[{"href":"https:\/\/modernranger.eu\/lv\/wp-json\/wp\/v2\/media?parent=7738"}],"wp:term":[{"taxonomy":"product_brand","embeddable":true,"href":"https:\/\/modernranger.eu\/lv\/wp-json\/wp\/v2\/product_brand?post=7738"},{"taxonomy":"product_cat","embeddable":true,"href":"https:\/\/modernranger.eu\/lv\/wp-json\/wp\/v2\/product_cat?post=7738"},{"taxonomy":"product_tag","embeddable":true,"href":"https:\/\/modernranger.eu\/lv\/wp-json\/wp\/v2\/product_tag?post=7738"},{"taxonomy":"giftcard-category","embeddable":true,"href":"https:\/\/modernranger.eu\/lv\/wp-json\/wp\/v2\/giftcard-category?post=7738"}],"curies":[{"name":"wp","href":"https:\/\/api.w.org\/{rel}","templated":true}]}}