{"id":7994,"date":"2026-04-20T16:03:35","date_gmt":"2026-04-20T13:03:35","guid":{"rendered":"https:\/\/modernranger.eu\/?post_type=product&#038;p=7994"},"modified":"2026-04-20T16:06:58","modified_gmt":"2026-04-20T13:06:58","slug":"modern-ranger-draugu-pavasara-satiksanas","status":"publish","type":"product","link":"https:\/\/modernranger.eu\/lv\/products\/modern-ranger-draugu-pavasara-satiksanas\/","title":{"rendered":"MODERN RANGER DRAUGU PAVASARA SATIK\u0160AN\u0100S"},"content":{"rendered":"","protected":false},"excerpt":{"rendered":"<p>16 &#8211; 17. maijs. Ride\u013cu dzirnavezers, Engures pagasts<\/p>\n<p>Pulc\u0113\u0161an\u0101s plkst. 12.00<\/p>\n<p>Satik\u0161an\u0101s tiem, kas jau lieto \u0161\u016bpu\u013ct\u012bklu, un tiem, kas v\u0113las pam\u0113\u0123in\u0101t, k\u0101 tas ir &#8211; \u0113rti un dro\u0161i nak\u0161\u0146ot dab\u0101 hamok\u0101.<br \/>\n\u0160\u012b b\u016bs \u012bpa\u0161a Modern Ranger hamoku pavasara tik\u0161an\u0101s &#8211; dz\u012bva un praktiska pieredze dab\u0101.<\/p>\n<p><strong>Programm\u0101:<\/strong><\/p>\n<p>\u2014 Da\u017e\u0101das stacijas: k\u0101 lab\u0101k sagatavoties piedz\u012bvojumiem dab\u0101; speci\u0101listu padomi un ieteikumi; rado\u0161i piedz\u012bvojumi un jaunatkl\u0101jumi<br \/>\n\u2014 Modern Ranger ekip\u0113juma testi un speci\u0101listu konsult\u0101cijas<br \/>\n\u2014 Kop\u012bga \u0113st gatavo\u0161ana pie ugunskura<br \/>\n\u2014 Vakars ar sarun\u0101m un muzik\u0101lu noska\u0146u<br \/>\n\u2014 Zvaig\u017e\u0146ota nakts \u0161\u016bpu\u013ct\u012bklos dab\u0101<br \/>\n\u2014 R\u012bta kust\u012bba un elpa<br \/>\n\u2014 Brokastis un m\u0101jupce\u013c\u0161<\/p>\n<p>Iepriek\u0161 sazinoties, pieejama \u0161\u016bpu\u013ct\u012bkla komplekta noma.<\/p>\n<p>Projekts rad\u012bts kop\u0101 ar TIKAI JUST<\/p>\n<p>Intereses gad\u012bjum\u0101, ir iesp\u0113ja &#8211; otraj\u0101 dien\u0101 r\u012bkot individu\u0101lu p\u0101rg\u0101jienu ap ezeru vai pa Kalnupi.<\/p>","protected":false},"featured_media":7995,"comment_status":"closed","ping_status":"closed","template":"","meta":[],"product_brand":[],"product_cat":[119],"product_tag":[108],"giftcard-category":[],"class_list":{"0":"post-7994","1":"product","2":"type-product","3":"status-publish","4":"has-post-thumbnail","6":"product_cat-events","7":"product_tag-exclude","9":"first","10":"instock","11":"virtual","12":"taxable","13":"purchasable","14":"product-type-simple"},"yoast_head":"<!-- This site is optimized with the Yoast SEO plugin v27.4 - https:\/\/yoast.com\/product\/yoast-seo-wordpress\/ -->\n<title>MODERN RANGER DRAUGU PAVASARA SATIK\u0160AN\u0100S &#8211; Modern Ranger<\/title>\n<meta name=\"robots\" content=\"index, follow, max-snippet:-1, max-image-preview:large, max-video-preview:-1\" \/>\n<link rel=\"canonical\" href=\"https:\/\/modernranger.eu\/lv\/products\/modern-ranger-draugu-pavasara-satiksanas\/\" \/>\n<meta property=\"og:locale\" content=\"lv_LV\" \/>\n<meta property=\"og:type\" content=\"article\" \/>\n<meta property=\"og:title\" content=\"MODERN RANGER DRAUGU PAVASARA SATIK\u0160AN\u0100S &#8211; Modern Ranger\" \/>\n<meta property=\"og:description\" content=\"16 - 17. maijs. Ride\u013cu dzirnavezers, Engures pagasts  Pulc\u0113\u0161an\u0101s plkst. 12.00  Satik\u0161an\u0101s tiem, kas jau lieto \u0161\u016bpu\u013ct\u012bklu, un tiem, kas v\u0113las pam\u0113\u0123in\u0101t, k\u0101 tas ir - \u0113rti un dro\u0161i nak\u0161\u0146ot dab\u0101 hamok\u0101. \u0160\u012b b\u016bs \u012bpa\u0161a Modern Ranger hamoku pavasara tik\u0161an\u0101s - dz\u012bva un praktiska pieredze dab\u0101.  Programm\u0101:  \u2014 Da\u017e\u0101das stacijas: k\u0101 lab\u0101k sagatavoties piedz\u012bvojumiem dab\u0101; speci\u0101listu padomi un ieteikumi; rado\u0161i piedz\u012bvojumi un jaunatkl\u0101jumi \u2014 Modern Ranger ekip\u0113juma testi un speci\u0101listu konsult\u0101cijas \u2014 Kop\u012bga \u0113st gatavo\u0161ana pie ugunskura \u2014 Vakars ar sarun\u0101m un muzik\u0101lu noska\u0146u \u2014 Zvaig\u017e\u0146ota nakts \u0161\u016bpu\u013ct\u012bklos dab\u0101 \u2014 R\u012bta kust\u012bba un elpa \u2014 Brokastis un m\u0101jupce\u013c\u0161  Iepriek\u0161 sazinoties, pieejama \u0161\u016bpu\u013ct\u012bkla komplekta noma.  Projekts rad\u012bts kop\u0101 ar TIKAI JUST  Intereses gad\u012bjum\u0101, ir iesp\u0113ja - otraj\u0101 dien\u0101 r\u012bkot individu\u0101lu p\u0101rg\u0101jienu ap ezeru vai pa Kalnupi.\" \/>\n<meta property=\"og:url\" content=\"https:\/\/modernranger.eu\/lv\/products\/modern-ranger-draugu-pavasara-satiksanas\/\" \/>\n<meta property=\"og:site_name\" content=\"Modern Ranger\" \/>\n<meta property=\"article:publisher\" content=\"https:\/\/www.facebook.com\/modernnomadlatvia\" \/>\n<meta property=\"article:modified_time\" content=\"2026-04-20T13:06:58+00:00\" \/>\n<meta property=\"og:image\" content=\"https:\/\/modernranger.eu\/wp-content\/uploads\/2026\/04\/event_new.jpg\" \/>\n\t<meta property=\"og:image:width\" content=\"1080\" \/>\n\t<meta property=\"og:image:height\" content=\"1080\" \/>\n\t<meta property=\"og:image:type\" content=\"image\/jpeg\" \/>\n<meta name=\"twitter:card\" content=\"summary_large_image\" \/>\n<meta name=\"twitter:label1\" content=\"Est. reading time\" \/>\n\t<meta name=\"twitter:data1\" content=\"1 min\u016bte\" \/>\n<script type=\"application\/ld+json\" class=\"yoast-schema-graph\">{\"@context\":\"https:\\\/\\\/schema.org\",\"@graph\":[{\"@type\":\"WebPage\",\"@id\":\"https:\\\/\\\/modernranger.eu\\\/product\\\/modern-ranger-draugu-pavasara-satiksanas\\\/\",\"url\":\"https:\\\/\\\/modernranger.eu\\\/product\\\/modern-ranger-draugu-pavasara-satiksanas\\\/\",\"name\":\"MODERN RANGER DRAUGU PAVASARA SATIK\u0160AN\u0100S &#8211; Modern Ranger\",\"isPartOf\":{\"@id\":\"https:\\\/\\\/modernranger.eu\\\/#website\"},\"primaryImageOfPage\":{\"@id\":\"https:\\\/\\\/modernranger.eu\\\/product\\\/modern-ranger-draugu-pavasara-satiksanas\\\/#primaryimage\"},\"image\":{\"@id\":\"https:\\\/\\\/modernranger.eu\\\/product\\\/modern-ranger-draugu-pavasara-satiksanas\\\/#primaryimage\"},\"thumbnailUrl\":\"https:\\\/\\\/modernranger.eu\\\/wp-content\\\/uploads\\\/2026\\\/04\\\/event_new.jpg\",\"datePublished\":\"2026-04-20T13:03:35+00:00\",\"dateModified\":\"2026-04-20T13:06:58+00:00\",\"breadcrumb\":{\"@id\":\"https:\\\/\\\/modernranger.eu\\\/product\\\/modern-ranger-draugu-pavasara-satiksanas\\\/#breadcrumb\"},\"inLanguage\":\"lv-LV\",\"potentialAction\":[{\"@type\":\"ReadAction\",\"target\":[\"https:\\\/\\\/modernranger.eu\\\/product\\\/modern-ranger-draugu-pavasara-satiksanas\\\/\"]}]},{\"@type\":\"ImageObject\",\"inLanguage\":\"lv-LV\",\"@id\":\"https:\\\/\\\/modernranger.eu\\\/product\\\/modern-ranger-draugu-pavasara-satiksanas\\\/#primaryimage\",\"url\":\"https:\\\/\\\/modernranger.eu\\\/wp-content\\\/uploads\\\/2026\\\/04\\\/event_new.jpg\",\"contentUrl\":\"https:\\\/\\\/modernranger.eu\\\/wp-content\\\/uploads\\\/2026\\\/04\\\/event_new.jpg\",\"width\":1080,\"height\":1080},{\"@type\":\"BreadcrumbList\",\"@id\":\"https:\\\/\\\/modernranger.eu\\\/product\\\/modern-ranger-draugu-pavasara-satiksanas\\\/#breadcrumb\",\"itemListElement\":[{\"@type\":\"ListItem\",\"position\":1,\"name\":\"Home\",\"item\":\"https:\\\/\\\/modernranger.eu\\\/\"},{\"@type\":\"ListItem\",\"position\":2,\"name\":\"Shop\",\"item\":\"https:\\\/\\\/modernranger.eu\\\/shop\\\/\"},{\"@type\":\"ListItem\",\"position\":3,\"name\":\"MODERN RANGER DRAUGU PAVASARA SATIK\u0160AN\u0100S\"}]},{\"@type\":\"WebSite\",\"@id\":\"https:\\\/\\\/modernranger.eu\\\/#website\",\"url\":\"https:\\\/\\\/modernranger.eu\\\/\",\"name\":\"Modern Ranger\",\"description\":\"Ultralight hammock &amp; tarp systems for Northern Europe conditions\",\"publisher\":{\"@id\":\"https:\\\/\\\/modernranger.eu\\\/#organization\"},\"potentialAction\":[{\"@type\":\"SearchAction\",\"target\":{\"@type\":\"EntryPoint\",\"urlTemplate\":\"https:\\\/\\\/modernranger.eu\\\/?s={search_term_string}\"},\"query-input\":{\"@type\":\"PropertyValueSpecification\",\"valueRequired\":true,\"valueName\":\"search_term_string\"}}],\"inLanguage\":\"lv-LV\"},{\"@type\":\"Organization\",\"@id\":\"https:\\\/\\\/modernranger.eu\\\/#organization\",\"name\":\"ModernNomad\",\"url\":\"https:\\\/\\\/modernranger.eu\\\/\",\"logo\":{\"@type\":\"ImageObject\",\"inLanguage\":\"lv-LV\",\"@id\":\"https:\\\/\\\/modernranger.eu\\\/#\\\/schema\\\/logo\\\/image\\\/\",\"url\":\"https:\\\/\\\/modernranger.eu\\\/wp-content\\\/uploads\\\/2025\\\/06\\\/favicon_ranger.png\",\"contentUrl\":\"https:\\\/\\\/modernranger.eu\\\/wp-content\\\/uploads\\\/2025\\\/06\\\/favicon_ranger.png\",\"width\":512,\"height\":512,\"caption\":\"ModernNomad\"},\"image\":{\"@id\":\"https:\\\/\\\/modernranger.eu\\\/#\\\/schema\\\/logo\\\/image\\\/\"},\"sameAs\":[\"https:\\\/\\\/www.facebook.com\\\/modernnomadlatvia\"]}]}<\/script>\n<!-- \/ Yoast SEO plugin. -->","yoast_head_json":{"title":"MODERN RANGER DRAUGU PAVASARA SATIK\u0160AN\u0100S &#8211; Modern Ranger","robots":{"index":"index","follow":"follow","max-snippet":"max-snippet:-1","max-image-preview":"max-image-preview:large","max-video-preview":"max-video-preview:-1"},"canonical":"https:\/\/modernranger.eu\/lv\/products\/modern-ranger-draugu-pavasara-satiksanas\/","og_locale":"lv_LV","og_type":"article","og_title":"MODERN RANGER DRAUGU PAVASARA SATIK\u0160AN\u0100S &#8211; Modern Ranger","og_description":"16 - 17. maijs. Ride\u013cu dzirnavezers, Engures pagasts  Pulc\u0113\u0161an\u0101s plkst. 12.00  Satik\u0161an\u0101s tiem, kas jau lieto \u0161\u016bpu\u013ct\u012bklu, un tiem, kas v\u0113las pam\u0113\u0123in\u0101t, k\u0101 tas ir - \u0113rti un dro\u0161i nak\u0161\u0146ot dab\u0101 hamok\u0101. \u0160\u012b b\u016bs \u012bpa\u0161a Modern Ranger hamoku pavasara tik\u0161an\u0101s - dz\u012bva un praktiska pieredze dab\u0101.  Programm\u0101:  \u2014 Da\u017e\u0101das stacijas: k\u0101 lab\u0101k sagatavoties piedz\u012bvojumiem dab\u0101; speci\u0101listu padomi un ieteikumi; rado\u0161i piedz\u012bvojumi un jaunatkl\u0101jumi \u2014 Modern Ranger ekip\u0113juma testi un speci\u0101listu konsult\u0101cijas \u2014 Kop\u012bga \u0113st gatavo\u0161ana pie ugunskura \u2014 Vakars ar sarun\u0101m un muzik\u0101lu noska\u0146u \u2014 Zvaig\u017e\u0146ota nakts \u0161\u016bpu\u013ct\u012bklos dab\u0101 \u2014 R\u012bta kust\u012bba un elpa \u2014 Brokastis un m\u0101jupce\u013c\u0161  Iepriek\u0161 sazinoties, pieejama \u0161\u016bpu\u013ct\u012bkla komplekta noma.  Projekts rad\u012bts kop\u0101 ar TIKAI JUST  Intereses gad\u012bjum\u0101, ir iesp\u0113ja - otraj\u0101 dien\u0101 r\u012bkot individu\u0101lu p\u0101rg\u0101jienu ap ezeru vai pa Kalnupi.","og_url":"https:\/\/modernranger.eu\/lv\/products\/modern-ranger-draugu-pavasara-satiksanas\/","og_site_name":"Modern Ranger","article_publisher":"https:\/\/www.facebook.com\/modernnomadlatvia","article_modified_time":"2026-04-20T13:06:58+00:00","og_image":[{"width":1080,"height":1080,"url":"https:\/\/modernranger.eu\/wp-content\/uploads\/2026\/04\/event_new.jpg","type":"image\/jpeg"}],"twitter_card":"summary_large_image","twitter_misc":{"Est. reading time":"1 min\u016bte"},"schema":{"@context":"https:\/\/schema.org","@graph":[{"@type":"WebPage","@id":"https:\/\/modernranger.eu\/product\/modern-ranger-draugu-pavasara-satiksanas\/","url":"https:\/\/modernranger.eu\/product\/modern-ranger-draugu-pavasara-satiksanas\/","name":"MODERN RANGER DRAUGU PAVASARA SATIK\u0160AN\u0100S &#8211; Modern Ranger","isPartOf":{"@id":"https:\/\/modernranger.eu\/#website"},"primaryImageOfPage":{"@id":"https:\/\/modernranger.eu\/product\/modern-ranger-draugu-pavasara-satiksanas\/#primaryimage"},"image":{"@id":"https:\/\/modernranger.eu\/product\/modern-ranger-draugu-pavasara-satiksanas\/#primaryimage"},"thumbnailUrl":"https:\/\/modernranger.eu\/wp-content\/uploads\/2026\/04\/event_new.jpg","datePublished":"2026-04-20T13:03:35+00:00","dateModified":"2026-04-20T13:06:58+00:00","breadcrumb":{"@id":"https:\/\/modernranger.eu\/product\/modern-ranger-draugu-pavasara-satiksanas\/#breadcrumb"},"inLanguage":"lv-LV","potentialAction":[{"@type":"ReadAction","target":["https:\/\/modernranger.eu\/product\/modern-ranger-draugu-pavasara-satiksanas\/"]}]},{"@type":"ImageObject","inLanguage":"lv-LV","@id":"https:\/\/modernranger.eu\/product\/modern-ranger-draugu-pavasara-satiksanas\/#primaryimage","url":"https:\/\/modernranger.eu\/wp-content\/uploads\/2026\/04\/event_new.jpg","contentUrl":"https:\/\/modernranger.eu\/wp-content\/uploads\/2026\/04\/event_new.jpg","width":1080,"height":1080},{"@type":"BreadcrumbList","@id":"https:\/\/modernranger.eu\/product\/modern-ranger-draugu-pavasara-satiksanas\/#breadcrumb","itemListElement":[{"@type":"ListItem","position":1,"name":"Home","item":"https:\/\/modernranger.eu\/"},{"@type":"ListItem","position":2,"name":"Shop","item":"https:\/\/modernranger.eu\/shop\/"},{"@type":"ListItem","position":3,"name":"MODERN RANGER DRAUGU PAVASARA SATIK\u0160AN\u0100S"}]},{"@type":"WebSite","@id":"https:\/\/modernranger.eu\/#website","url":"https:\/\/modernranger.eu\/","name":"Modern Ranger","description":"Ultralight hammock &amp; tarp systems for Northern Europe conditions","publisher":{"@id":"https:\/\/modernranger.eu\/#organization"},"potentialAction":[{"@type":"SearchAction","target":{"@type":"EntryPoint","urlTemplate":"https:\/\/modernranger.eu\/?s={search_term_string}"},"query-input":{"@type":"PropertyValueSpecification","valueRequired":true,"valueName":"search_term_string"}}],"inLanguage":"lv-LV"},{"@type":"Organization","@id":"https:\/\/modernranger.eu\/#organization","name":"ModernNomad","url":"https:\/\/modernranger.eu\/","logo":{"@type":"ImageObject","inLanguage":"lv-LV","@id":"https:\/\/modernranger.eu\/#\/schema\/logo\/image\/","url":"https:\/\/modernranger.eu\/wp-content\/uploads\/2025\/06\/favicon_ranger.png","contentUrl":"https:\/\/modernranger.eu\/wp-content\/uploads\/2025\/06\/favicon_ranger.png","width":512,"height":512,"caption":"ModernNomad"},"image":{"@id":"https:\/\/modernranger.eu\/#\/schema\/logo\/image\/"},"sameAs":["https:\/\/www.facebook.com\/modernnomadlatvia"]}]}},"_links":{"self":[{"href":"https:\/\/modernranger.eu\/lv\/wp-json\/wp\/v2\/product\/7994","targetHints":{"allow":["GET"]}}],"collection":[{"href":"https:\/\/modernranger.eu\/lv\/wp-json\/wp\/v2\/product"}],"about":[{"href":"https:\/\/modernranger.eu\/lv\/wp-json\/wp\/v2\/types\/product"}],"replies":[{"embeddable":true,"href":"https:\/\/modernranger.eu\/lv\/wp-json\/wp\/v2\/comments?post=7994"}],"wp:featuredmedia":[{"embeddable":true,"href":"https:\/\/modernranger.eu\/lv\/wp-json\/wp\/v2\/media\/7995"}],"wp:attachment":[{"href":"https:\/\/modernranger.eu\/lv\/wp-json\/wp\/v2\/media?parent=7994"}],"wp:term":[{"taxonomy":"product_brand","embeddable":true,"href":"https:\/\/modernranger.eu\/lv\/wp-json\/wp\/v2\/product_brand?post=7994"},{"taxonomy":"product_cat","embeddable":true,"href":"https:\/\/modernranger.eu\/lv\/wp-json\/wp\/v2\/product_cat?post=7994"},{"taxonomy":"product_tag","embeddable":true,"href":"https:\/\/modernranger.eu\/lv\/wp-json\/wp\/v2\/product_tag?post=7994"},{"taxonomy":"giftcard-category","embeddable":true,"href":"https:\/\/modernranger.eu\/lv\/wp-json\/wp\/v2\/giftcard-category?post=7994"}],"curies":[{"name":"wp","href":"https:\/\/api.w.org\/{rel}","templated":true}]}}